{"id":12,"date":"2026-04-29T06:40:36","date_gmt":"2026-04-29T06:40:36","guid":{"rendered":"http:\/\/www.solene-maroquinerie.fr\/?page_id=12"},"modified":"2026-04-29T06:41:38","modified_gmt":"2026-04-29T06:41:38","slug":"accueil","status":"publish","type":"page","link":"https:\/\/www.solene-maroquinerie.fr\/","title":{"rendered":"Accueil"},"content":{"rendered":"\t\t<div data-elementor-type=\"wp-page\" data-elementor-id=\"12\" class=\"elementor elementor-12\">\n\t\t\t\t<div class=\"elementor-element elementor-element-ca639e4 e-flex e-con-boxed e-con e-parent\" data-id=\"ca639e4\" data-element_type=\"container\" data-e-type=\"container\">\n\t\t\t\t\t<div class=\"e-con-inner\">\n\t\t<div class=\"elementor-element elementor-element-78d3e81 e-con-full e-flex e-con e-child\" data-id=\"78d3e81\" data-element_type=\"container\" data-e-type=\"container\" data-settings=\"{&quot;background_background&quot;:&quot;classic&quot;}\">\n\t\t\t\t<div class=\"elementor-element elementor-element-8e66afa elementor-widget elementor-widget-heading\" data-id=\"8e66afa\" data-element_type=\"widget\" data-e-type=\"widget\" data-widget_type=\"heading.default\">\n\t\t\t\t\t<h2 class=\"elementor-heading-title elementor-size-default\">Sol\u00e8ne Maroquinerie<\/h2>\t\t\t\t<\/div>\n\t\t\t\t<div class=\"elementor-element elementor-element-2220c60 elementor-widget elementor-widget-heading\" data-id=\"2220c60\" data-element_type=\"widget\" data-e-type=\"widget\" data-widget_type=\"heading.default\">\n\t\t\t\t\t<h3 class=\"elementor-heading-title elementor-size-default\">Sacs - Bagages - Accessoires<\/h3>\t\t\t\t<\/div>\n\t\t\t\t<div class=\"elementor-element elementor-element-c53f34a elementor-widget elementor-widget-heading\" data-id=\"c53f34a\" data-element_type=\"widget\" data-e-type=\"widget\" data-widget_type=\"heading.default\">\n\t\t\t\t\t<h4 class=\"elementor-heading-title elementor-size-default\">Depuis 1995 \u00e0 Vineuil<\/h4>\t\t\t\t<\/div>\n\t\t<div class=\"elementor-element elementor-element-a4432c9 e-grid e-con-full e-con e-child\" data-id=\"a4432c9\" data-element_type=\"container\" data-e-type=\"container\">\n\t\t\t\t<div class=\"elementor-element elementor-element-576be56 elementor-align-right elementor-widget elementor-widget-button\" data-id=\"576be56\" data-element_type=\"widget\" data-e-type=\"widget\" data-widget_type=\"button.default\">\n\t\t\t\t\t\t\t\t\t\t<a class=\"elementor-button elementor-button-link elementor-size-sm\" href=\"https:\/\/solenemaro41.fr\/?post_type=product\">\n\t\t\t\t\t\t<span class=\"elementor-button-content-wrapper\">\n\t\t\t\t\t\t<span class=\"elementor-button-icon\">\n\t\t\t\t<svg aria-hidden=\"true\" class=\"e-font-icon-svg e-fas-shopping-cart\" viewBox=\"0 0 576 512\" xmlns=\"http:\/\/www.w3.org\/2000\/svg\"><path d=\"M528.12 301.319l47.273-208C578.806 78.301 567.391 64 551.99 64H159.208l-9.166-44.81C147.758 8.021 137.93 0 126.529 0H24C10.745 0 0 10.745 0 24v16c0 13.255 10.745 24 24 24h69.883l70.248 343.435C147.325 417.1 136 435.222 136 456c0 30.928 25.072 56 56 56s56-25.072 56-56c0-15.674-6.447-29.835-16.824-40h209.647C430.447 426.165 424 440.326 424 456c0 30.928 25.072 56 56 56s56-25.072 56-56c0-22.172-12.888-41.332-31.579-50.405l5.517-24.276c3.413-15.018-8.002-29.319-23.403-29.319H218.117l-6.545-32h293.145c11.206 0 20.92-7.754 23.403-18.681z\"><\/path><\/svg>\t\t\t<\/span>\n\t\t\t\t\t\t\t\t\t<span class=\"elementor-button-text\">Boutique<\/span>\n\t\t\t\t\t<\/span>\n\t\t\t\t\t<\/a>\n\t\t\t\t\t\t\t\t<\/div>\n\t\t\t\t<div class=\"elementor-element elementor-element-f6d613b elementor-align-right elementor-widget elementor-widget-button\" data-id=\"f6d613b\" data-element_type=\"widget\" data-e-type=\"widget\" data-widget_type=\"button.default\">\n\t\t\t\t\t\t\t\t\t\t<a class=\"elementor-button elementor-button-link elementor-size-sm\" href=\"https:\/\/www.google.fr\/maps\/place\/Sol%C3%A8ne+Maroquinerie\/@47.5735508,1.3717162,17z\/data=!3m1!4b1!4m6!3m5!1s0x47e4a8f43947abdf:0xefee4a8cdb3434b2!8m2!3d47.5735508!4d1.3742911!16s%2Fg%2F1tf80wz_?entry=ttu&#038;g_ep=EgoyMDI2MDQwMS4wIKXMDSoASAFQAw%3D%3D\" target=\"_blank\">\n\t\t\t\t\t\t<span class=\"elementor-button-content-wrapper\">\n\t\t\t\t\t\t<span class=\"elementor-button-icon\">\n\t\t\t\t<svg aria-hidden=\"true\" class=\"e-font-icon-svg e-fas-phone-alt\" viewBox=\"0 0 512 512\" xmlns=\"http:\/\/www.w3.org\/2000\/svg\"><path d=\"M497.39 361.8l-112-48a24 24 0 0 0-28 6.9l-49.6 60.6A370.66 370.66 0 0 1 130.6 204.11l60.6-49.6a23.94 23.94 0 0 0 6.9-28l-48-112A24.16 24.16 0 0 0 122.6.61l-104 24A24 24 0 0 0 0 48c0 256.5 207.9 464 464 464a24 24 0 0 0 23.4-18.6l24-104a24.29 24.29 0 0 0-14.01-27.6z\"><\/path><\/svg>\t\t\t<\/span>\n\t\t\t\t\t\t\t\t\t<span class=\"elementor-button-text\">Contact<\/span>\n\t\t\t\t\t<\/span>\n\t\t\t\t\t<\/a>\n\t\t\t\t\t\t\t\t<\/div>\n\t\t\t\t<div class=\"elementor-element elementor-element-588e735 elementor-align-right elementor-widget elementor-widget-button\" data-id=\"588e735\" data-element_type=\"widget\" data-e-type=\"widget\" data-widget_type=\"button.default\">\n\t\t\t\t\t\t\t\t\t\t<a class=\"elementor-button elementor-button-link elementor-size-sm\" href=\"https:\/\/solenemaro41.fr\/?page_id=7\">\n\t\t\t\t\t\t<span class=\"elementor-button-content-wrapper\">\n\t\t\t\t\t\t<span class=\"elementor-button-icon\">\n\t\t\t\t<svg aria-hidden=\"true\" class=\"e-font-icon-svg e-fas-shopping-bag\" viewBox=\"0 0 448 512\" xmlns=\"http:\/\/www.w3.org\/2000\/svg\"><path d=\"M352 160v-32C352 57.42 294.579 0 224 0 153.42 0 96 57.42 96 128v32H0v272c0 44.183 35.817 80 80 80h288c44.183 0 80-35.817 80-80V160h-96zm-192-32c0-35.29 28.71-64 64-64s64 28.71 64 64v32H160v-32zm160 120c-13.255 0-24-10.745-24-24s10.745-24 24-24 24 10.745 24 24-10.745 24-24 24zm-192 0c-13.255 0-24-10.745-24-24s10.745-24 24-24 24 10.745 24 24-10.745 24-24 24z\"><\/path><\/svg>\t\t\t<\/span>\n\t\t\t\t\t\t\t\t\t<span class=\"elementor-button-text\">Panier<\/span>\n\t\t\t\t\t<\/span>\n\t\t\t\t\t<\/a>\n\t\t\t\t\t\t\t\t<\/div>\n\t\t\t\t<\/div>\n\t\t\t\t<\/div>\n\t\t\t\t\t<\/div>\n\t\t\t\t<\/div>\n\t\t<div class=\"elementor-element elementor-element-997fd2e e-flex e-con-boxed e-con e-parent\" data-id=\"997fd2e\" data-element_type=\"container\" data-e-type=\"container\">\n\t\t\t\t\t<div class=\"e-con-inner\">\n\t\t<div class=\"elementor-element elementor-element-11a700e e-con-full e-flex e-con e-child\" data-id=\"11a700e\" data-element_type=\"container\" data-e-type=\"container\" data-settings=\"{&quot;background_background&quot;:&quot;classic&quot;}\">\n\t\t\t\t<div class=\"elementor-element elementor-element-e0a0cbf elementor-widget elementor-widget-image\" data-id=\"e0a0cbf\" data-element_type=\"widget\" data-e-type=\"widget\" data-widget_type=\"image.default\">\n\t\t\t\t\t\t\t\t\t\t\t\t\t\t\t\t<a href=\"https:\/\/solenemaro41.fr\/?s=sac+a+main&#038;post_type=product\">\n\t\t\t\t\t\t\t<img fetchpriority=\"high\" decoding=\"async\" width=\"800\" height=\"800\" src=\"https:\/\/www.solene-maroquinerie.fr\/wp-content\/uploads\/2026\/04\/32_fc6bfb2e-6fc8-45a8-8155-341d39655b6c-3693537654-1024x1024.png\" class=\"attachment-large size-large wp-image-15\" alt=\"\" srcset=\"https:\/\/www.solene-maroquinerie.fr\/wp-content\/uploads\/2026\/04\/32_fc6bfb2e-6fc8-45a8-8155-341d39655b6c-3693537654-1024x1024.png 1024w, https:\/\/www.solene-maroquinerie.fr\/wp-content\/uploads\/2026\/04\/32_fc6bfb2e-6fc8-45a8-8155-341d39655b6c-3693537654-300x300.png 300w, https:\/\/www.solene-maroquinerie.fr\/wp-content\/uploads\/2026\/04\/32_fc6bfb2e-6fc8-45a8-8155-341d39655b6c-3693537654-150x150.png 150w, https:\/\/www.solene-maroquinerie.fr\/wp-content\/uploads\/2026\/04\/32_fc6bfb2e-6fc8-45a8-8155-341d39655b6c-3693537654-768x768.png 768w, https:\/\/www.solene-maroquinerie.fr\/wp-content\/uploads\/2026\/04\/32_fc6bfb2e-6fc8-45a8-8155-341d39655b6c-3693537654-1536x1536.png 1536w, https:\/\/www.solene-maroquinerie.fr\/wp-content\/uploads\/2026\/04\/32_fc6bfb2e-6fc8-45a8-8155-341d39655b6c-3693537654.png 2048w\" sizes=\"(max-width: 800px) 100vw, 800px\" \/>\t\t\t\t\t\t\t\t<\/a>\n\t\t\t\t\t\t\t\t\t\t\t\t\t\t\t<\/div>\n\t\t\t\t<div class=\"elementor-element elementor-element-5d18334 elementor-widget elementor-widget-heading\" data-id=\"5d18334\" data-element_type=\"widget\" data-e-type=\"widget\" data-widget_type=\"heading.default\">\n\t\t\t\t\t<h2 class=\"elementor-heading-title elementor-size-default\">Sac \u00e0 main<\/h2>\t\t\t\t<\/div>\n\t\t\t\t<\/div>\n\t\t<div class=\"elementor-element elementor-element-791aa0f e-con-full e-flex e-con e-child\" data-id=\"791aa0f\" data-element_type=\"container\" data-e-type=\"container\" data-settings=\"{&quot;background_background&quot;:&quot;classic&quot;}\">\n\t\t\t\t<div class=\"elementor-element elementor-element-68b8cc5 elementor-widget elementor-widget-image\" data-id=\"68b8cc5\" data-element_type=\"widget\" data-e-type=\"widget\" data-widget_type=\"image.default\">\n\t\t\t\t\t\t\t\t\t\t\t\t\t\t\t\t<a href=\"https:\/\/solenemaro41.fr\/?s=voyage&#038;post_type=product\">\n\t\t\t\t\t\t\t<img decoding=\"async\" width=\"800\" height=\"767\" src=\"https:\/\/www.solene-maroquinerie.fr\/wp-content\/uploads\/2026\/04\/71va5dW4QCL._AC_SL1500_-2567348077-1024x982.jpg\" class=\"attachment-large size-large wp-image-16\" alt=\"\" srcset=\"https:\/\/www.solene-maroquinerie.fr\/wp-content\/uploads\/2026\/04\/71va5dW4QCL._AC_SL1500_-2567348077-1024x982.jpg 1024w, https:\/\/www.solene-maroquinerie.fr\/wp-content\/uploads\/2026\/04\/71va5dW4QCL._AC_SL1500_-2567348077-300x288.jpg 300w, https:\/\/www.solene-maroquinerie.fr\/wp-content\/uploads\/2026\/04\/71va5dW4QCL._AC_SL1500_-2567348077-768x736.jpg 768w, https:\/\/www.solene-maroquinerie.fr\/wp-content\/uploads\/2026\/04\/71va5dW4QCL._AC_SL1500_-2567348077.jpg 1423w\" sizes=\"(max-width: 800px) 100vw, 800px\" \/>\t\t\t\t\t\t\t\t<\/a>\n\t\t\t\t\t\t\t\t\t\t\t\t\t\t\t<\/div>\n\t\t\t\t<div class=\"elementor-element elementor-element-66eab64 elementor-widget elementor-widget-heading\" data-id=\"66eab64\" data-element_type=\"widget\" data-e-type=\"widget\" data-widget_type=\"heading.default\">\n\t\t\t\t\t<h2 class=\"elementor-heading-title elementor-size-default\">Bagages<\/h2>\t\t\t\t<\/div>\n\t\t\t\t<\/div>\n\t\t<div class=\"elementor-element elementor-element-a6e03d8 e-con-full e-flex e-con e-child\" data-id=\"a6e03d8\" data-element_type=\"container\" data-e-type=\"container\" data-settings=\"{&quot;background_background&quot;:&quot;classic&quot;}\">\n\t\t\t\t<div class=\"elementor-element elementor-element-6a533cf elementor-widget elementor-widget-image\" data-id=\"6a533cf\" data-element_type=\"widget\" data-e-type=\"widget\" data-widget_type=\"image.default\">\n\t\t\t\t\t\t\t\t\t\t\t\t\t\t\t\t<a href=\"https:\/\/solenemaro41.fr\/?s=portefeuille&#038;post_type=product\">\n\t\t\t\t\t\t\t<img decoding=\"async\" width=\"800\" height=\"886\" src=\"https:\/\/www.solene-maroquinerie.fr\/wp-content\/uploads\/2026\/04\/Portefeuille-et-monnaie-cuir-femme-Katana-953124-Marron-Interieur-2-2614220452-925x1024.jpg\" class=\"attachment-large size-large wp-image-17\" alt=\"\" srcset=\"https:\/\/www.solene-maroquinerie.fr\/wp-content\/uploads\/2026\/04\/Portefeuille-et-monnaie-cuir-femme-Katana-953124-Marron-Interieur-2-2614220452-925x1024.jpg 925w, https:\/\/www.solene-maroquinerie.fr\/wp-content\/uploads\/2026\/04\/Portefeuille-et-monnaie-cuir-femme-Katana-953124-Marron-Interieur-2-2614220452-271x300.jpg 271w, https:\/\/www.solene-maroquinerie.fr\/wp-content\/uploads\/2026\/04\/Portefeuille-et-monnaie-cuir-femme-Katana-953124-Marron-Interieur-2-2614220452-768x850.jpg 768w, https:\/\/www.solene-maroquinerie.fr\/wp-content\/uploads\/2026\/04\/Portefeuille-et-monnaie-cuir-femme-Katana-953124-Marron-Interieur-2-2614220452.jpg 1200w\" sizes=\"(max-width: 800px) 100vw, 800px\" \/>\t\t\t\t\t\t\t\t<\/a>\n\t\t\t\t\t\t\t\t\t\t\t\t\t\t\t<\/div>\n\t\t\t\t<div class=\"elementor-element elementor-element-fc9427c elementor-widget elementor-widget-heading\" data-id=\"fc9427c\" data-element_type=\"widget\" data-e-type=\"widget\" data-widget_type=\"heading.default\">\n\t\t\t\t\t<h2 class=\"elementor-heading-title elementor-size-default\">Petite maroquinerie<\/h2>\t\t\t\t<\/div>\n\t\t\t\t<\/div>\n\t\t<div class=\"elementor-element elementor-element-1d4fa4e e-con-full e-flex e-con e-child\" data-id=\"1d4fa4e\" data-element_type=\"container\" data-e-type=\"container\" data-settings=\"{&quot;background_background&quot;:&quot;classic&quot;}\">\n\t\t\t\t<div class=\"elementor-element elementor-element-fd9ea4e elementor-widget elementor-widget-image\" data-id=\"fd9ea4e\" data-element_type=\"widget\" data-e-type=\"widget\" data-widget_type=\"image.default\">\n\t\t\t\t\t\t\t\t\t\t\t\t\t\t\t\t<a href=\"https:\/\/solenemaro41.fr\/?product_cat=carte-cadeau\">\n\t\t\t\t\t\t\t<img loading=\"lazy\" decoding=\"async\" width=\"800\" height=\"471\" src=\"https:\/\/www.solene-maroquinerie.fr\/wp-content\/uploads\/2026\/04\/cadeaux-personnalises_toutpourlesfemmes-2543386655.jpg\" class=\"attachment-large size-large wp-image-18\" alt=\"\" srcset=\"https:\/\/www.solene-maroquinerie.fr\/wp-content\/uploads\/2026\/04\/cadeaux-personnalises_toutpourlesfemmes-2543386655.jpg 850w, https:\/\/www.solene-maroquinerie.fr\/wp-content\/uploads\/2026\/04\/cadeaux-personnalises_toutpourlesfemmes-2543386655-300x176.jpg 300w, https:\/\/www.solene-maroquinerie.fr\/wp-content\/uploads\/2026\/04\/cadeaux-personnalises_toutpourlesfemmes-2543386655-768x452.jpg 768w\" sizes=\"(max-width: 800px) 100vw, 800px\" \/>\t\t\t\t\t\t\t\t<\/a>\n\t\t\t\t\t\t\t\t\t\t\t\t\t\t\t<\/div>\n\t\t\t\t<div class=\"elementor-element elementor-element-66707db elementor-widget elementor-widget-heading\" data-id=\"66707db\" data-element_type=\"widget\" data-e-type=\"widget\" data-widget_type=\"heading.default\">\n\t\t\t\t\t<h2 class=\"elementor-heading-title elementor-size-default\">Id\u00e9es cadeaux<\/h2>\t\t\t\t<\/div>\n\t\t\t\t<\/div>\n\t\t\t\t\t<\/div>\n\t\t\t\t<\/div>\n\t\t<div class=\"elementor-element elementor-element-57111bb e-flex e-con-boxed e-con e-parent\" data-id=\"57111bb\" data-element_type=\"container\" data-e-type=\"container\">\n\t\t\t\t\t<div class=\"e-con-inner\">\n\t\t\t\t<div class=\"elementor-element elementor-element-c63f6f0 elementor-widget-divider--view-line elementor-widget elementor-widget-divider\" data-id=\"c63f6f0\" data-element_type=\"widget\" data-e-type=\"widget\" data-widget_type=\"divider.default\">\n\t\t\t\t\t\t\t<div class=\"elementor-divider\">\n\t\t\t<span class=\"elementor-divider-separator\">\n\t\t\t\t\t\t<\/span>\n\t\t<\/div>\n\t\t\t\t\t\t<\/div>\n\t\t\t\t\t<\/div>\n\t\t\t\t<\/div>\n\t\t<div class=\"elementor-element elementor-element-d3881df e-flex e-con-boxed e-con e-parent\" data-id=\"d3881df\" data-element_type=\"container\" data-e-type=\"container\">\n\t\t\t\t\t<div class=\"e-con-inner\">\n\t\t\t\t<div class=\"elementor-element elementor-element-cc03dcb elementor-widget elementor-widget-heading\" data-id=\"cc03dcb\" data-element_type=\"widget\" data-e-type=\"widget\" data-widget_type=\"heading.default\">\n\t\t\t\t\t<h2 class=\"elementor-heading-title elementor-size-default\">Nos marques<\/h2>\t\t\t\t<\/div>\n\t\t\t\t\t<\/div>\n\t\t\t\t<\/div>\n\t\t<div class=\"elementor-element elementor-element-d7a4fa8 e-flex e-con-boxed e-con e-parent\" data-id=\"d7a4fa8\" data-element_type=\"container\" data-e-type=\"container\">\n\t\t\t\t\t<div class=\"e-con-inner\">\n\t\t<div class=\"elementor-element elementor-element-7cfe62f e-con-full e-flex e-con e-child\" data-id=\"7cfe62f\" data-element_type=\"container\" data-e-type=\"container\" data-settings=\"{&quot;background_background&quot;:&quot;classic&quot;}\">\n\t\t\t\t<div class=\"elementor-element elementor-element-659f370 elementor-widget elementor-widget-heading\" data-id=\"659f370\" data-element_type=\"widget\" data-e-type=\"widget\" data-widget_type=\"heading.default\">\n\t\t\t\t\t<h2 class=\"elementor-heading-title elementor-size-default\">Votre maroquinerie \u00e0 Vineuil<\/h2>\t\t\t\t<\/div>\n\t\t\t\t<div class=\"elementor-element elementor-element-6cdde90 elementor-widget elementor-widget-text-editor\" data-id=\"6cdde90\" data-element_type=\"widget\" data-e-type=\"widget\" data-widget_type=\"text-editor.default\">\n\t\t\t\t\t\t\t\t\t<p data-start=\"96\" data-end=\"189\">Depuis 1995, Sol\u00e8ne Maroquinerie vous accueille dans la galerie marchande d\u2019Auchan Vineuil.<\/p><p data-start=\"191\" data-end=\"293\">D\u00e9couvrez notre s\u00e9lection de sacs, bagages et accessoires avec l\u2019aide de nos conseillers en magasin.<\/p><p data-start=\"295\" data-end=\"327\">Du lundi au samedi de 9h \u00e0 20h<\/p><p data-start=\"329\" data-end=\"353\">Conseils personnalis\u00e9s<\/p>\t\t\t\t\t\t\t\t<\/div>\n\t\t\t\t<div class=\"elementor-element elementor-element-8809bae elementor-align-center elementor-widget elementor-widget-button\" data-id=\"8809bae\" data-element_type=\"widget\" data-e-type=\"widget\" data-widget_type=\"button.default\">\n\t\t\t\t\t\t\t\t\t\t<a class=\"elementor-button elementor-button-link elementor-size-sm\" href=\"https:\/\/www.google.fr\/maps\/place\/Sol%C3%A8ne+Maroquinerie\/@47.5735508,1.3717162,17z\/data=!3m1!4b1!4m6!3m5!1s0x47e4a8f43947abdf:0xefee4a8cdb3434b2!8m2!3d47.5735508!4d1.3742911!16s%2Fg%2F1tf80wz_?entry=ttu&#038;g_ep=EgoyMDI2MDQwMS4wIKXMDSoASAFQAw%3D%3D\" target=\"_blank\">\n\t\t\t\t\t\t<span class=\"elementor-button-content-wrapper\">\n\t\t\t\t\t\t<span class=\"elementor-button-icon\">\n\t\t\t\t<svg aria-hidden=\"true\" class=\"e-font-icon-svg e-fas-map-marker-alt\" viewBox=\"0 0 384 512\" xmlns=\"http:\/\/www.w3.org\/2000\/svg\"><path d=\"M172.268 501.67C26.97 291.031 0 269.413 0 192 0 85.961 85.961 0 192 0s192 85.961 192 192c0 77.413-26.97 99.031-172.268 309.67-9.535 13.774-29.93 13.773-39.464 0zM192 272c44.183 0 80-35.817 80-80s-35.817-80-80-80-80 35.817-80 80 35.817 80 80 80z\"><\/path><\/svg>\t\t\t<\/span>\n\t\t\t\t\t\t\t\t\t<span class=\"elementor-button-text\">Nous trouver<\/span>\n\t\t\t\t\t<\/span>\n\t\t\t\t\t<\/a>\n\t\t\t\t\t\t\t\t<\/div>\n\t\t\t\t<\/div>\n\t\t<div class=\"elementor-element elementor-element-97d6835 e-con-full e-flex e-con e-child\" data-id=\"97d6835\" data-element_type=\"container\" data-e-type=\"container\" data-settings=\"{&quot;background_background&quot;:&quot;classic&quot;}\">\n\t\t\t\t<div class=\"elementor-element elementor-element-9f49d2f elementor-widget elementor-widget-image\" data-id=\"9f49d2f\" data-element_type=\"widget\" data-e-type=\"widget\" data-widget_type=\"image.default\">\n\t\t\t\t\t\t\t\t\t\t\t\t\t\t\t<img loading=\"lazy\" decoding=\"async\" width=\"700\" height=\"525\" src=\"https:\/\/www.solene-maroquinerie.fr\/wp-content\/uploads\/2026\/04\/solene_maroquinerie_2019_www.solene-maroquinerie.fr_.jpg\" class=\"attachment-large size-large wp-image-14\" alt=\"\" srcset=\"https:\/\/www.solene-maroquinerie.fr\/wp-content\/uploads\/2026\/04\/solene_maroquinerie_2019_www.solene-maroquinerie.fr_.jpg 700w, https:\/\/www.solene-maroquinerie.fr\/wp-content\/uploads\/2026\/04\/solene_maroquinerie_2019_www.solene-maroquinerie.fr_-300x225.jpg 300w\" sizes=\"(max-width: 700px) 100vw, 700px\" \/>\t\t\t\t\t\t\t\t\t\t\t\t\t\t\t<\/div>\n\t\t\t\t<\/div>\n\t\t\t\t\t<\/div>\n\t\t\t\t<\/div>\n\t\t\t\t<\/div>\n\t\t","protected":false},"excerpt":{"rendered":"<p>Sol\u00e8ne Maroquinerie Sacs &#8211; Bagages &#8211; Accessoires Depuis 1995 \u00e0 Vineuil Boutique Contact Panier Sac \u00e0 main Bagages Petite maroquinerie Id\u00e9es cadeaux Nos marques Votre maroquinerie \u00e0 Vineuil Depuis 1995, Sol\u00e8ne Maroquinerie vous accueille dans la galerie marchande d\u2019Auchan Vineuil. D\u00e9couvrez notre s\u00e9lection de sacs, bagages et accessoires avec l\u2019aide de nos conseillers en magasin. [&hellip;]<\/p>\n","protected":false},"author":1,"featured_media":0,"parent":0,"menu_order":0,"comment_status":"closed","ping_status":"closed","template":"","meta":{"footnotes":""},"class_list":["post-12","page","type-page","status-publish","hentry"],"_links":{"self":[{"href":"https:\/\/www.solene-maroquinerie.fr\/index.php\/wp-json\/wp\/v2\/pages\/12","targetHints":{"allow":["GET"]}}],"collection":[{"href":"https:\/\/www.solene-maroquinerie.fr\/index.php\/wp-json\/wp\/v2\/pages"}],"about":[{"href":"https:\/\/www.solene-maroquinerie.fr\/index.php\/wp-json\/wp\/v2\/types\/page"}],"author":[{"embeddable":true,"href":"https:\/\/www.solene-maroquinerie.fr\/index.php\/wp-json\/wp\/v2\/users\/1"}],"replies":[{"embeddable":true,"href":"https:\/\/www.solene-maroquinerie.fr\/index.php\/wp-json\/wp\/v2\/comments?post=12"}],"version-history":[{"count":4,"href":"https:\/\/www.solene-maroquinerie.fr\/index.php\/wp-json\/wp\/v2\/pages\/12\/revisions"}],"predecessor-version":[{"id":21,"href":"https:\/\/www.solene-maroquinerie.fr\/index.php\/wp-json\/wp\/v2\/pages\/12\/revisions\/21"}],"wp:attachment":[{"href":"https:\/\/www.solene-maroquinerie.fr\/index.php\/wp-json\/wp\/v2\/media?parent=12"}],"curies":[{"name":"wp","href":"https:\/\/api.w.org\/{rel}","templated":true}]}}