{"id":3594,"date":"2026-05-13T12:49:02","date_gmt":"2026-05-13T12:49:02","guid":{"rendered":"https:\/\/www.solene-maroquinerie.fr\/?page_id=3594"},"modified":"2026-05-13T12:51:34","modified_gmt":"2026-05-13T12:51:34","slug":"promotions","status":"publish","type":"page","link":"https:\/\/www.solene-maroquinerie.fr\/index.php\/promotions\/","title":{"rendered":"Promotions"},"content":{"rendered":"\t\t<div data-elementor-type=\"wp-page\" data-elementor-id=\"3594\" class=\"elementor elementor-3594\">\n\t\t\t\t<div class=\"elementor-element elementor-element-7cea1bd e-flex e-con-boxed e-con e-parent\" data-id=\"7cea1bd\" data-element_type=\"container\" data-e-type=\"container\">\n\t\t\t\t\t<div class=\"e-con-inner\">\n\t\t<div class=\"elementor-element elementor-element-90e6db2 e-con-full e-flex e-con e-child\" data-id=\"90e6db2\" data-element_type=\"container\" data-e-type=\"container\">\n\t\t\t\t<div class=\"elementor-element elementor-element-3ff5e61 elementor-widget elementor-widget-shortcode\" data-id=\"3ff5e61\" data-element_type=\"widget\" data-e-type=\"widget\" data-widget_type=\"shortcode.default\">\n\t\t\t\t\t\t\t<div class=\"elementor-shortcode\"><aside class=\"shop-sidebar\"><button class=\"shop-sidebar-toggle\" type=\"button\" aria-expanded=\"false\">\u2630 Marques & cat\u00e9gories<\/button><div class=\"shop-sidebar-inner\"><ul class=\"shop-brands\"><li class=\"shop-promo\"><a href=\"\/index.php\/promotions\/\">Promotions<\/a><\/li><li class=\"shop-brand-item has-children\"><div class=\"shop-brand-header\"><button class=\"shop-brand-link shop-brand-toggle\" type=\"button\" aria-expanded=\"false\">ANEKKE<span class=\"shop-brand-toggle-icon\">\u203a<\/span><\/button><\/div><ul class=\"shop-brand-children\"><li class=\"shop-brand-all\"><a href=\"https:\/\/www.solene-maroquinerie.fr\/index.php\/marque\/anekke\/\">Voir tous les produits<\/a><\/li><li><a href=\"https:\/\/www.solene-maroquinerie.fr\/index.php\/marque\/anekke\/?filter_product_cat=sac-a-main-anekke\">SAC A MAIN<\/a><\/li><li><a href=\"https:\/\/www.solene-maroquinerie.fr\/index.php\/marque\/anekke\/?filter_product_cat=sac-a-main-2\">SAC \u00e0 MAIN<\/a><\/li><\/ul><\/li><li class=\"shop-brand-item has-children\"><div class=\"shop-brand-header\"><button class=\"shop-brand-link shop-brand-toggle\" type=\"button\" aria-expanded=\"false\">ARMANI EXCHANGE<span class=\"shop-brand-toggle-icon\">\u203a<\/span><\/button><\/div><ul class=\"shop-brand-children\"><li class=\"shop-brand-all\"><a href=\"https:\/\/www.solene-maroquinerie.fr\/index.php\/marque\/armani-exchange\/\">Voir tous les produits<\/a><\/li><li><a href=\"https:\/\/www.solene-maroquinerie.fr\/index.php\/marque\/armani-exchange\/?filter_product_cat=sac-femme\">SAC FEMME<\/a><\/li><li><a href=\"https:\/\/www.solene-maroquinerie.fr\/index.php\/marque\/armani-exchange\/?filter_product_cat=sac-a-main-2\">SAC \u00e0 MAIN<\/a><\/li><\/ul><\/li><li class=\"shop-brand-item has-children\"><div class=\"shop-brand-header\"><button class=\"shop-brand-link shop-brand-toggle\" type=\"button\" aria-expanded=\"false\">CABAIA<span class=\"shop-brand-toggle-icon\">\u203a<\/span><\/button><\/div><ul class=\"shop-brand-children\"><li class=\"shop-brand-all\"><a href=\"https:\/\/www.solene-maroquinerie.fr\/index.php\/marque\/cabaia\/\">Voir tous les produits<\/a><\/li><li><a href=\"https:\/\/www.solene-maroquinerie.fr\/index.php\/marque\/cabaia\/?filter_product_cat=bagages\">BAGAGES<\/a><\/li><li><a href=\"https:\/\/www.solene-maroquinerie.fr\/index.php\/marque\/cabaia\/?filter_product_cat=banane\">BANANE<\/a><\/li><li><a href=\"https:\/\/www.solene-maroquinerie.fr\/index.php\/marque\/cabaia\/?filter_product_cat=banane-cabaia\">BANANE CABAIA<\/a><\/li><li><a href=\"https:\/\/www.solene-maroquinerie.fr\/index.php\/marque\/cabaia\/?filter_product_cat=crossbody\">CROSSBODY<\/a><\/li><li><a href=\"https:\/\/www.solene-maroquinerie.fr\/index.php\/marque\/cabaia\/?filter_product_cat=crossbody-adventurer\">CROSSBODY ADVENTURER<\/a><\/li><li><a href=\"https:\/\/www.solene-maroquinerie.fr\/index.php\/marque\/cabaia\/?filter_product_cat=divers\">DIVERS<\/a><\/li><li><a href=\"https:\/\/www.solene-maroquinerie.fr\/index.php\/marque\/cabaia\/?filter_product_cat=lunchbag-cabaia\">LUNCHBAG CABAIA<\/a><\/li><li><a href=\"https:\/\/www.solene-maroquinerie.fr\/index.php\/marque\/cabaia\/?filter_product_cat=nanobag-cabaia\">NANOBAG CABAIA<\/a><\/li><li><a href=\"https:\/\/www.solene-maroquinerie.fr\/index.php\/marque\/cabaia\/?filter_product_cat=petite-maroquinerie\">PETITE MAROQUINERIE<\/a><\/li><li><a href=\"https:\/\/www.solene-maroquinerie.fr\/index.php\/marque\/cabaia\/?filter_product_cat=phonebag-cabaia\">PHONEBAG CABAIA<\/a><\/li><li><a href=\"https:\/\/www.solene-maroquinerie.fr\/index.php\/marque\/cabaia\/?filter_product_cat=pico-cabaia\">PICO CABAIA<\/a><\/li><li><a href=\"https:\/\/www.solene-maroquinerie.fr\/index.php\/marque\/cabaia\/?filter_product_cat=sac-a-dos-cabaia-large\">SAC A DOS CABAIA LARGE<\/a><\/li><li><a href=\"https:\/\/www.solene-maroquinerie.fr\/index.php\/marque\/cabaia\/?filter_product_cat=sac-a-dos-cabaia-medium\">SAC A DOS CABAIA MEDIUM<\/a><\/li><li><a href=\"https:\/\/www.solene-maroquinerie.fr\/index.php\/marque\/cabaia\/?filter_product_cat=sac-a-dos-cabaia-small\">SAC A DOS CABAIA SMALL<\/a><\/li><li><a href=\"https:\/\/www.solene-maroquinerie.fr\/index.php\/marque\/cabaia\/?filter_product_cat=sac-a-dos-cabaia-xs\">SAC A DOS CABAIA XS<\/a><\/li><li><a href=\"https:\/\/www.solene-maroquinerie.fr\/index.php\/marque\/cabaia\/?filter_product_cat=sac-de-voyage-cabaia\">SAC DE VOYAGE CABAIA<\/a><\/li><li><a href=\"https:\/\/www.solene-maroquinerie.fr\/index.php\/marque\/cabaia\/?filter_product_cat=sac-ordinateur-cabaia\">SAC ORDINATEUR CABAIA<\/a><\/li><li><a href=\"https:\/\/www.solene-maroquinerie.fr\/index.php\/marque\/cabaia\/?filter_product_cat=sac-a-dos\">SAC \u00e0 DOS<\/a><\/li><li><a href=\"https:\/\/www.solene-maroquinerie.fr\/index.php\/marque\/cabaia\/?filter_product_cat=totebag-cabaia\">TOTEBAG CABAIA<\/a><\/li><li><a href=\"https:\/\/www.solene-maroquinerie.fr\/index.php\/marque\/cabaia\/?filter_product_cat=valise-souple-4-roues\">VALISE SOUPLE 4 ROUES<\/a><\/li><li><a href=\"https:\/\/www.solene-maroquinerie.fr\/index.php\/marque\/cabaia\/?filter_product_cat=valise-souple-cabaia\">VALISE SOUPLE CABAIA<\/a><\/li><li><a href=\"https:\/\/www.solene-maroquinerie.fr\/index.php\/marque\/cabaia\/?filter_product_cat=vanity-cabaia\">VANITY CABAIA<\/a><\/li><li><a href=\"https:\/\/www.solene-maroquinerie.fr\/index.php\/marque\/cabaia\/?filter_product_cat=wallet-cabaia\">WALLET CABAIA<\/a><\/li><\/ul><\/li><li class=\"shop-brand-item has-children\"><div class=\"shop-brand-header\"><button class=\"shop-brand-link shop-brand-toggle\" type=\"button\" aria-expanded=\"false\">DESIGUAL<span class=\"shop-brand-toggle-icon\">\u203a<\/span><\/button><\/div><ul class=\"shop-brand-children\"><li class=\"shop-brand-all\"><a href=\"https:\/\/www.solene-maroquinerie.fr\/index.php\/marque\/desigual\/\">Voir tous les produits<\/a><\/li><li><a href=\"https:\/\/www.solene-maroquinerie.fr\/index.php\/marque\/desigual\/?filter_product_cat=chaussures\">CHAUSSURES<\/a><\/li><li><a href=\"https:\/\/www.solene-maroquinerie.fr\/index.php\/marque\/desigual\/?filter_product_cat=divers\">DIVERS<\/a><\/li><\/ul><\/li><li class=\"shop-brand-item has-children\"><div class=\"shop-brand-header\"><button class=\"shop-brand-link shop-brand-toggle\" type=\"button\" aria-expanded=\"false\">Divers<span class=\"shop-brand-toggle-icon\">\u203a<\/span><\/button><\/div><ul class=\"shop-brand-children\"><li class=\"shop-brand-all\"><a href=\"https:\/\/www.solene-maroquinerie.fr\/index.php\/marque\/divers\/\">Voir tous les produits<\/a><\/li><li><a href=\"https:\/\/www.solene-maroquinerie.fr\/index.php\/marque\/divers\/?filter_product_cat=carte-cadeau\">CARTE CADEAU<\/a><\/li><li><a href=\"https:\/\/www.solene-maroquinerie.fr\/index.php\/marque\/divers\/?filter_product_cat=divers\">DIVERS<\/a><\/li><\/ul><\/li><li class=\"shop-brand-item has-children\"><div class=\"shop-brand-header\"><button class=\"shop-brand-link shop-brand-toggle\" type=\"button\" aria-expanded=\"false\">EASTPAK<span class=\"shop-brand-toggle-icon\">\u203a<\/span><\/button><\/div><ul class=\"shop-brand-children\"><li class=\"shop-brand-all\"><a href=\"https:\/\/www.solene-maroquinerie.fr\/index.php\/marque\/eastpak\/\">Voir tous les produits<\/a><\/li><li><a href=\"https:\/\/www.solene-maroquinerie.fr\/index.php\/marque\/eastpak\/?filter_product_cat=divers\">DIVERS<\/a><\/li><li><a href=\"https:\/\/www.solene-maroquinerie.fr\/index.php\/marque\/eastpak\/?filter_product_cat=petite-maroquinerie\">PETITE MAROQUINERIE<\/a><\/li><li><a href=\"https:\/\/www.solene-maroquinerie.fr\/index.php\/marque\/eastpak\/?filter_product_cat=portefeuille-crew\">PORTEFEUILLE CREW<\/a><\/li><li><a href=\"https:\/\/www.solene-maroquinerie.fr\/index.php\/marque\/eastpak\/?filter_product_cat=sac-a-dos-day-office-31l\">SAC A DOS DAY OFFICE 31L<\/a><\/li><li><a href=\"https:\/\/www.solene-maroquinerie.fr\/index.php\/marque\/eastpak\/?filter_product_cat=sac-a-dos-day-pakr\">SAC A DOS DAY PAK&#039;R<\/a><\/li><li><a href=\"https:\/\/www.solene-maroquinerie.fr\/index.php\/marque\/eastpak\/?filter_product_cat=sac-a-dos-morius\">SAC A DOS MORIUS<\/a><\/li><li><a href=\"https:\/\/www.solene-maroquinerie.fr\/index.php\/marque\/eastpak\/?filter_product_cat=sac-a-dos-office-zipplr\">SAC A DOS OFFICE ZIPPL&#039;R<\/a><\/li><li><a href=\"https:\/\/www.solene-maroquinerie.fr\/index.php\/marque\/eastpak\/?filter_product_cat=sac-a-dos-out-of-office\">SAC A DOS OUT OF OFFICE<\/a><\/li><li><a href=\"https:\/\/www.solene-maroquinerie.fr\/index.php\/marque\/eastpak\/?filter_product_cat=sac-a-dos-padded\">SAC A DOS PADDED<\/a><\/li><li><a href=\"https:\/\/www.solene-maroquinerie.fr\/index.php\/marque\/eastpak\/?filter_product_cat=sac-a-dos-pinnacle\">SAC A DOS PINNACLE<\/a><\/li><li><a href=\"https:\/\/www.solene-maroquinerie.fr\/index.php\/marque\/eastpak\/?filter_product_cat=sac-a-dos-pinzip\">SAC A DOS PINZIP<\/a><\/li><li><a href=\"https:\/\/www.solene-maroquinerie.fr\/index.php\/marque\/eastpak\/?filter_product_cat=sac-a-dos-ultimate-fond-cuir\">SAC A DOS ULTIMATE FOND CUIR<\/a><\/li><li><a href=\"https:\/\/www.solene-maroquinerie.fr\/index.php\/marque\/eastpak\/?filter_product_cat=sac-a-dos\">SAC \u00e0 DOS<\/a><\/li><li><a href=\"https:\/\/www.solene-maroquinerie.fr\/index.php\/marque\/eastpak\/?filter_product_cat=trousse-benchmark\">TROUSSE BENCHMARK<\/a><\/li><\/ul><\/li><li class=\"shop-brand-item has-children\"><div class=\"shop-brand-header\"><button class=\"shop-brand-link shop-brand-toggle\" type=\"button\" aria-expanded=\"false\">GUESS<span class=\"shop-brand-toggle-icon\">\u203a<\/span><\/button><\/div><ul class=\"shop-brand-children\"><li class=\"shop-brand-all\"><a href=\"https:\/\/www.solene-maroquinerie.fr\/index.php\/marque\/guess\/\">Voir tous les produits<\/a><\/li><li><a href=\"https:\/\/www.solene-maroquinerie.fr\/index.php\/marque\/guess\/?filter_product_cat=sac-a-main-guess\">SAC A MAIN<\/a><\/li><li><a href=\"https:\/\/www.solene-maroquinerie.fr\/index.php\/marque\/guess\/?filter_product_cat=sac-a-main-2\">SAC \u00e0 MAIN<\/a><\/li><\/ul><\/li><li class=\"shop-brand-item has-children\"><div class=\"shop-brand-header\"><button class=\"shop-brand-link shop-brand-toggle\" type=\"button\" aria-expanded=\"false\">KARL LAGERFELD<span class=\"shop-brand-toggle-icon\">\u203a<\/span><\/button><\/div><ul class=\"shop-brand-children\"><li class=\"shop-brand-all\"><a href=\"https:\/\/www.solene-maroquinerie.fr\/index.php\/marque\/karl-lagerfeld\/\">Voir tous les produits<\/a><\/li><li><a href=\"https:\/\/www.solene-maroquinerie.fr\/index.php\/marque\/karl-lagerfeld\/?filter_product_cat=divers\">DIVERS<\/a><\/li><li><a href=\"https:\/\/www.solene-maroquinerie.fr\/index.php\/marque\/karl-lagerfeld\/?filter_product_cat=karl-lagerfeld-karl-lagerfeld\">KARL LAGERFELD<\/a><\/li><\/ul><\/li><li class=\"shop-brand-item has-children\"><div class=\"shop-brand-header\"><button class=\"shop-brand-link shop-brand-toggle\" type=\"button\" aria-expanded=\"false\">KATANA<span class=\"shop-brand-toggle-icon\">\u203a<\/span><\/button><\/div><ul class=\"shop-brand-children\"><li class=\"shop-brand-all\"><a href=\"https:\/\/www.solene-maroquinerie.fr\/index.php\/marque\/katana\/\">Voir tous les produits<\/a><\/li><li><a href=\"https:\/\/www.solene-maroquinerie.fr\/index.php\/marque\/katana\/?filter_product_cat=divers\">DIVERS<\/a><\/li><li><a href=\"https:\/\/www.solene-maroquinerie.fr\/index.php\/marque\/katana\/?filter_product_cat=katana-katana\">KATANA<\/a><\/li><\/ul><\/li><li class=\"shop-brand-item has-children\"><div class=\"shop-brand-header\"><button class=\"shop-brand-link shop-brand-toggle\" type=\"button\" aria-expanded=\"false\">LACOSTE<span class=\"shop-brand-toggle-icon\">\u203a<\/span><\/button><\/div><ul class=\"shop-brand-children\"><li class=\"shop-brand-all\"><a href=\"https:\/\/www.solene-maroquinerie.fr\/index.php\/marque\/lacoste\/\">Voir tous les produits<\/a><\/li><li><a href=\"https:\/\/www.solene-maroquinerie.fr\/index.php\/marque\/lacoste\/?filter_product_cat=banane\">BANANE<\/a><\/li><li><a href=\"https:\/\/www.solene-maroquinerie.fr\/index.php\/marque\/lacoste\/?filter_product_cat=divers\">DIVERS<\/a><\/li><li><a href=\"https:\/\/www.solene-maroquinerie.fr\/index.php\/marque\/lacoste\/?filter_product_cat=femme\">FEMME<\/a><\/li><li><a href=\"https:\/\/www.solene-maroquinerie.fr\/index.php\/marque\/lacoste\/?filter_product_cat=homme\">HOMME<\/a><\/li><li><a href=\"https:\/\/www.solene-maroquinerie.fr\/index.php\/marque\/lacoste\/?filter_product_cat=petite-maroquinerie\">PETITE MAROQUINERIE<\/a><\/li><li><a href=\"https:\/\/www.solene-maroquinerie.fr\/index.php\/marque\/lacoste\/?filter_product_cat=petite-maroquinerie-lacoste\">PETITE MAROQUINERIE<\/a><\/li><li><a href=\"https:\/\/www.solene-maroquinerie.fr\/index.php\/marque\/lacoste\/?filter_product_cat=sac-a-main-2\">SAC \u00e0 MAIN<\/a><\/li><\/ul><\/li><li class=\"shop-brand-item has-children\"><div class=\"shop-brand-header\"><button class=\"shop-brand-link shop-brand-toggle\" type=\"button\" aria-expanded=\"false\">LANCASTER<span class=\"shop-brand-toggle-icon\">\u203a<\/span><\/button><\/div><ul class=\"shop-brand-children\"><li class=\"shop-brand-all\"><a href=\"https:\/\/www.solene-maroquinerie.fr\/index.php\/marque\/lancaster\/\">Voir tous les produits<\/a><\/li><li><a href=\"https:\/\/www.solene-maroquinerie.fr\/index.php\/marque\/lancaster\/?filter_product_cat=petite-maroquinerie\">PETITE MAROQUINERIE<\/a><\/li><li><a href=\"https:\/\/www.solene-maroquinerie.fr\/index.php\/marque\/lancaster\/?filter_product_cat=petite-maroquinerie-lancaster\">PETITE MAROQUINERIE<\/a><\/li><li><a href=\"https:\/\/www.solene-maroquinerie.fr\/index.php\/marque\/lancaster\/?filter_product_cat=sac-a-main\">SAC A MAIN<\/a><\/li><li><a href=\"https:\/\/www.solene-maroquinerie.fr\/index.php\/marque\/lancaster\/?filter_product_cat=sac-a-main-2\">SAC \u00e0 MAIN<\/a><\/li><\/ul><\/li><li class=\"shop-brand-item has-children\"><div class=\"shop-brand-header\"><button class=\"shop-brand-link shop-brand-toggle\" type=\"button\" aria-expanded=\"false\">LE TANNEUR<span class=\"shop-brand-toggle-icon\">\u203a<\/span><\/button><\/div><ul class=\"shop-brand-children\"><li class=\"shop-brand-all\"><a href=\"https:\/\/www.solene-maroquinerie.fr\/index.php\/marque\/le-tanneur\/\">Voir tous les produits<\/a><\/li><li><a href=\"https:\/\/www.solene-maroquinerie.fr\/index.php\/marque\/le-tanneur\/?filter_product_cat=divers\">DIVERS<\/a><\/li><li><a href=\"https:\/\/www.solene-maroquinerie.fr\/index.php\/marque\/le-tanneur\/?filter_product_cat=femme-le-tanneur\">FEMME<\/a><\/li><li><a href=\"https:\/\/www.solene-maroquinerie.fr\/index.php\/marque\/le-tanneur\/?filter_product_cat=sac-a-main-2\">SAC \u00e0 MAIN<\/a><\/li><\/ul><\/li><li class=\"shop-brand-item has-children\"><div class=\"shop-brand-header\"><button class=\"shop-brand-link shop-brand-toggle\" type=\"button\" aria-expanded=\"false\">RAINS<span class=\"shop-brand-toggle-icon\">\u203a<\/span><\/button><\/div><ul class=\"shop-brand-children\"><li class=\"shop-brand-all\"><a href=\"https:\/\/www.solene-maroquinerie.fr\/index.php\/marque\/rains\/\">Voir tous les produits<\/a><\/li><li><a href=\"https:\/\/www.solene-maroquinerie.fr\/index.php\/marque\/rains\/?filter_product_cat=backpack-mini\">BACKPACK MINI<\/a><\/li><li><a href=\"https:\/\/www.solene-maroquinerie.fr\/index.php\/marque\/rains\/?filter_product_cat=rolltop-rucksack\">ROLLTOP RUCKSACK<\/a><\/li><li><a href=\"https:\/\/www.solene-maroquinerie.fr\/index.php\/marque\/rains\/?filter_product_cat=rucksack\">RUCKSACK<\/a><\/li><li><a href=\"https:\/\/www.solene-maroquinerie.fr\/index.php\/marque\/rains\/?filter_product_cat=sac-a-dos\">SAC \u00e0 DOS<\/a><\/li><\/ul><\/li><li class=\"shop-brand-item has-children\"><div class=\"shop-brand-header\"><button class=\"shop-brand-link shop-brand-toggle\" type=\"button\" aria-expanded=\"false\">TANN&#039;S<span class=\"shop-brand-toggle-icon\">\u203a<\/span><\/button><\/div><ul class=\"shop-brand-children\"><li class=\"shop-brand-all\"><a href=\"https:\/\/www.solene-maroquinerie.fr\/index.php\/marque\/tanns\/\">Voir tous les produits<\/a><\/li><li><a href=\"https:\/\/www.solene-maroquinerie.fr\/index.php\/marque\/tanns\/?filter_product_cat=cartable-maternelle\">CARTABLE MATERNELLE<\/a><\/li><li><a href=\"https:\/\/www.solene-maroquinerie.fr\/index.php\/marque\/tanns\/?filter_product_cat=cartable-tanns-35cm\">CARTABLE TANN&#039;S 35CM<\/a><\/li><li><a href=\"https:\/\/www.solene-maroquinerie.fr\/index.php\/marque\/tanns\/?filter_product_cat=cartable-tanns-38cm\">CARTABLE TANN&#039;S 38CM<\/a><\/li><li><a href=\"https:\/\/www.solene-maroquinerie.fr\/index.php\/marque\/tanns\/?filter_product_cat=cartable-tanns-41cm\">CARTABLE TANN&#039;S 41CM<\/a><\/li><li><a href=\"https:\/\/www.solene-maroquinerie.fr\/index.php\/marque\/tanns\/?filter_product_cat=cartables\">CARTABLES<\/a><\/li><li><a href=\"https:\/\/www.solene-maroquinerie.fr\/index.php\/marque\/tanns\/?filter_product_cat=sac-a-dos-tanns\">SAC A DOS TANN&#039;S<\/a><\/li><li><a href=\"https:\/\/www.solene-maroquinerie.fr\/index.php\/marque\/tanns\/?filter_product_cat=sac-a-dos\">SAC \u00e0 DOS<\/a><\/li><\/ul><\/li><li class=\"shop-brand-item has-children\"><div class=\"shop-brand-header\"><button class=\"shop-brand-link shop-brand-toggle\" type=\"button\" aria-expanded=\"false\">VALENTINO BY MARIO VALENTINO<span class=\"shop-brand-toggle-icon\">\u203a<\/span><\/button><\/div><ul class=\"shop-brand-children\"><li class=\"shop-brand-all\"><a href=\"https:\/\/www.solene-maroquinerie.fr\/index.php\/marque\/valentino-by-mario-valentino\/\">Voir tous les produits<\/a><\/li><li><a href=\"https:\/\/www.solene-maroquinerie.fr\/index.php\/marque\/valentino-by-mario-valentino\/?filter_product_cat=divers\">DIVERS<\/a><\/li><li><a href=\"https:\/\/www.solene-maroquinerie.fr\/index.php\/marque\/valentino-by-mario-valentino\/?filter_product_cat=valentino-by-mario-valentino-valentino-by-mario-valentino\">VALENTINO BY MARIO VALENTINO<\/a><\/li><\/ul><\/li><\/ul><\/div><\/aside><\/div>\n\t\t\t\t\t\t<\/div>\n\t\t\t\t<\/div>\n\t\t<div class=\"elementor-element elementor-element-2ce4f0e e-con-full e-flex e-con e-child\" data-id=\"2ce4f0e\" data-element_type=\"container\" data-e-type=\"container\">\n\t\t\t\t<div class=\"elementor-element elementor-element-1286aef elementor-widget elementor-widget-shortcode\" data-id=\"1286aef\" data-element_type=\"widget\" data-e-type=\"widget\" data-widget_type=\"shortcode.default\">\n\t\t\t\t\t\t\t<div class=\"elementor-shortcode\"><div class=\"woocommerce columns-4 \"><ul class=\"products columns-4\">\n<li class=\"product type-product post-3387 status-publish first instock product_cat-divers product_cat-pico-cabaia has-post-thumbnail sale taxable shipping-taxable purchasable product-type-simple\">\n\t<a href=\"https:\/\/www.solene-maroquinerie.fr\/index.php\/produit\/pico-cabaia-amman\/\" class=\"woocommerce-LoopProduct-link woocommerce-loop-product__link\">\n\t<span class=\"onsale\">Promo\u00a0!<\/span>\n\t<img fetchpriority=\"high\" decoding=\"async\" width=\"300\" height=\"300\" src=\"https:\/\/www.solene-maroquinerie.fr\/wp-content\/uploads\/2026\/05\/PICO-ADVENTURER-CABAIA-AMMAN-www.solene-maroquinerie.fr_-scaled-1-300x300.png\" class=\"attachment-woocommerce_thumbnail size-woocommerce_thumbnail\" alt=\"PICO CABAIA AMMAN\" srcset=\"https:\/\/www.solene-maroquinerie.fr\/wp-content\/uploads\/2026\/05\/PICO-ADVENTURER-CABAIA-AMMAN-www.solene-maroquinerie.fr_-scaled-1-300x300.png 300w, https:\/\/www.solene-maroquinerie.fr\/wp-content\/uploads\/2026\/05\/PICO-ADVENTURER-CABAIA-AMMAN-www.solene-maroquinerie.fr_-scaled-1-100x100.png 100w, https:\/\/www.solene-maroquinerie.fr\/wp-content\/uploads\/2026\/05\/PICO-ADVENTURER-CABAIA-AMMAN-www.solene-maroquinerie.fr_-scaled-1-600x600.png 600w, https:\/\/www.solene-maroquinerie.fr\/wp-content\/uploads\/2026\/05\/PICO-ADVENTURER-CABAIA-AMMAN-www.solene-maroquinerie.fr_-scaled-1-1024x1024.png 1024w, https:\/\/www.solene-maroquinerie.fr\/wp-content\/uploads\/2026\/05\/PICO-ADVENTURER-CABAIA-AMMAN-www.solene-maroquinerie.fr_-scaled-1-150x150.png 150w, https:\/\/www.solene-maroquinerie.fr\/wp-content\/uploads\/2026\/05\/PICO-ADVENTURER-CABAIA-AMMAN-www.solene-maroquinerie.fr_-scaled-1-768x768.png 768w, https:\/\/www.solene-maroquinerie.fr\/wp-content\/uploads\/2026\/05\/PICO-ADVENTURER-CABAIA-AMMAN-www.solene-maroquinerie.fr_-scaled-1-1536x1536.png 1536w, https:\/\/www.solene-maroquinerie.fr\/wp-content\/uploads\/2026\/05\/PICO-ADVENTURER-CABAIA-AMMAN-www.solene-maroquinerie.fr_-scaled-1-2048x2048.png 2048w\" sizes=\"(max-width: 300px) 100vw, 300px\" \/><h2 class=\"woocommerce-loop-product__title\">PICO CABAIA AMMAN<\/h2>\n\t<span class=\"price\"><del aria-hidden=\"true\"><span class=\"woocommerce-Price-amount amount\"><bdi>19,00&nbsp;<span class=\"woocommerce-Price-currencySymbol\">&euro;<\/span><\/bdi><\/span><\/del> <span class=\"screen-reader-text\">Le prix initial \u00e9tait\u00a0: 19,00&nbsp;&euro;.<\/span><ins aria-hidden=\"true\"><span class=\"woocommerce-Price-amount amount\"><bdi>18,99&nbsp;<span class=\"woocommerce-Price-currencySymbol\">&euro;<\/span><\/bdi><\/span><\/ins><span class=\"screen-reader-text\">Le prix actuel est\u00a0: 18,99&nbsp;&euro;.<\/span><\/span>\n<\/a><a href=\"\/index.php\/wp-json\/wp\/v2\/pages\/3594?add-to-cart=3387\" aria-describedby=\"woocommerce_loop_add_to_cart_link_describedby_3387\" data-quantity=\"1\" class=\"button product_type_simple add_to_cart_button ajax_add_to_cart\" data-product_id=\"3387\" data-product_sku=\"360931-60934\" aria-label=\"Ajouter au panier\u00a0: &ldquo;PICO CABAIA AMMAN&rdquo;\" rel=\"nofollow\" data-success_message=\"\u00ab\u00a0PICO CABAIA AMMAN\u00a0\u00bb a \u00e9t\u00e9 ajout\u00e9 \u00e0 votre panier\">Ajouter au panier<\/a>\t<span id=\"woocommerce_loop_add_to_cart_link_describedby_3387\" class=\"screen-reader-text\">\n\t\t\t<\/span>\n<\/li>\n<\/ul>\n<\/div><\/div>\n\t\t\t\t\t\t<\/div>\n\t\t\t\t<\/div>\n\t\t\t\t\t<\/div>\n\t\t\t\t<\/div>\n\t\t\t\t<\/div>\n\t\t","protected":false},"excerpt":{"rendered":"","protected":false},"author":1,"featured_media":0,"parent":0,"menu_order":0,"comment_status":"closed","ping_status":"closed","template":"","meta":{"footnotes":""},"class_list":["post-3594","page","type-page","status-publish","hentry"],"_links":{"self":[{"href":"https:\/\/www.solene-maroquinerie.fr\/index.php\/wp-json\/wp\/v2\/pages\/3594","targetHints":{"allow":["GET"]}}],"collection":[{"href":"https:\/\/www.solene-maroquinerie.fr\/index.php\/wp-json\/wp\/v2\/pages"}],"about":[{"href":"https:\/\/www.solene-maroquinerie.fr\/index.php\/wp-json\/wp\/v2\/types\/page"}],"author":[{"embeddable":true,"href":"https:\/\/www.solene-maroquinerie.fr\/index.php\/wp-json\/wp\/v2\/users\/1"}],"replies":[{"embeddable":true,"href":"https:\/\/www.solene-maroquinerie.fr\/index.php\/wp-json\/wp\/v2\/comments?post=3594"}],"version-history":[{"count":4,"href":"https:\/\/www.solene-maroquinerie.fr\/index.php\/wp-json\/wp\/v2\/pages\/3594\/revisions"}],"predecessor-version":[{"id":3598,"href":"https:\/\/www.solene-maroquinerie.fr\/index.php\/wp-json\/wp\/v2\/pages\/3594\/revisions\/3598"}],"wp:attachment":[{"href":"https:\/\/www.solene-maroquinerie.fr\/index.php\/wp-json\/wp\/v2\/media?parent=3594"}],"curies":[{"name":"wp","href":"https:\/\/api.w.org\/{rel}","templated":true}]}}