{"id":1006,"date":"2026-04-29T10:33:55","date_gmt":"2026-04-29T10:33:55","guid":{"rendered":"https:\/\/www.solene-maroquinerie.fr\/index.php\/produit\/sac-a-bandouliere-anekke-memorie-2\/"},"modified":"2026-05-13T11:54:15","modified_gmt":"2026-05-13T11:54:15","slug":"sac-a-bandouliere-anekke-memorie-2","status":"publish","type":"product","link":"https:\/\/www.solene-maroquinerie.fr\/index.php\/produit\/sac-a-bandouliere-anekke-memorie-2\/","title":{"rendered":"SAC A BANDOULIERE ANEKKE MEMORIE"},"content":{"rendered":"<p><strong>Caract\u00e9ristiques\u00a0SAC A BANDOULIERE MOYEN ANEKKE MEMORIES<\/strong><\/p>\n<p><span>Anekke Memories est une collection construite autour des souvenirs d\u2019Anekke. C\u2019est un voyage \u00e0 travers certaines des collections les plus embl\u00e9matiques de la marque, repr\u00e9sent\u00e9es sur cet imprim\u00e9 frontal avec des clins d\u2019\u0153il \u00e0 leurs \u00e9l\u00e9ments caract\u00e9ristiques. Un phare de Mediterranean, le soleil et les \u00e9toiles de Universe, la valise de Travel ou les livres de Jane vous feront voyager dans les souvenirs d\u2019Anekke. \u00cates-vous pr\u00eate \u00e0 commencer ce voyage vers le pass\u00e9 d\u2019Anekke ? Plus vous regarderez cet imprim\u00e9, plus vous d\u00e9couvrirez de collections. Commencez ici votre voyage dans le pass\u00e9 d\u2019Anekke ! Ce sac avec fermeture porte-monnaie de taille moyenne \u00e0 grande poss\u00e8de une poche \u00e0 l\u2019arri\u00e8re. Il comporte deux anses et une bandouli\u00e8re amovible r\u00e9glable en longueur. L\u2019int\u00e9rieur est doubl\u00e9 et inclut des poches.<\/span><\/p>\n<ul>\n<li>Fermeture \u00e9clair<\/li>\n<li>1 poche arri\u00e8re zipp\u00e9e<\/li>\n<li>2 poches int\u00e9rieures dont une zipp\u00e9e<\/li>\n<\/ul>\n<p>Dimensions<\/p>\n<ul>\n<li>24 x 18 x 10 cm<\/li>\n<\/ul>\n<p>Mati\u00e8re<\/p>\n<ul>\n<li>Synth\u00e9tique 100% PU<\/li>\n<li>Doublure 100% Polyester<\/li>\n<\/ul>\n<p><strong>Informations livraisons<\/strong><\/p>\n<div>Les frais de livraisons sont offerts d\u00e8s 40\u20ac d&rsquo;achats<br \/>Livraison entre 3 et 5 jours<\/div>\n<div>Mode de paiement s\u00e9curis\u00e9s accept\u00e9s : CARTE BANCAIRE\u00a0 ou\u00a0 PAYPAL<br \/>R\u00e9ception des marchandises : A domicile ou Retrait \u00e0 notre magasin<br \/>Consulter nos<a href=\"https:\/\/www.solene-maroquinerie.fr\/conditions_generales_de_vente.html\" target=\"_self\" title=\"Nos CGV\">\u00a0conditions g\u00e9n\u00e9rales de ventes<\/a><\/div>\n<p>\u00a0<\/p>\n","protected":false},"excerpt":{"rendered":"<p>Caract\u00e9ristiques\u00a0SAC A BANDOULIERE MOYEN ANEKKE MEMORIES Anekke Memories est une collection construite autour des souvenirs d\u2019Anekke. C\u2019est un voyage \u00e0 travers certaines des collections les plus embl\u00e9matiques de la marque, repr\u00e9sent\u00e9es sur cet imprim\u00e9 frontal avec des clins d\u2019\u0153il \u00e0 leurs \u00e9l\u00e9ments caract\u00e9ristiques. Un phare de Mediterranean, le soleil et les \u00e9toiles de Universe, la [&hellip;]<\/p>\n","protected":false},"featured_media":1005,"comment_status":"open","ping_status":"closed","template":"","meta":[],"product_brand":[82],"product_cat":[28,81],"product_tag":[],"class_list":{"0":"post-1006","1":"product","2":"type-product","3":"status-publish","4":"has-post-thumbnail","6":"product_brand-anekke","7":"product_cat-sac-a-main-2","8":"product_cat-sac-a-main-anekke","10":"first","11":"instock","12":"taxable","13":"shipping-taxable","14":"purchasable","15":"product-type-simple"},"_links":{"self":[{"href":"https:\/\/www.solene-maroquinerie.fr\/index.php\/wp-json\/wp\/v2\/product\/1006","targetHints":{"allow":["GET"]}}],"collection":[{"href":"https:\/\/www.solene-maroquinerie.fr\/index.php\/wp-json\/wp\/v2\/product"}],"about":[{"href":"https:\/\/www.solene-maroquinerie.fr\/index.php\/wp-json\/wp\/v2\/types\/product"}],"replies":[{"embeddable":true,"href":"https:\/\/www.solene-maroquinerie.fr\/index.php\/wp-json\/wp\/v2\/comments?post=1006"}],"wp:featuredmedia":[{"embeddable":true,"href":"https:\/\/www.solene-maroquinerie.fr\/index.php\/wp-json\/wp\/v2\/media\/1005"}],"wp:attachment":[{"href":"https:\/\/www.solene-maroquinerie.fr\/index.php\/wp-json\/wp\/v2\/media?parent=1006"}],"wp:term":[{"taxonomy":"product_brand","embeddable":true,"href":"https:\/\/www.solene-maroquinerie.fr\/index.php\/wp-json\/wp\/v2\/product_brand?post=1006"},{"taxonomy":"product_cat","embeddable":true,"href":"https:\/\/www.solene-maroquinerie.fr\/index.php\/wp-json\/wp\/v2\/product_cat?post=1006"},{"taxonomy":"product_tag","embeddable":true,"href":"https:\/\/www.solene-maroquinerie.fr\/index.php\/wp-json\/wp\/v2\/product_tag?post=1006"}],"curies":[{"name":"wp","href":"https:\/\/api.w.org\/{rel}","templated":true}]}}