{"id":1062,"date":"2026-04-29T10:44:55","date_gmt":"2026-04-29T10:44:55","guid":{"rendered":"https:\/\/www.solene-maroquinerie.fr\/index.php\/produit\/petit-sac-valentino-alexia\/"},"modified":"2026-05-13T11:54:19","modified_gmt":"2026-05-13T11:54:19","slug":"petit-sac-valentino-alexia","status":"publish","type":"product","link":"https:\/\/www.solene-maroquinerie.fr\/index.php\/produit\/petit-sac-valentino-alexia\/","title":{"rendered":"PETIT SAC VALENTINO ALEXIA"},"content":{"rendered":"<p><strong>Caract\u00e9ristiques du Petit sac Valentino Bags Alexia bandouli\u00e8re noir<\/strong><\/p>\n<ul>\n<li>Fermeture \u00e0 zip<\/li>\n<li>Un compartiment zipp\u00e9<\/li>\n<li>Deux anses de portage<\/li>\n<li>Avec la longue bandouli\u00e8re amovible et r\u00e9glable<\/li>\n<li>Se porte \u00e0 la main ou en crois\u00e9<\/li>\n<\/ul>\n<p>Informations compl\u00e9mentaires :\u00a0<\/p>\n<ul>\n<li>Dimensions :\u00a0H15 x L21 x l9 cm<\/li>\n<li>Poids :\u00a00.580 Kg<\/li>\n<li>Finitions :\u00a0M\u00e9tal dor\u00e9<\/li>\n<li>Mati\u00e8re :\u00a0100% POLYURETHANE<\/li>\n<li>Doublure :\u00a0100% POLYESTER<\/li>\n<\/ul>\n<p><strong>Informations livraisons<\/strong><\/p>\n<div>Les frais de livraisons sont offerts d\u00e8s 40\u20ac d&rsquo;achats<br \/>Livraison entre 3 et 5 jours<\/div>\n<div>Mode de paiement s\u00e9curis\u00e9s accept\u00e9s : CARTE BANCAIRE\u00a0 ou\u00a0 PAYPAL<br \/>R\u00e9ception des marchandises : A domicile ou Retrait \u00e0 notre magasin<br \/>Consulter nos<a href=\"https:\/\/www.solene-maroquinerie.fr\/conditions_generales_de_vente.html\" target=\"_self\" title=\"Nos CGV\">\u00a0conditions g\u00e9n\u00e9rales de ventes<\/a><\/div>\n","protected":false},"excerpt":{"rendered":"<p>Caract\u00e9ristiques du Petit sac Valentino Bags Alexia bandouli\u00e8re noir Fermeture \u00e0 zip Un compartiment zipp\u00e9 Deux anses de portage Avec la longue bandouli\u00e8re amovible et r\u00e9glable Se porte \u00e0 la main ou en crois\u00e9 Informations compl\u00e9mentaires :\u00a0 Dimensions :\u00a0H15 x L21 x l9 cm Poids :\u00a00.580 Kg Finitions :\u00a0M\u00e9tal dor\u00e9 Mati\u00e8re :\u00a0100% POLYURETHANE Doublure :\u00a0100% [&hellip;]<\/p>\n","protected":false},"featured_media":1061,"comment_status":"open","ping_status":"closed","template":"","meta":[],"product_brand":[85],"product_cat":[24,84],"product_tag":[],"class_list":{"0":"post-1062","1":"product","2":"type-product","3":"status-publish","4":"has-post-thumbnail","6":"product_brand-valentino-by-mario-valentino","7":"product_cat-divers","8":"product_cat-valentino-by-mario-valentino-valentino-by-mario-valentino","10":"first","11":"instock","12":"taxable","13":"shipping-taxable","14":"purchasable","15":"product-type-simple"},"_links":{"self":[{"href":"https:\/\/www.solene-maroquinerie.fr\/index.php\/wp-json\/wp\/v2\/product\/1062","targetHints":{"allow":["GET"]}}],"collection":[{"href":"https:\/\/www.solene-maroquinerie.fr\/index.php\/wp-json\/wp\/v2\/product"}],"about":[{"href":"https:\/\/www.solene-maroquinerie.fr\/index.php\/wp-json\/wp\/v2\/types\/product"}],"replies":[{"embeddable":true,"href":"https:\/\/www.solene-maroquinerie.fr\/index.php\/wp-json\/wp\/v2\/comments?post=1062"}],"wp:featuredmedia":[{"embeddable":true,"href":"https:\/\/www.solene-maroquinerie.fr\/index.php\/wp-json\/wp\/v2\/media\/1061"}],"wp:attachment":[{"href":"https:\/\/www.solene-maroquinerie.fr\/index.php\/wp-json\/wp\/v2\/media?parent=1062"}],"wp:term":[{"taxonomy":"product_brand","embeddable":true,"href":"https:\/\/www.solene-maroquinerie.fr\/index.php\/wp-json\/wp\/v2\/product_brand?post=1062"},{"taxonomy":"product_cat","embeddable":true,"href":"https:\/\/www.solene-maroquinerie.fr\/index.php\/wp-json\/wp\/v2\/product_cat?post=1062"},{"taxonomy":"product_tag","embeddable":true,"href":"https:\/\/www.solene-maroquinerie.fr\/index.php\/wp-json\/wp\/v2\/product_tag?post=1062"}],"curies":[{"name":"wp","href":"https:\/\/api.w.org\/{rel}","templated":true}]}}