{"id":1114,"date":"2026-04-29T10:46:40","date_gmt":"2026-04-29T10:46:40","guid":{"rendered":"https:\/\/www.solene-maroquinerie.fr\/index.php\/produit\/petit-sac-a-main-zero-valentino-3\/"},"modified":"2026-05-13T14:48:47","modified_gmt":"2026-05-13T14:48:47","slug":"petit-sac-a-main-zero-valentino-3","status":"publish","type":"product","link":"https:\/\/www.solene-maroquinerie.fr\/index.php\/produit\/petit-sac-a-main-zero-valentino-3\/","title":{"rendered":"Petit sac \u00e0 main Zero VALENTINO"},"content":{"rendered":"<p><strong>Caract\u00e9ristiques du Petit sac \u00e0 main Zero re VALENTINO Rose Pale<\/strong><\/p>\n<ul>\n<li>Fermeture rabat \u00e0 pression<\/li>\n<li>Un compartiment zipp\u00e9<\/li>\n<li>Deux anses de portage<\/li>\n<li>Avec la longue bandouli\u00e8re amovible et r\u00e9glable<\/li>\n<li>Se porte \u00e0 la main ou en crois\u00e9<\/li>\n<\/ul>\n<p>Informations compl\u00e9mentaires :\u00a0<\/p>\n<ul>\n<li>Dimensions :\u00a0H14.5 x L20 x l9 cm<\/li>\n<li>Poids :\u00a00.650 Kg<\/li>\n<li>Finitions :\u00a0M\u00e9tal dor\u00e9<\/li>\n<li>Mati\u00e8re :\u00a0100% POLYURETHANE RECYCL\u00c9<\/li>\n<li>Doublure :\u00a0100% POLYESTER\u00a0RECYCL\u00c9<\/li>\n<\/ul>\n<p><strong>Informations livraisons<\/strong><\/p>\n<div>Les frais de livraisons sont offerts d\u00e8s 40\u20ac d&rsquo;achats<br \/>Livraison entre 3 et 5 jours<\/div>\n<div>Mode de paiement s\u00e9curis\u00e9s accept\u00e9s : CARTE BANCAIRE\u00a0 ou\u00a0 PAYPAL<br \/>R\u00e9ception des marchandises : A domicile ou Retrait \u00e0 notre magasin<br \/>Consulter nos<a href=\"https:\/\/www.solene-maroquinerie.fr\/conditions_generales_de_vente.html\" target=\"_self\" title=\"Nos CGV\">\u00a0conditions g\u00e9n\u00e9rales de ventes<\/a><\/div>\n","protected":false},"excerpt":{"rendered":"<p class=\"reference-commerciale\">R\u00e9f\u00e9rence commerciale : VBS7B307N<\/p>\n","protected":false},"featured_media":1113,"template":"","meta":[],"product_brand":[85],"product_cat":[24,84],"product_tag":[],"class_list":{"0":"post-1114","1":"product","2":"type-product","3":"status-publish","4":"has-post-thumbnail","6":"product_brand-valentino-by-mario-valentino","7":"product_cat-divers","8":"product_cat-valentino-by-mario-valentino-valentino-by-mario-valentino","10":"first","11":"instock","12":"taxable","13":"shipping-taxable","14":"purchasable","15":"product-type-simple"},"_links":{"self":[{"href":"https:\/\/www.solene-maroquinerie.fr\/index.php\/wp-json\/wp\/v2\/product\/1114","targetHints":{"allow":["GET"]}}],"collection":[{"href":"https:\/\/www.solene-maroquinerie.fr\/index.php\/wp-json\/wp\/v2\/product"}],"about":[{"href":"https:\/\/www.solene-maroquinerie.fr\/index.php\/wp-json\/wp\/v2\/types\/product"}],"wp:featuredmedia":[{"embeddable":true,"href":"https:\/\/www.solene-maroquinerie.fr\/index.php\/wp-json\/wp\/v2\/media\/1113"}],"wp:attachment":[{"href":"https:\/\/www.solene-maroquinerie.fr\/index.php\/wp-json\/wp\/v2\/media?parent=1114"}],"wp:term":[{"taxonomy":"product_brand","embeddable":true,"href":"https:\/\/www.solene-maroquinerie.fr\/index.php\/wp-json\/wp\/v2\/product_brand?post=1114"},{"taxonomy":"product_cat","embeddable":true,"href":"https:\/\/www.solene-maroquinerie.fr\/index.php\/wp-json\/wp\/v2\/product_cat?post=1114"},{"taxonomy":"product_tag","embeddable":true,"href":"https:\/\/www.solene-maroquinerie.fr\/index.php\/wp-json\/wp\/v2\/product_tag?post=1114"}],"curies":[{"name":"wp","href":"https:\/\/api.w.org\/{rel}","templated":true}]}}