{"id":113,"date":"2026-04-29T07:32:27","date_gmt":"2026-04-29T07:32:27","guid":{"rendered":"https:\/\/www.solene-maroquinerie.fr\/index.php\/produit\/portefeuille-zippe-l-12-12-noir\/"},"modified":"2026-05-13T11:53:01","modified_gmt":"2026-05-13T11:53:01","slug":"portefeuille-zippe-l-12-12-noir","status":"publish","type":"product","link":"https:\/\/www.solene-maroquinerie.fr\/index.php\/produit\/portefeuille-zippe-l-12-12-noir\/","title":{"rendered":"PORTEFEUILLE ZIPPE L.12.12 NOIR"},"content":{"rendered":"<p><strong style=\"font-size: 1em.\">Caract\u00e9ristiques du PORTEFEUILLE ZIPPE 12 CARTES LACOSTE L.12.12 CONCEPT NOIR<\/strong><\/p>\n<p><span>R\u00e9f\u00e9rence : NF2900PO000<\/span><\/p>\n<ul>\n<li>Int\u00e9rieur 12 cartes, porte-monnaie et poches multiples<\/li>\n<li>Fermeture zipp\u00e9e<\/li>\n<li>Crocodile brod\u00e9 ton sur ton<\/li>\n<li>Dimensions 20 x 10,5 x 3,5 cm<\/li>\n<li>Ext\u00e9rieur PVC petit piqu\u00e9<\/li>\n<li>Exterieur: Pvc (100%)<\/li>\n<\/ul>\n<p><strong style=\"font-size: 1em.\">Informations livraisons<\/strong><\/p>\n<div><span>Les frais de livraisons sont offerts d\u00e8s 40\u20ac d&rsquo;achats<br \/>Livraison entre 3 et 5 jours<br \/><\/span><\/div>\n<div><span>Mode de paiement s\u00e9curis\u00e9s accept\u00e9s : CARTE BANCAIRE\u00a0 ou\u00a0 PAYPAL<br \/>R\u00e9ception des marchandises : A domicile ou Retrait \u00e0 notre magasin<br \/>Consulter nos<a href=\"http:\/\/www.solene-maroquinerie.fr\/conditions_generales_de_vente.html\" target=\"_self\" title=\"Nos CGV\">\u00a0conditions g\u00e9n\u00e9rales de ventes<\/a><\/span><\/div>\n<p>\u00a0<\/p>\n","protected":false},"excerpt":{"rendered":"<p>Caract\u00e9ristiques du PORTEFEUILLE ZIPPE 12 CARTES LACOSTE L.12.12 CONCEPT NOIR R\u00e9f\u00e9rence : NF2900PO000 Int\u00e9rieur 12 cartes, porte-monnaie et poches multiples Fermeture zipp\u00e9e Crocodile brod\u00e9 ton sur ton Dimensions 20 x 10,5 x 3,5 cm Ext\u00e9rieur PVC petit piqu\u00e9 Exterieur: Pvc (100%) Informations livraisons Les frais de livraisons sont offerts d\u00e8s 40\u20ac d&rsquo;achatsLivraison entre 3 et [&hellip;]<\/p>\n","protected":false},"featured_media":1816,"comment_status":"open","ping_status":"closed","template":"","meta":[],"product_brand":[25],"product_cat":[32,33],"product_tag":[],"class_list":{"0":"post-113","1":"product","2":"type-product","3":"status-publish","4":"has-post-thumbnail","6":"product_brand-lacoste","7":"product_cat-petite-maroquinerie","8":"product_cat-petite-maroquinerie-lacoste","10":"first","11":"instock","12":"taxable","13":"shipping-taxable","14":"purchasable","15":"product-type-simple"},"_links":{"self":[{"href":"https:\/\/www.solene-maroquinerie.fr\/index.php\/wp-json\/wp\/v2\/product\/113","targetHints":{"allow":["GET"]}}],"collection":[{"href":"https:\/\/www.solene-maroquinerie.fr\/index.php\/wp-json\/wp\/v2\/product"}],"about":[{"href":"https:\/\/www.solene-maroquinerie.fr\/index.php\/wp-json\/wp\/v2\/types\/product"}],"replies":[{"embeddable":true,"href":"https:\/\/www.solene-maroquinerie.fr\/index.php\/wp-json\/wp\/v2\/comments?post=113"}],"wp:featuredmedia":[{"embeddable":true,"href":"https:\/\/www.solene-maroquinerie.fr\/index.php\/wp-json\/wp\/v2\/media\/1816"}],"wp:attachment":[{"href":"https:\/\/www.solene-maroquinerie.fr\/index.php\/wp-json\/wp\/v2\/media?parent=113"}],"wp:term":[{"taxonomy":"product_brand","embeddable":true,"href":"https:\/\/www.solene-maroquinerie.fr\/index.php\/wp-json\/wp\/v2\/product_brand?post=113"},{"taxonomy":"product_cat","embeddable":true,"href":"https:\/\/www.solene-maroquinerie.fr\/index.php\/wp-json\/wp\/v2\/product_cat?post=113"},{"taxonomy":"product_tag","embeddable":true,"href":"https:\/\/www.solene-maroquinerie.fr\/index.php\/wp-json\/wp\/v2\/product_tag?post=113"}],"curies":[{"name":"wp","href":"https:\/\/api.w.org\/{rel}","templated":true}]}}