{"id":1265,"date":"2026-04-29T11:17:28","date_gmt":"2026-04-29T11:17:28","guid":{"rendered":"https:\/\/www.solene-maroquinerie.fr\/index.php\/produit\/sac-a-dos-cabaia-mini-brighton\/"},"modified":"2026-05-13T17:13:21","modified_gmt":"2026-05-13T17:13:21","slug":"sac-a-dos-cabaia-mini-brighton","status":"publish","type":"product","link":"https:\/\/www.solene-maroquinerie.fr\/index.php\/produit\/sac-a-dos-cabaia-mini-brighton\/","title":{"rendered":"SAC A DOS CABAIA ADVENTURER SMALL BRIGHTON"},"content":{"rendered":"<p><strong>Descriptif du SAC A DOS CABAIA ADVENTURER SMALL BRIGHTON<\/strong><\/p>\n<ul>\n<li>Couleur : Noir velours<\/li>\n<li>Tissu d\u00e9perlant (vos affaires resteront toujours au sec !)<\/li>\n<li>Mousqueton int\u00e9rieur de s\u00e9curit\u00e9<\/li>\n<li>Ouverture Cabas\u00ae : Grand angle<\/li>\n<li>Ouverture anti-vol<\/li>\n<li>Mousqueton int\u00e9rieur de s\u00e9curit\u00e9<\/li>\n<li>Bretelles molletonn\u00e9es et anti-transpirantes<\/li>\n<li>Bande d&rsquo;attache pour valise<\/li>\n<li>Toile : Nylon 900D garantie \u00e0 vie !<\/li>\n<li>Zip YKK : la Rolls du zip, garanti \u00e0 vie aussi<\/li>\n<li>Fond \u00e9tanche : Nettoyable facilement<\/li>\n<li>2 poches interchangeables avec syst\u00e8me MOLLE\u00ae<\/li>\n<li>Vegan<\/li>\n<li>Poids : 0,800kg<\/li>\n<li>Volume : 10 L (parfait pour tous les jours et week end)<\/li>\n<li>Dimensions : 32 cm de haut, 23 cm de large, 13 cm \u00e9paisseur<\/li>\n<\/ul>\n<p>Composition :<\/p>\n<ul>\n<li>Tissu exterieur principal: 100% Polyester recycl\u00e9<\/li>\n<li>Tissu ext\u00e9rieur enduit: Polyurethane<\/li>\n<li>Doublure interieure: 100% Polyester<\/li>\n<\/ul>\n<h4><strong>Informations livraisons<\/strong><\/h4>\n<div>Les frais de livraisons sont offerts d\u00e8s 40\u20ac d&rsquo;achats<br \/>\nLivraison entre 3 et 5 jours<\/div>\n<div>Mode de paiement s\u00e9curis\u00e9s accept\u00e9s : CARTE BANCAIRE\u00a0 ou\u00a0 PAYPAL<br \/>\nR\u00e9ception des marchandises : A domicile ou Retrait \u00e0 notre magasin<\/div>\n","protected":false},"excerpt":{"rendered":"<p class=\"reference-commerciale\">R\u00e9f\u00e9rence commerciale : BRIGHTON-MINI<\/p>\n","protected":false},"featured_media":1264,"template":"","meta":[],"product_brand":[42],"product_cat":[19,44],"product_tag":[],"class_list":{"0":"post-1265","1":"product","2":"type-product","3":"status-publish","4":"has-post-thumbnail","6":"product_brand-cabaia","7":"product_cat-sac-a-dos","8":"product_cat-sac-a-dos-cabaia-small","10":"first","11":"instock","12":"taxable","13":"shipping-taxable","14":"purchasable","15":"product-type-simple"},"_links":{"self":[{"href":"https:\/\/www.solene-maroquinerie.fr\/index.php\/wp-json\/wp\/v2\/product\/1265","targetHints":{"allow":["GET"]}}],"collection":[{"href":"https:\/\/www.solene-maroquinerie.fr\/index.php\/wp-json\/wp\/v2\/product"}],"about":[{"href":"https:\/\/www.solene-maroquinerie.fr\/index.php\/wp-json\/wp\/v2\/types\/product"}],"wp:featuredmedia":[{"embeddable":true,"href":"https:\/\/www.solene-maroquinerie.fr\/index.php\/wp-json\/wp\/v2\/media\/1264"}],"wp:attachment":[{"href":"https:\/\/www.solene-maroquinerie.fr\/index.php\/wp-json\/wp\/v2\/media?parent=1265"}],"wp:term":[{"taxonomy":"product_brand","embeddable":true,"href":"https:\/\/www.solene-maroquinerie.fr\/index.php\/wp-json\/wp\/v2\/product_brand?post=1265"},{"taxonomy":"product_cat","embeddable":true,"href":"https:\/\/www.solene-maroquinerie.fr\/index.php\/wp-json\/wp\/v2\/product_cat?post=1265"},{"taxonomy":"product_tag","embeddable":true,"href":"https:\/\/www.solene-maroquinerie.fr\/index.php\/wp-json\/wp\/v2\/product_tag?post=1265"}],"curies":[{"name":"wp","href":"https:\/\/api.w.org\/{rel}","templated":true}]}}