{"id":1279,"date":"2026-04-29T11:20:59","date_gmt":"2026-04-29T11:20:59","guid":{"rendered":"https:\/\/www.solene-maroquinerie.fr\/index.php\/produit\/sac-de-voyage-cabaia-new-york\/"},"modified":"2026-05-13T11:54:33","modified_gmt":"2026-05-13T11:54:33","slug":"sac-de-voyage-cabaia-new-york","status":"publish","type":"product","link":"https:\/\/www.solene-maroquinerie.fr\/index.php\/produit\/sac-de-voyage-cabaia-new-york\/","title":{"rendered":"SAC DE VOYAGE CABAIA NEW YORK"},"content":{"rendered":"<p><strong>Descriptif du SAC DE VOYAGE CABA\u00cfA NEW YORK<\/strong><\/p>\n<ul>\n<li>Couleurs des 2 poches :\u00a0Gris chin\u00e9 (Central Park) + Bleu chin\u00e9 (Rivoli)<\/li>\n<li>Tissu d\u00e9perlant<\/li>\n<li>Ouverture Grand angle<\/li>\n<li>Bretelles amovibles<\/li>\n<li>Toile : Nylon 900D<\/li>\n<li>Fond \u00e9tanche : Nettoyable facilement<\/li>\n<li>2 poches interchangeables avec syst\u00e8me MOLLE\u00ae<\/li>\n<li>Vegan<\/li>\n<li>Poids : 1,400kg<\/li>\n<li>Volume : 36 L (parfait pour tous les jours et week end)<\/li>\n<li>Dimensions : 29 cm de haut, 45 cm de large, 30 cm \u00e9paisseur<\/li>\n<\/ul>\n<p>Composition\u00a0:<\/p>\n<ul>\n<li>Tissu exterieur principal: 100% Polyester recycl\u00e9<\/li>\n<li>Tissu ext\u00e9rieur enduit: Polyurethane<\/li>\n<li>Doublure interieure: 100% Polyester<\/li>\n<\/ul>\n<h4>Informations livraisons<\/h4>\n<div>Les frais de livraisons sont offerts d\u00e8s 40\u20ac d&rsquo;achats<br \/>Livraison entre 3 et 5 jours<\/div>\n<div>Mode de paiement s\u00e9curis\u00e9s accept\u00e9s : CARTE BANCAIRE\u00a0 ou\u00a0 PAYPAL<br \/>R\u00e9ception des marchandises : A domicile ou Retrait \u00e0 notre magasin<br \/>Consulter nos<a href=\"http:\/\/www.solene-maroquinerie.fr\/conditions_generales_de_vente.html\" target=\"_self\" title=\"Nos CGV\">\u00a0conditions g\u00e9n\u00e9rales de ventes<\/a><\/div>\n<p>\u00a0<\/p>\n","protected":false},"excerpt":{"rendered":"<p>Descriptif du SAC DE VOYAGE CABA\u00cfA NEW YORK Couleurs des 2 poches :\u00a0Gris chin\u00e9 (Central Park) + Bleu chin\u00e9 (Rivoli) Tissu d\u00e9perlant Ouverture Grand angle Bretelles amovibles Toile : Nylon 900D Fond \u00e9tanche : Nettoyable facilement 2 poches interchangeables avec syst\u00e8me MOLLE\u00ae Vegan Poids : 1,400kg Volume : 36 L (parfait pour tous les jours [&hellip;]<\/p>\n","protected":false},"featured_media":1916,"template":"","meta":[],"product_brand":[42],"product_cat":[60,59],"product_tag":[],"class_list":{"0":"post-1279","1":"product","2":"type-product","3":"status-publish","4":"has-post-thumbnail","6":"product_brand-cabaia","7":"product_cat-bagages","8":"product_cat-sac-de-voyage-cabaia","10":"first","11":"instock","12":"taxable","13":"shipping-taxable","14":"purchasable","15":"product-type-simple"},"_links":{"self":[{"href":"https:\/\/www.solene-maroquinerie.fr\/index.php\/wp-json\/wp\/v2\/product\/1279","targetHints":{"allow":["GET"]}}],"collection":[{"href":"https:\/\/www.solene-maroquinerie.fr\/index.php\/wp-json\/wp\/v2\/product"}],"about":[{"href":"https:\/\/www.solene-maroquinerie.fr\/index.php\/wp-json\/wp\/v2\/types\/product"}],"wp:featuredmedia":[{"embeddable":true,"href":"https:\/\/www.solene-maroquinerie.fr\/index.php\/wp-json\/wp\/v2\/media\/1916"}],"wp:attachment":[{"href":"https:\/\/www.solene-maroquinerie.fr\/index.php\/wp-json\/wp\/v2\/media?parent=1279"}],"wp:term":[{"taxonomy":"product_brand","embeddable":true,"href":"https:\/\/www.solene-maroquinerie.fr\/index.php\/wp-json\/wp\/v2\/product_brand?post=1279"},{"taxonomy":"product_cat","embeddable":true,"href":"https:\/\/www.solene-maroquinerie.fr\/index.php\/wp-json\/wp\/v2\/product_cat?post=1279"},{"taxonomy":"product_tag","embeddable":true,"href":"https:\/\/www.solene-maroquinerie.fr\/index.php\/wp-json\/wp\/v2\/product_tag?post=1279"}],"curies":[{"name":"wp","href":"https:\/\/api.w.org\/{rel}","templated":true}]}}