{"id":1281,"date":"2026-04-29T11:20:59","date_gmt":"2026-04-29T11:20:59","guid":{"rendered":"https:\/\/www.solene-maroquinerie.fr\/index.php\/produit\/sac-cabas-main-lancaster-milano-2\/"},"modified":"2026-05-13T11:54:33","modified_gmt":"2026-05-13T11:54:33","slug":"sac-cabas-main-lancaster-milano-2","status":"publish","type":"product","link":"https:\/\/www.solene-maroquinerie.fr\/index.php\/produit\/sac-cabas-main-lancaster-milano-2\/","title":{"rendered":"SAC CABAS MAIN LANCASTER MILANO"},"content":{"rendered":"<p><span style=\"font-family: arial, helvetica, sans-serif. font-size: small. color: #000000.\"><strong>Caract\u00e9ristiques du SAC CABAS MAIN LANCASTER FOULONN\u00c9 MILANO CAMEL<\/strong><\/span><\/p>\n<ul>\n<li><span>Poche int\u00e9rieure zipp\u00e9e<\/span><\/li>\n<li><span>Compartiment central zipp\u00e9<\/span><\/li>\n<li><span>Poche int\u00e9rieure simple<\/span><\/li>\n<li><span>Rangement t\u00e9l\u00e9phone<\/span><\/li>\n<li>Fermeture \u00e0 rabat avec fermoir<\/li>\n<\/ul>\n<p>Finition :<\/p>\n<ul>\n<li>M\u00e9tal dor\u00e9 brillant<\/li>\n<\/ul>\n<p>Dimensions :<\/p>\n<ul>\n<li>30 x 23 x 13 cm<\/li>\n<\/ul>\n<p>Composition :<\/p>\n<ul>\n<li><span>Cuir de vachette finition grain\u00e9e<\/span> et doublure synth\u00e9tique<\/li>\n<\/ul>\n<p><strong>Informations livraisons<\/strong><\/p>\n<p>Les frais de livraisons sont offerts d\u00e8s 40\u20ac d&rsquo;achats<\/p>\n<p>Mode de paiement s\u00e9curis\u00e9s accept\u00e9s : CARTE BANCAIRE\u00a0 ou\u00a0 PAYPAL<\/p>\n<div>R\u00e9ception des marchandises : A domicile ou Retrait \u00e0 notre magasin<\/div>\n<div>Livraison entre 3 et 5 jours<\/div>\n<div>Retrait au magasin sous 24h (rdv)<\/div>\n<div>Consulter nos<a href=\"https:\/\/www.solene-maroquinerie.fr\/conditions_generales_de_vente.html\" target=\"_self\" title=\"Nos CGV\">\u00a0conditions g\u00e9n\u00e9rales de ventes<\/a><\/div>\n","protected":false},"excerpt":{"rendered":"<p>Caract\u00e9ristiques du SAC CABAS MAIN LANCASTER FOULONN\u00c9 MILANO CAMEL Poche int\u00e9rieure zipp\u00e9e Compartiment central zipp\u00e9 Poche int\u00e9rieure simple Rangement t\u00e9l\u00e9phone Fermeture \u00e0 rabat avec fermoir Finition : M\u00e9tal dor\u00e9 brillant Dimensions : 30 x 23 x 13 cm Composition : Cuir de vachette finition grain\u00e9e et doublure synth\u00e9tique Informations livraisons Les frais de livraisons sont [&hellip;]<\/p>\n","protected":false},"featured_media":1929,"template":"","meta":[],"product_brand":[29],"product_cat":[27,28],"product_tag":[],"class_list":{"0":"post-1281","1":"product","2":"type-product","3":"status-publish","4":"has-post-thumbnail","6":"product_brand-lancaster","7":"product_cat-sac-a-main","8":"product_cat-sac-a-main-2","10":"first","11":"instock","12":"taxable","13":"shipping-taxable","14":"purchasable","15":"product-type-simple"},"_links":{"self":[{"href":"https:\/\/www.solene-maroquinerie.fr\/index.php\/wp-json\/wp\/v2\/product\/1281","targetHints":{"allow":["GET"]}}],"collection":[{"href":"https:\/\/www.solene-maroquinerie.fr\/index.php\/wp-json\/wp\/v2\/product"}],"about":[{"href":"https:\/\/www.solene-maroquinerie.fr\/index.php\/wp-json\/wp\/v2\/types\/product"}],"wp:featuredmedia":[{"embeddable":true,"href":"https:\/\/www.solene-maroquinerie.fr\/index.php\/wp-json\/wp\/v2\/media\/1929"}],"wp:attachment":[{"href":"https:\/\/www.solene-maroquinerie.fr\/index.php\/wp-json\/wp\/v2\/media?parent=1281"}],"wp:term":[{"taxonomy":"product_brand","embeddable":true,"href":"https:\/\/www.solene-maroquinerie.fr\/index.php\/wp-json\/wp\/v2\/product_brand?post=1281"},{"taxonomy":"product_cat","embeddable":true,"href":"https:\/\/www.solene-maroquinerie.fr\/index.php\/wp-json\/wp\/v2\/product_cat?post=1281"},{"taxonomy":"product_tag","embeddable":true,"href":"https:\/\/www.solene-maroquinerie.fr\/index.php\/wp-json\/wp\/v2\/product_tag?post=1281"}],"curies":[{"name":"wp","href":"https:\/\/api.w.org\/{rel}","templated":true}]}}