{"id":1284,"date":"2026-04-29T11:21:00","date_gmt":"2026-04-29T11:21:00","guid":{"rendered":"https:\/\/www.solene-maroquinerie.fr\/index.php\/produit\/sac-a-dos-rains-rucksack-tonal-t\/"},"modified":"2026-05-13T11:54:34","modified_gmt":"2026-05-13T11:54:34","slug":"sac-a-dos-rains-rucksack-tonal-t","status":"publish","type":"product","link":"https:\/\/www.solene-maroquinerie.fr\/index.php\/produit\/sac-a-dos-rains-rucksack-tonal-t\/","title":{"rendered":"SAC A DOS RAINS RUCKSACK TONAL T"},"content":{"rendered":"<p><strong>Caract\u00e9ristiques du\u00a0SAC A DOS RAINS RUCKSACK TONAL TAUPE<\/strong><\/p>\n<ul>\n<li>Imperm\u00e9abilit\u00e9 : 8 000 mm<\/li>\n<li>Fermeture \u00e0 mousqueton embl\u00e9matique<\/li>\n<li>Rabat avec fermeture pressionn\u00e9e magn\u00e9tique<\/li>\n<li>Un compartiment principal<\/li>\n<li>Compartiment matelass\u00e9 pour ordinateur portable 13&Prime; avec la housse<\/li>\n<li>Bretelles r\u00e9glables<\/li>\n<li>Ce produit est con\u00e7u pour r\u00e9sister \u00e0 des pluies l\u00e9g\u00e8res \u00e0 mod\u00e9r\u00e9es<\/li>\n<\/ul>\n<p><strong>Dimensions<\/strong><\/p>\n<ul>\n<li>H 42 x L 29,5 x P 11 cm<\/li>\n<li>Volume : 11 litres<\/li>\n<\/ul>\n<p><strong>Composition<\/strong><\/p>\n<ul>\n<li>Mati\u00e8re : 100 % polyester avec un rev\u00eatement en polyur\u00e9thane<\/li>\n<li>Doublure : 100 % polyester<\/li>\n<\/ul>\n<div>\n<p><strong>Informations livraisons<\/strong><\/p>\n<p>Les frais de livraisons sont offerts d\u00e8s 40\u20ac d&rsquo;achats<\/p>\n<p>Mode de paiement s\u00e9curis\u00e9s accept\u00e9s : CARTE BANCAIRE\u00a0 ou\u00a0 PAYPAL<\/p>\n<div>R\u00e9ception des marchandises : A domicile ou Retrait \u00e0 notre magasin<\/div>\n<div>Livraison entre 3 et 5 jours<\/div>\n<div>Retrait au magasin sous 24h (rdv)<\/div>\n<div>Consulter nos<a href=\"https:\/\/www.solene-maroquinerie.fr\/conditions_generales_de_vente.html\" target=\"_self\" title=\"Nos CGV\">\u00a0conditions g\u00e9n\u00e9rales de ventes<\/a><\/div>\n<\/p><\/div>\n","protected":false},"excerpt":{"rendered":"<p>Caract\u00e9ristiques du\u00a0SAC A DOS RAINS RUCKSACK TONAL TAUPE Imperm\u00e9abilit\u00e9 : 8 000 mm Fermeture \u00e0 mousqueton embl\u00e9matique Rabat avec fermeture pressionn\u00e9e magn\u00e9tique Un compartiment principal Compartiment matelass\u00e9 pour ordinateur portable 13&Prime; avec la housse Bretelles r\u00e9glables Ce produit est con\u00e7u pour r\u00e9sister \u00e0 des pluies l\u00e9g\u00e8res \u00e0 mod\u00e9r\u00e9es Dimensions H 42 x L 29,5 x [&hellip;]<\/p>\n","protected":false},"featured_media":1941,"comment_status":"open","ping_status":"closed","template":"","meta":[],"product_brand":[63],"product_cat":[65,19],"product_tag":[],"class_list":{"0":"post-1284","1":"product","2":"type-product","3":"status-publish","4":"has-post-thumbnail","6":"product_brand-rains","7":"product_cat-rucksack","8":"product_cat-sac-a-dos","10":"first","11":"instock","12":"taxable","13":"shipping-taxable","14":"purchasable","15":"product-type-simple"},"_links":{"self":[{"href":"https:\/\/www.solene-maroquinerie.fr\/index.php\/wp-json\/wp\/v2\/product\/1284","targetHints":{"allow":["GET"]}}],"collection":[{"href":"https:\/\/www.solene-maroquinerie.fr\/index.php\/wp-json\/wp\/v2\/product"}],"about":[{"href":"https:\/\/www.solene-maroquinerie.fr\/index.php\/wp-json\/wp\/v2\/types\/product"}],"replies":[{"embeddable":true,"href":"https:\/\/www.solene-maroquinerie.fr\/index.php\/wp-json\/wp\/v2\/comments?post=1284"}],"wp:featuredmedia":[{"embeddable":true,"href":"https:\/\/www.solene-maroquinerie.fr\/index.php\/wp-json\/wp\/v2\/media\/1941"}],"wp:attachment":[{"href":"https:\/\/www.solene-maroquinerie.fr\/index.php\/wp-json\/wp\/v2\/media?parent=1284"}],"wp:term":[{"taxonomy":"product_brand","embeddable":true,"href":"https:\/\/www.solene-maroquinerie.fr\/index.php\/wp-json\/wp\/v2\/product_brand?post=1284"},{"taxonomy":"product_cat","embeddable":true,"href":"https:\/\/www.solene-maroquinerie.fr\/index.php\/wp-json\/wp\/v2\/product_cat?post=1284"},{"taxonomy":"product_tag","embeddable":true,"href":"https:\/\/www.solene-maroquinerie.fr\/index.php\/wp-json\/wp\/v2\/product_tag?post=1284"}],"curies":[{"name":"wp","href":"https:\/\/api.w.org\/{rel}","templated":true}]}}