{"id":1286,"date":"2026-04-29T11:21:00","date_gmt":"2026-04-29T11:21:00","guid":{"rendered":"https:\/\/www.solene-maroquinerie.fr\/index.php\/produit\/petit-sac-a-main-le-tanneur-gise\/"},"modified":"2026-05-13T11:54:35","modified_gmt":"2026-05-13T11:54:35","slug":"petit-sac-a-main-le-tanneur-gise","status":"publish","type":"product","link":"https:\/\/www.solene-maroquinerie.fr\/index.php\/produit\/petit-sac-a-main-le-tanneur-gise\/","title":{"rendered":"PETIT SAC \u00c0 MAIN LE TANNEUR GIS\u00c8"},"content":{"rendered":"<p><strong>Caract\u00e9ristiques du\u00a0<\/strong><strong>PETIT SAC \u00c0 MAIN LE TANNEUR GIS\u00c8LE EN CUIR GRAIN\u00c9 NOIR<\/strong><\/p>\n<ul>\n<li><span style=\"font-family: arial, helvetica, sans-serif. font-size: small.\">Petit sac bugatti avec charms T signature et marquage Le Tanneur.<\/span><\/li>\n<li><span style=\"font-family: arial, helvetica, sans-serif. font-size: small.\">Port\u00e9 main, \u00e9paule ou crois\u00e9 gr\u00e2ce \u00e0 sa bandouli\u00e8re ajustable et amovible.<\/span><\/li>\n<li><span style=\"font-size: small. font-family: arial, helvetica, sans-serif.\">2 poches plates, 1 poche zipp\u00e9e et 1 soufflet, 1 mousqueton cl\u00e9s.<\/span><\/li>\n<li><span style=\"font-size: small. font-family: arial, helvetica, sans-serif.\">Poign\u00e9e amovible.<\/span><\/li>\n<li><span style=\"font-size: small. font-family: arial, helvetica, sans-serif.\">Bandouli\u00e8re amovible et ajustable.<\/span><\/li>\n<li><span style=\"font-size: small. font-family: arial, helvetica, sans-serif.\">Accessoires m\u00e9talliques finition argent.<\/span><\/li>\n<li><span style=\"font-size: small. font-family: arial, helvetica, sans-serif.\">Avec son T signature et ses traits bien \u00e0 lui, ce petit sac souple et bien agenc\u00e9 compl\u00e8te parfaitement le tableau.<\/span><\/li>\n<\/ul>\n<p>Dimensions :<\/p>\n<ul>\n<li><span style=\"font-family: arial, helvetica, sans-serif. font-size: small.\">L 22 x H 17 x P 8 cm<\/span><\/li>\n<\/ul>\n<p>Composition :\u00a0<\/p>\n<ul>\n<li>\n<p>Cuir de vachette pleine fleur grain\u00e9. Doublure textile Le Bleu.<\/p>\n<\/li>\n<li>\n<p>Le cuir grain\u00e9 pleine fleur allie \u00e9l\u00e9gance et sp\u00e9cificit\u00e9 gr\u00e2ce \u00e0 son grain apparent. Le cuir pleine fleur est un cuir dont la surface est rest\u00e9e intacte et naturelle. C\u2019est la partie la plus noble du cuir. Une sensation agr\u00e9able au toucher le rend tr\u00e8s singulier.<\/p>\n<\/li>\n<\/ul>\n<p><strong>Informations livraisons<\/strong><\/p>\n<div>Les frais de livraisons sont offerts d\u00e8s 40\u20ac d&rsquo;achats<br \/>Livraison entre 3 et 5 jours<\/div>\n<div>Mode de paiement s\u00e9curis\u00e9s accept\u00e9s : CARTE BANCAIRE\u00a0 ou\u00a0 PAYPAL<br \/>R\u00e9ception des marchandises : A domicile ou Retrait \u00e0 notre magasin<br \/>Consulter nos<a href=\"https:\/\/www.solene-maroquinerie.fr\/conditions_generales_de_vente.html\" target=\"_self\" title=\"Nos CGV\">\u00a0conditions g\u00e9n\u00e9rales de ventes<\/a><\/div>\n","protected":false},"excerpt":{"rendered":"<p>Caract\u00e9ristiques du\u00a0PETIT SAC \u00c0 MAIN LE TANNEUR GIS\u00c8LE EN CUIR GRAIN\u00c9 NOIR Petit sac bugatti avec charms T signature et marquage Le Tanneur. Port\u00e9 main, \u00e9paule ou crois\u00e9 gr\u00e2ce \u00e0 sa bandouli\u00e8re ajustable et amovible. 2 poches plates, 1 poche zipp\u00e9e et 1 soufflet, 1 mousqueton cl\u00e9s. Poign\u00e9e amovible. Bandouli\u00e8re amovible et ajustable. Accessoires m\u00e9talliques [&hellip;]<\/p>\n","protected":false},"featured_media":1954,"comment_status":"open","ping_status":"closed","template":"","meta":[],"product_brand":[48],"product_cat":[24,47],"product_tag":[],"class_list":{"0":"post-1286","1":"product","2":"type-product","3":"status-publish","4":"has-post-thumbnail","6":"product_brand-le-tanneur","7":"product_cat-divers","8":"product_cat-femme-le-tanneur","10":"first","11":"instock","12":"taxable","13":"shipping-taxable","14":"purchasable","15":"product-type-simple"},"_links":{"self":[{"href":"https:\/\/www.solene-maroquinerie.fr\/index.php\/wp-json\/wp\/v2\/product\/1286","targetHints":{"allow":["GET"]}}],"collection":[{"href":"https:\/\/www.solene-maroquinerie.fr\/index.php\/wp-json\/wp\/v2\/product"}],"about":[{"href":"https:\/\/www.solene-maroquinerie.fr\/index.php\/wp-json\/wp\/v2\/types\/product"}],"replies":[{"embeddable":true,"href":"https:\/\/www.solene-maroquinerie.fr\/index.php\/wp-json\/wp\/v2\/comments?post=1286"}],"wp:featuredmedia":[{"embeddable":true,"href":"https:\/\/www.solene-maroquinerie.fr\/index.php\/wp-json\/wp\/v2\/media\/1954"}],"wp:attachment":[{"href":"https:\/\/www.solene-maroquinerie.fr\/index.php\/wp-json\/wp\/v2\/media?parent=1286"}],"wp:term":[{"taxonomy":"product_brand","embeddable":true,"href":"https:\/\/www.solene-maroquinerie.fr\/index.php\/wp-json\/wp\/v2\/product_brand?post=1286"},{"taxonomy":"product_cat","embeddable":true,"href":"https:\/\/www.solene-maroquinerie.fr\/index.php\/wp-json\/wp\/v2\/product_cat?post=1286"},{"taxonomy":"product_tag","embeddable":true,"href":"https:\/\/www.solene-maroquinerie.fr\/index.php\/wp-json\/wp\/v2\/product_tag?post=1286"}],"curies":[{"name":"wp","href":"https:\/\/api.w.org\/{rel}","templated":true}]}}