{"id":129,"date":"2026-04-29T07:33:00","date_gmt":"2026-04-29T07:33:00","guid":{"rendered":"https:\/\/www.solene-maroquinerie.fr\/index.php\/produit\/sacoche-lacoste-chantaco-cuir-no\/"},"modified":"2026-05-13T11:53:02","modified_gmt":"2026-05-13T11:53:02","slug":"sacoche-lacoste-chantaco-cuir-no","status":"publish","type":"product","link":"https:\/\/www.solene-maroquinerie.fr\/index.php\/produit\/sacoche-lacoste-chantaco-cuir-no\/","title":{"rendered":"SACOCHE LACOSTE CHANTACO CUIR NO"},"content":{"rendered":"<p>\u00a0<\/p>\n<p><strong>Caract\u00e9ristiques de la SACOCHE PLATE ZIPP\u00c9E LACOSTE CHANTACO CUIR NOIR<\/strong><\/p>\n<p>\u00a0<\/p>\n<ul>\n<li>Ext\u00e9rieur 1 poche et int\u00e9rieur 3 poches dont 1 zipp\u00e9e<\/li>\n<li>Bandouli\u00e8re ajustable<\/li>\n<li>Crocodile en m\u00e9tal ton sur ton<\/li>\n<li>Dimensions 24 x 27 x 2 cm<\/li>\n<li>Ext\u00e9rieur cuir Italien<\/li>\n<li>Exterieur: Refente de cuir vachette (100%)<\/li>\n<\/ul>\n<p>\u00a0<\/p>\n<p><strong>Informations livraisons<\/strong><\/p>\n<p>\u00a0<\/p>\n<div>Les frais de livraisons sont offerts d\u00e8s 40\u20ac d&rsquo;achats<br \/>Livraison entre 3 et 5 jours<\/div>\n<p>\u00a0<\/p>\n<div>Mode de paiement s\u00e9curis\u00e9s accept\u00e9s : CARTE BANCAIRE\u00a0 ou\u00a0 PAYPAL<br \/>R\u00e9ception des marchandises : A domicile ou Retrait \u00e0 notre magasin<br \/>Consulter nos<a href=\"http:\/\/www.solene-maroquinerie.fr\/conditions_generales_de_vente.html\" target=\"_self\" title=\"Nos CGV\">\u00a0conditions g\u00e9n\u00e9rales de ventes<\/a><\/div>\n<p>\u00a0<\/p>\n","protected":false},"excerpt":{"rendered":"<p>\u00a0 Caract\u00e9ristiques de la SACOCHE PLATE ZIPP\u00c9E LACOSTE CHANTACO CUIR NOIR \u00a0 Ext\u00e9rieur 1 poche et int\u00e9rieur 3 poches dont 1 zipp\u00e9e Bandouli\u00e8re ajustable Crocodile en m\u00e9tal ton sur ton Dimensions 24 x 27 x 2 cm Ext\u00e9rieur cuir Italien Exterieur: Refente de cuir vachette (100%) \u00a0 Informations livraisons \u00a0 Les frais de livraisons sont [&hellip;]<\/p>\n","protected":false},"featured_media":1828,"template":"","meta":[],"product_brand":[25],"product_cat":[24,34],"product_tag":[],"class_list":{"0":"post-129","1":"product","2":"type-product","3":"status-publish","4":"has-post-thumbnail","6":"product_brand-lacoste","7":"product_cat-divers","8":"product_cat-homme","10":"first","11":"instock","12":"taxable","13":"shipping-taxable","14":"purchasable","15":"product-type-simple"},"_links":{"self":[{"href":"https:\/\/www.solene-maroquinerie.fr\/index.php\/wp-json\/wp\/v2\/product\/129","targetHints":{"allow":["GET"]}}],"collection":[{"href":"https:\/\/www.solene-maroquinerie.fr\/index.php\/wp-json\/wp\/v2\/product"}],"about":[{"href":"https:\/\/www.solene-maroquinerie.fr\/index.php\/wp-json\/wp\/v2\/types\/product"}],"wp:featuredmedia":[{"embeddable":true,"href":"https:\/\/www.solene-maroquinerie.fr\/index.php\/wp-json\/wp\/v2\/media\/1828"}],"wp:attachment":[{"href":"https:\/\/www.solene-maroquinerie.fr\/index.php\/wp-json\/wp\/v2\/media?parent=129"}],"wp:term":[{"taxonomy":"product_brand","embeddable":true,"href":"https:\/\/www.solene-maroquinerie.fr\/index.php\/wp-json\/wp\/v2\/product_brand?post=129"},{"taxonomy":"product_cat","embeddable":true,"href":"https:\/\/www.solene-maroquinerie.fr\/index.php\/wp-json\/wp\/v2\/product_cat?post=129"},{"taxonomy":"product_tag","embeddable":true,"href":"https:\/\/www.solene-maroquinerie.fr\/index.php\/wp-json\/wp\/v2\/product_tag?post=129"}],"curies":[{"name":"wp","href":"https:\/\/api.w.org\/{rel}","templated":true}]}}