{"id":1299,"date":"2026-04-29T11:21:02","date_gmt":"2026-04-29T11:21:02","guid":{"rendered":"https:\/\/www.solene-maroquinerie.fr\/index.php\/produit\/sac-trotteur-lancaster-x-zoe-4\/"},"modified":"2026-05-13T11:54:39","modified_gmt":"2026-05-13T11:54:39","slug":"sac-trotteur-lancaster-x-zoe-4","status":"publish","type":"product","link":"https:\/\/www.solene-maroquinerie.fr\/index.php\/produit\/sac-trotteur-lancaster-x-zoe-4\/","title":{"rendered":"SAC TROTTEUR LANCASTER X ZO\u00c9"},"content":{"rendered":"<p><strong>Caract\u00e9ristiques du\u00a0SAC TROTTEUR LANCASTER X ZO\u00c9 ANNA<\/strong><\/p>\n<p>Le sac Zo\u00e9xLancaster poss\u00e8de un rabat graphique sur le devant avec une poche ext\u00e9rieure, une poche int\u00e9rieur simple ainsi qu&rsquo;une poche int\u00e9rieure zipp\u00e9e.<\/p>\n<ul>\n<li>Fermeture \u00e0<span>\u00a0rabat avec fermoir<\/span><\/li>\n<li>Bandouli\u00e8re a<span>movible, r\u00e9glable<\/span><\/li>\n<li><span><span><span>Port\u00e9 \u00e9paule, port\u00e9 travers<\/span><\/span><\/span><\/li>\n<li>Mati\u00e8re : <span><span><span>Refente de cuir de vachette lisse<\/span><\/span><\/span><\/li>\n<li>Doublure textile<\/li>\n<li>Finitions m\u00e9tal\u00a0<span>dor\u00e9 brillant<\/span><\/li>\n<\/ul>\n<p>Dimensions<\/p>\n<ul>\n<li><span><span><span>22.0&#215;15.0x6.0 cm<\/span><\/span><\/span><\/li>\n<\/ul>\n<h4><strong>Informations livraisons<\/strong><\/h4>\n<div>Les frais de livraisons sont offerts d\u00e8s 40\u20ac d&rsquo;achats<br \/>Livraison entre 3 et 5 jours<\/div>\n<div>Mode de paiement s\u00e9curis\u00e9s accept\u00e9s : CARTE BANCAIRE\u00a0 ou\u00a0 PAYPAL<br \/>R\u00e9ception des marchandises : A domicile ou Retrait \u00e0 notre magasin<br \/>Consulter nos<a href=\"http:\/\/www.solene-maroquinerie.fr\/conditions_generales_de_vente.html\" target=\"_self\" title=\"Nos CGV\">\u00a0conditions g\u00e9n\u00e9rales de ventes<\/a><\/div>\n<p>\u00a0<\/p>\n","protected":false},"excerpt":{"rendered":"<p>Caract\u00e9ristiques du\u00a0SAC TROTTEUR LANCASTER X ZO\u00c9 ANNA Le sac Zo\u00e9xLancaster poss\u00e8de un rabat graphique sur le devant avec une poche ext\u00e9rieure, une poche int\u00e9rieur simple ainsi qu&rsquo;une poche int\u00e9rieure zipp\u00e9e. Fermeture \u00e0\u00a0rabat avec fermoir Bandouli\u00e8re amovible, r\u00e9glable Port\u00e9 \u00e9paule, port\u00e9 travers Mati\u00e8re : Refente de cuir de vachette lisse Doublure textile Finitions m\u00e9tal\u00a0dor\u00e9 brillant Dimensions [&hellip;]<\/p>\n","protected":false},"featured_media":2036,"template":"","meta":[],"product_brand":[29],"product_cat":[27,28],"product_tag":[],"class_list":{"0":"post-1299","1":"product","2":"type-product","3":"status-publish","4":"has-post-thumbnail","6":"product_brand-lancaster","7":"product_cat-sac-a-main","8":"product_cat-sac-a-main-2","10":"first","11":"instock","12":"taxable","13":"shipping-taxable","14":"purchasable","15":"product-type-simple"},"_links":{"self":[{"href":"https:\/\/www.solene-maroquinerie.fr\/index.php\/wp-json\/wp\/v2\/product\/1299","targetHints":{"allow":["GET"]}}],"collection":[{"href":"https:\/\/www.solene-maroquinerie.fr\/index.php\/wp-json\/wp\/v2\/product"}],"about":[{"href":"https:\/\/www.solene-maroquinerie.fr\/index.php\/wp-json\/wp\/v2\/types\/product"}],"wp:featuredmedia":[{"embeddable":true,"href":"https:\/\/www.solene-maroquinerie.fr\/index.php\/wp-json\/wp\/v2\/media\/2036"}],"wp:attachment":[{"href":"https:\/\/www.solene-maroquinerie.fr\/index.php\/wp-json\/wp\/v2\/media?parent=1299"}],"wp:term":[{"taxonomy":"product_brand","embeddable":true,"href":"https:\/\/www.solene-maroquinerie.fr\/index.php\/wp-json\/wp\/v2\/product_brand?post=1299"},{"taxonomy":"product_cat","embeddable":true,"href":"https:\/\/www.solene-maroquinerie.fr\/index.php\/wp-json\/wp\/v2\/product_cat?post=1299"},{"taxonomy":"product_tag","embeddable":true,"href":"https:\/\/www.solene-maroquinerie.fr\/index.php\/wp-json\/wp\/v2\/product_tag?post=1299"}],"curies":[{"name":"wp","href":"https:\/\/api.w.org\/{rel}","templated":true}]}}