{"id":1314,"date":"2026-04-29T11:21:08","date_gmt":"2026-04-29T11:21:08","guid":{"rendered":"https:\/\/www.solene-maroquinerie.fr\/index.php\/produit\/cartable-tanns-41cm-elliott-mar\/"},"modified":"2026-05-13T11:54:44","modified_gmt":"2026-05-13T11:54:44","slug":"cartable-tanns-41cm-elliott-mar","status":"publish","type":"product","link":"https:\/\/www.solene-maroquinerie.fr\/index.php\/produit\/cartable-tanns-41cm-elliott-mar\/","title":{"rendered":"CARTABLE TANN&rsquo;S 41cm ELLIOTT MAR"},"content":{"rendered":"<p><strong>Caract\u00e9ristiques du CARTABLE TANN&rsquo;S 41cm ELLIOTT MARINE<\/strong><\/p>\n<p><span>L&rsquo;espace comme vous ne l&rsquo;avez jamais vu ! Le cartable Elliott arbore de multiples patchs : des petits, des grands, en gomme ou brod\u00e9s\u2026pour le plus grand bonheur des explorateurs de l&rsquo;univers ! Son plus : une ganse r\u00e9fl\u00e9chissante pour un effet wahou.<\/span><br \/><span>Mati\u00e8re \u00e9co-responsable: ce cartable est fabriqu\u00e9 \u00e0 partir d&rsquo;un polyester de haute qualit\u00e9 issu de bouteilles plastiques recycl\u00e9es.<\/span><\/p>\n<p><strong>Dimensions :<\/strong><\/p>\n<ul>\n<li><span>41cm x 33cm x 17cm<\/span><\/li>\n<li><span>23 Litres<\/span><\/li>\n<\/ul>\n<p><strong>Poids :<\/strong><\/p>\n<ul>\n<li>1,11 Kg<\/li>\n<\/ul>\n<p><strong>Informations livraisons<\/strong><\/p>\n<p>Les frais de livraisons sont offerts d\u00e8s 40\u20ac d&rsquo;achats<\/p>\n<div>Livraison entre 3 et 5 jours<\/div>\n<p>Mode de paiement s\u00e9curis\u00e9s accept\u00e9s : CARTE BANCAIRE\u00a0 ou\u00a0 PAYPAL<\/p>\n<div>R\u00e9ception des marchandises : A domicile ou Retrait \u00e0 notre magasin<\/div>\n<div>Consulter nos<a href=\"https:\/\/www.solene-maroquinerie.fr\/conditions_generales_de_vente.html\" target=\"_self\" title=\"Nos CGV\">\u00a0conditions g\u00e9n\u00e9rales de ventes<\/a><\/div>\n<p>\u00a0<\/p>\n","protected":false},"excerpt":{"rendered":"<p>Caract\u00e9ristiques du CARTABLE TANN&rsquo;S 41cm ELLIOTT MARINE L&rsquo;espace comme vous ne l&rsquo;avez jamais vu ! Le cartable Elliott arbore de multiples patchs : des petits, des grands, en gomme ou brod\u00e9s\u2026pour le plus grand bonheur des explorateurs de l&rsquo;univers ! Son plus : une ganse r\u00e9fl\u00e9chissante pour un effet wahou.Mati\u00e8re \u00e9co-responsable: ce cartable est fabriqu\u00e9 [&hellip;]<\/p>\n","protected":false},"featured_media":2126,"template":"","meta":[],"product_brand":[38],"product_cat":[66,37],"product_tag":[],"class_list":{"0":"post-1314","1":"product","2":"type-product","3":"status-publish","4":"has-post-thumbnail","6":"product_brand-tanns","7":"product_cat-cartable-tanns-41cm","8":"product_cat-cartables","10":"first","11":"instock","12":"taxable","13":"shipping-taxable","14":"purchasable","15":"product-type-simple"},"_links":{"self":[{"href":"https:\/\/www.solene-maroquinerie.fr\/index.php\/wp-json\/wp\/v2\/product\/1314","targetHints":{"allow":["GET"]}}],"collection":[{"href":"https:\/\/www.solene-maroquinerie.fr\/index.php\/wp-json\/wp\/v2\/product"}],"about":[{"href":"https:\/\/www.solene-maroquinerie.fr\/index.php\/wp-json\/wp\/v2\/types\/product"}],"wp:featuredmedia":[{"embeddable":true,"href":"https:\/\/www.solene-maroquinerie.fr\/index.php\/wp-json\/wp\/v2\/media\/2126"}],"wp:attachment":[{"href":"https:\/\/www.solene-maroquinerie.fr\/index.php\/wp-json\/wp\/v2\/media?parent=1314"}],"wp:term":[{"taxonomy":"product_brand","embeddable":true,"href":"https:\/\/www.solene-maroquinerie.fr\/index.php\/wp-json\/wp\/v2\/product_brand?post=1314"},{"taxonomy":"product_cat","embeddable":true,"href":"https:\/\/www.solene-maroquinerie.fr\/index.php\/wp-json\/wp\/v2\/product_cat?post=1314"},{"taxonomy":"product_tag","embeddable":true,"href":"https:\/\/www.solene-maroquinerie.fr\/index.php\/wp-json\/wp\/v2\/product_tag?post=1314"}],"curies":[{"name":"wp","href":"https:\/\/api.w.org\/{rel}","templated":true}]}}