{"id":1319,"date":"2026-04-29T11:21:08","date_gmt":"2026-04-29T11:21:08","guid":{"rendered":"https:\/\/www.solene-maroquinerie.fr\/index.php\/produit\/eastpak-pinzip-38litres-7d1-soft\/"},"modified":"2026-05-13T14:48:54","modified_gmt":"2026-05-13T14:48:54","slug":"eastpak-pinzip-38litres-7d1-soft","status":"publish","type":"product","link":"https:\/\/www.solene-maroquinerie.fr\/index.php\/produit\/eastpak-pinzip-38litres-7d1-soft\/","title":{"rendered":"EASTPAK PINZIP 38LITRES 7D1 SOFT"},"content":{"rendered":"<p><strong>Caract\u00e9ristiques du\u00a0SAC A DOS EASTPAK SAC A DOS EASTPAK PINZIP 38LITRES 7D1 SOFT NAVY<\/strong><\/p>\n<div><span style=\"font-family: arial, helvetica, sans-serif. font-size: 10pt. color: #000000.\"><span style=\"font-family: arial, helvetica, sans-serif. font-size: 10pt. color: #000000.\"><\/span><\/span> <\/p>\n<ul>\n<li>Deux compartiments principaux avec poche avant zipp\u00e9e et organiseur int\u00e9gr\u00e9<\/li>\n<li>Bretelles r\u00e9glables et panneau dorsal rembourr\u00e9s<\/li>\n<li>Housse rembourr\u00e9e pour ordinateur portable jusqu&rsquo;\u00e0 15\u00a0pouces<\/li>\n<li>Porte-bouteille lat\u00e9ral<\/li>\n<\/ul>\n<p> <span style=\"font-family: arial, helvetica, sans-serif. font-size: 10pt. color: #000000.\"><span style=\"font-family: arial, helvetica, sans-serif. font-size: 10pt. color: #000000.\"><\/span><\/span> <\/p>\n<p><strong>Dimensions :<\/strong><\/p>\n<ul>\n<li>Hauteur\u00a0: 42\u00a0cm, Largeur\u00a0: 32\u00a0cm, Profondeur\u00a0: 25,5\u00a0cm<\/li>\n<\/ul>\n<p><strong>Composition :<\/strong><\/p>\n<p> <span style=\"font-family: arial, helvetica, sans-serif. font-size: 10pt. color: #000000.\"><span style=\"font-family: arial, helvetica, sans-serif. font-size: 10pt. color: #000000.\"><\/span><\/span> <\/p>\n<ul>\n<li>60\u00a0% nylon et 40\u00a0% polyester<\/li>\n<\/ul>\n<p> <span style=\"font-family: arial, helvetica, sans-serif. font-size: 10pt. color: #000000.\"><span style=\"font-family: arial, helvetica, sans-serif. font-size: 10pt. color: #000000.\"><\/span><\/span> <\/p>\n<p><strong>Informations livraisons<\/strong><\/p>\n<p> <span style=\"font-family: arial, helvetica, sans-serif. font-size: 10pt. color: #000000.\"><span style=\"font-family: arial, helvetica, sans-serif. font-size: 10pt. color: #000000.\"><\/span><\/span> <\/p>\n<p>Les frais de livraisons sont offerts d\u00e8s 40\u20ac d&rsquo;achats<\/p>\n<p> <span style=\"font-family: arial, helvetica, sans-serif. font-size: 10pt. color: #000000.\"><span style=\"font-family: arial, helvetica, sans-serif. font-size: 10pt. color: #000000.\"><\/span><\/span> <\/p>\n<div>Livraison entre 3 et 5 jours<\/div>\n<p> <span style=\"font-family: arial, helvetica, sans-serif. font-size: 10pt. color: #000000.\"><span style=\"font-family: arial, helvetica, sans-serif. font-size: 10pt. color: #000000.\"><\/span><\/span> <\/p>\n<p>Mode de paiement s\u00e9curis\u00e9s accept\u00e9s : CARTE BANCAIRE\u00a0 ou\u00a0 PAYPAL<\/p>\n<p> <span style=\"font-family: arial, helvetica, sans-serif. font-size: 10pt. color: #000000.\"><span style=\"font-family: arial, helvetica, sans-serif. font-size: 10pt. color: #000000.\"><\/span><\/span> <\/p>\n<div>R\u00e9ception des marchandises : A domicile ou Retrait \u00e0 notre magasin<\/div>\n<p> <span style=\"font-family: arial, helvetica, sans-serif. font-size: 10pt. color: #000000.\"><span style=\"font-family: arial, helvetica, sans-serif. font-size: 10pt. color: #000000.\"><\/span><\/span> <\/p>\n<div>Consulter nos<a href=\"https:\/\/www.solene-maroquinerie.fr\/conditions_generales_de_vente.html\" target=\"_self\" title=\"Nos CGV\">\u00a0conditions g\u00e9n\u00e9rales de ventes<\/a><\/div>\n<p> <span style=\"font-family: arial, helvetica, sans-serif. font-size: 10pt. color: #000000.\"><\/p>\n<p><\/span><\/div>\n","protected":false},"excerpt":{"rendered":"<p class=\"reference-commerciale\">R\u00e9f\u00e9rence commerciale : EK0A5B9Q 7D1<\/p>\n","protected":false},"featured_media":2157,"template":"","meta":[],"product_brand":[20],"product_cat":[19,68],"product_tag":[],"class_list":{"0":"post-1319","1":"product","2":"type-product","3":"status-publish","4":"has-post-thumbnail","6":"product_brand-eastpak","7":"product_cat-sac-a-dos","8":"product_cat-sac-a-dos-pinzip","10":"first","11":"instock","12":"taxable","13":"shipping-taxable","14":"purchasable","15":"product-type-simple"},"_links":{"self":[{"href":"https:\/\/www.solene-maroquinerie.fr\/index.php\/wp-json\/wp\/v2\/product\/1319","targetHints":{"allow":["GET"]}}],"collection":[{"href":"https:\/\/www.solene-maroquinerie.fr\/index.php\/wp-json\/wp\/v2\/product"}],"about":[{"href":"https:\/\/www.solene-maroquinerie.fr\/index.php\/wp-json\/wp\/v2\/types\/product"}],"wp:featuredmedia":[{"embeddable":true,"href":"https:\/\/www.solene-maroquinerie.fr\/index.php\/wp-json\/wp\/v2\/media\/2157"}],"wp:attachment":[{"href":"https:\/\/www.solene-maroquinerie.fr\/index.php\/wp-json\/wp\/v2\/media?parent=1319"}],"wp:term":[{"taxonomy":"product_brand","embeddable":true,"href":"https:\/\/www.solene-maroquinerie.fr\/index.php\/wp-json\/wp\/v2\/product_brand?post=1319"},{"taxonomy":"product_cat","embeddable":true,"href":"https:\/\/www.solene-maroquinerie.fr\/index.php\/wp-json\/wp\/v2\/product_cat?post=1319"},{"taxonomy":"product_tag","embeddable":true,"href":"https:\/\/www.solene-maroquinerie.fr\/index.php\/wp-json\/wp\/v2\/product_tag?post=1319"}],"curies":[{"name":"wp","href":"https:\/\/api.w.org\/{rel}","templated":true}]}}