{"id":1325,"date":"2026-04-29T11:21:09","date_gmt":"2026-04-29T11:21:09","guid":{"rendered":"https:\/\/www.solene-maroquinerie.fr\/index.php\/produit\/sac-a-main-emilie-le-tanneur-tan-3\/"},"modified":"2026-05-13T11:54:47","modified_gmt":"2026-05-13T11:54:47","slug":"sac-a-main-emilie-le-tanneur-tan-3","status":"publish","type":"product","link":"https:\/\/www.solene-maroquinerie.fr\/index.php\/produit\/sac-a-main-emilie-le-tanneur-tan-3\/","title":{"rendered":"SAC A MAIN EMILIE LE TANNEUR TAN"},"content":{"rendered":"<p><strong>Caract\u00e9ristiques du PETIT SAC \u00c0 MAIN \u00c0 DOUBLE RABAT LE TANNEUR EMILIE EN CUIR GRAIN\u00c9 TAN<\/strong><\/p>\n<p>Petit sac \u00e0 main avec double rabat, bijouterie T signature et marquage Le Tanneur.<\/p>\n<p>Port\u00e9 main, \u00e9paule ou crois\u00e9 gr\u00e2ce \u00e0 sa bandouli\u00e8re ajustable et amovible.<\/p>\n<ul>\n<li><span>1 poche plate.<\/span><\/li>\n<li><span>1 poche plate arri\u00e8re dos.<\/span><\/li>\n<li><span>1 poche plate avant.<\/span><\/li>\n<li><span>Bandouli\u00e8re ajustable et amovible.<\/span><\/li>\n<li><span>Accessoires m\u00e9talliques finition dor\u00e9 clair.<\/span><\/li>\n<\/ul>\n<p><span>La ligne cumule les d\u00e9tails \u00e9l\u00e9gants, volontairement mis en avant ou plac\u00e9s discr\u00e8tement selon la saison.<\/span><\/p>\n<p><span>Ici, un nouveau double-rabat en pointe, r\u00e9v\u00e9lant la bijouterie T signature de ce mod\u00e8le qui demande autant \u00e0 \u00eatre port\u00e9 qu\u2019observ\u00e9.<\/span><\/p>\n<p><span>Ce petit mod\u00e8le forge \u00e0 sa mani\u00e8re la r\u00e9putation de cette ligne embl\u00e9matique.<\/span><\/p>\n<p>Dimensions :<\/p>\n<ul>\n<li>L 20 x H 17 x P 8,5 cm<\/li>\n<\/ul>\n<p>Composition :\u00a0<\/p>\n<ul>\n<li>\n<p>Cuir de vachette pleine fleur grain\u00e9. Doublure textile Le Bleu.<\/p>\n<\/li>\n<li>\n<p><span>Le cuir grain\u00e9 pleine fleur allie \u00e9l\u00e9gance et sp\u00e9cificit\u00e9 gr\u00e2ce \u00e0 son grain apparent. Le cuir pleine fleur est un cuir dont la surface est rest\u00e9e intacte et naturelle. C\u2019est la partie la plus noble du cuir.\u00a0<\/span><\/p>\n<\/li>\n<li>\n<p><span>Une sensation agr\u00e9able au toucher le rend tr\u00e8s singulier. De quoi donner du relief \u00e0 \u00e0 ce sac.<\/span><\/p>\n<\/li>\n<li>\n<p><span>Ce cuir est certifi\u00e9 Leather Working Group (LWG). Il s\u2019agit d\u2019un label charg\u00e9 d\u2019\u00e9valuer les tanneries du monde entier.<br \/><\/span><\/p>\n<\/li>\n<\/ul>\n<p><strong>Informations livraisons<\/strong><\/p>\n<div>Les frais de livraisons sont offerts d\u00e8s 40\u20ac d&rsquo;achats<br \/>Livraison entre 3 et 5 jours<\/div>\n<div>Mode de paiement s\u00e9curis\u00e9s accept\u00e9s : CARTE BANCAIRE\u00a0 ou\u00a0 PAYPAL<br \/>R\u00e9ception des marchandises : A domicile ou Retrait \u00e0 notre magasin<br \/>Consulter nos<a href=\"https:\/\/www.solene-maroquinerie.fr\/conditions_generales_de_vente.html\" target=\"_self\" title=\"Nos CGV\">\u00a0conditions g\u00e9n\u00e9rales de ventes<\/a><\/div>\n","protected":false},"excerpt":{"rendered":"<p>Caract\u00e9ristiques du PETIT SAC \u00c0 MAIN \u00c0 DOUBLE RABAT LE TANNEUR EMILIE EN CUIR GRAIN\u00c9 TAN Petit sac \u00e0 main avec double rabat, bijouterie T signature et marquage Le Tanneur. Port\u00e9 main, \u00e9paule ou crois\u00e9 gr\u00e2ce \u00e0 sa bandouli\u00e8re ajustable et amovible. 1 poche plate. 1 poche plate arri\u00e8re dos. 1 poche plate avant. Bandouli\u00e8re [&hellip;]<\/p>\n","protected":false},"featured_media":2190,"template":"","meta":[],"product_brand":[48],"product_cat":[47,28],"product_tag":[],"class_list":{"0":"post-1325","1":"product","2":"type-product","3":"status-publish","4":"has-post-thumbnail","6":"product_brand-le-tanneur","7":"product_cat-femme-le-tanneur","8":"product_cat-sac-a-main-2","10":"first","11":"instock","12":"taxable","13":"shipping-taxable","14":"purchasable","15":"product-type-simple"},"_links":{"self":[{"href":"https:\/\/www.solene-maroquinerie.fr\/index.php\/wp-json\/wp\/v2\/product\/1325","targetHints":{"allow":["GET"]}}],"collection":[{"href":"https:\/\/www.solene-maroquinerie.fr\/index.php\/wp-json\/wp\/v2\/product"}],"about":[{"href":"https:\/\/www.solene-maroquinerie.fr\/index.php\/wp-json\/wp\/v2\/types\/product"}],"wp:featuredmedia":[{"embeddable":true,"href":"https:\/\/www.solene-maroquinerie.fr\/index.php\/wp-json\/wp\/v2\/media\/2190"}],"wp:attachment":[{"href":"https:\/\/www.solene-maroquinerie.fr\/index.php\/wp-json\/wp\/v2\/media?parent=1325"}],"wp:term":[{"taxonomy":"product_brand","embeddable":true,"href":"https:\/\/www.solene-maroquinerie.fr\/index.php\/wp-json\/wp\/v2\/product_brand?post=1325"},{"taxonomy":"product_cat","embeddable":true,"href":"https:\/\/www.solene-maroquinerie.fr\/index.php\/wp-json\/wp\/v2\/product_cat?post=1325"},{"taxonomy":"product_tag","embeddable":true,"href":"https:\/\/www.solene-maroquinerie.fr\/index.php\/wp-json\/wp\/v2\/product_tag?post=1325"}],"curies":[{"name":"wp","href":"https:\/\/api.w.org\/{rel}","templated":true}]}}