{"id":1326,"date":"2026-04-29T11:21:09","date_gmt":"2026-04-29T11:21:09","guid":{"rendered":"https:\/\/www.solene-maroquinerie.fr\/index.php\/produit\/sac-bandouliere-moyen-ella\/"},"modified":"2026-05-13T11:54:47","modified_gmt":"2026-05-13T11:54:47","slug":"sac-bandouliere-moyen-ella","status":"publish","type":"product","link":"https:\/\/www.solene-maroquinerie.fr\/index.php\/produit\/sac-bandouliere-moyen-ella\/","title":{"rendered":"SAC BANDOULI\u00c8RE MOYEN ELLA"},"content":{"rendered":"<p><strong><span style=\"font-size: small.\">Caract\u00e9ristiques du\u00a0SAC BANDOULI\u00c8RE MOYEN LE TANNEUR ELLA MARRON ACAJOU<\/span><\/strong><\/p>\n<ul>\n<li>\n<p>Besace moyen mod\u00e8le avec marquage Le Tanneur et int\u00e9rieur jacquard anniversaire 125 ans.<\/p>\n<\/li>\n<li>\n<p>1 poche plate et 1 poche zipp\u00e9e avant et 1 poche plate dos.<\/p>\n<\/li>\n<li>\n<p><span>Mou<\/span>squeton cl\u00e9s.<\/p>\n<\/li>\n<li>\n<p>1 poche plate arri\u00e8re.\u00a0<\/p>\n<\/li>\n<li>\n<p>oign\u00e9e amovible.<\/p>\n<\/li>\n<li>\n<p>Bandouli\u00e8re ajustable et amovible.<\/p>\n<\/li>\n<li>\n<p>Accessoires m\u00e9talliques finition dor\u00e9 clair.<\/p>\n<\/li>\n<li>\n<p>Cette besace Le Tanneur s&rsquo;affirme avec caract\u00e8re, arborant fi\u00e8rement de nombreux d\u00e9tails \u00e0 la fois \u00e9l\u00e9gants et pratiques.<\/p>\n<\/li>\n<li>\n<p>En plus d&rsquo;un nouveau jeu en relief, nous avons dot\u00e9 ce mod\u00e8le d&rsquo;une poign\u00e9e ajust\u00e9e au corps du sac, de multiples poches et d&rsquo;un d\u00e9tail qui fait tout son charme : les \u0153illets lumineux sur la bandouli\u00e8re, vous aimez ?<\/p>\n<\/li>\n<\/ul>\n<p>Dimensions :<\/p>\n<ul>\n<li>L 22 x 18 x 8 cm<span><\/span><\/li>\n<\/ul>\n<p>Composition :\u00a0<\/p>\n<ul>\n<li>\n<p>Cuir de vachette pleine fleur grain\u00e9. Doublure textile jacquard noir.<\/p>\n<\/li>\n<li>\n<p><span>Le cuir grain\u00e9 pleine fleur allie \u00e9l\u00e9gance et sp\u00e9cificit\u00e9 gr\u00e2ce \u00e0 son grain apparent. Le cuir pleine fleur est un cuir dont la surface est rest\u00e9e intacte et naturelle. C\u2019est la partie la plus noble du cuir.\u00a0<\/span><\/p>\n<\/li>\n<li>\n<p><span>Une sensation agr\u00e9able au toucher le rend tr\u00e8s singulier. De quoi donner du relief \u00e0 \u00e0 ce sac.<\/span><\/p>\n<\/li>\n<\/ul>\n<p><strong>Informations livraisons<\/strong><\/p>\n<div>Les frais de livraisons sont offerts d\u00e8s 40\u20ac d&rsquo;achats<br \/>Livraison entre 3 et 5 jours<\/div>\n<div>Mode de paiement s\u00e9curis\u00e9s accept\u00e9s : CARTE BANCAIRE\u00a0 ou\u00a0 PAYPAL<br \/>R\u00e9ception des marchandises : A domicile ou Retrait \u00e0 notre magasin<br \/>Consulter nos<a href=\"https:\/\/www.solene-maroquinerie.fr\/conditions_generales_de_vente.html\" target=\"_self\" title=\"Nos CGV\">\u00a0conditions g\u00e9n\u00e9rales de ventes<\/a><\/div>\n","protected":false},"excerpt":{"rendered":"<p>Caract\u00e9ristiques du\u00a0SAC BANDOULI\u00c8RE MOYEN LE TANNEUR ELLA MARRON ACAJOU Besace moyen mod\u00e8le avec marquage Le Tanneur et int\u00e9rieur jacquard anniversaire 125 ans. 1 poche plate et 1 poche zipp\u00e9e avant et 1 poche plate dos. Mousqueton cl\u00e9s. 1 poche plate arri\u00e8re.\u00a0 oign\u00e9e amovible. Bandouli\u00e8re ajustable et amovible. Accessoires m\u00e9talliques finition dor\u00e9 clair. Cette besace Le [&hellip;]<\/p>\n","protected":false},"featured_media":2201,"template":"","meta":[],"product_brand":[48],"product_cat":[24,47],"product_tag":[],"class_list":{"0":"post-1326","1":"product","2":"type-product","3":"status-publish","4":"has-post-thumbnail","6":"product_brand-le-tanneur","7":"product_cat-divers","8":"product_cat-femme-le-tanneur","10":"first","11":"instock","12":"taxable","13":"shipping-taxable","14":"purchasable","15":"product-type-simple"},"_links":{"self":[{"href":"https:\/\/www.solene-maroquinerie.fr\/index.php\/wp-json\/wp\/v2\/product\/1326","targetHints":{"allow":["GET"]}}],"collection":[{"href":"https:\/\/www.solene-maroquinerie.fr\/index.php\/wp-json\/wp\/v2\/product"}],"about":[{"href":"https:\/\/www.solene-maroquinerie.fr\/index.php\/wp-json\/wp\/v2\/types\/product"}],"wp:featuredmedia":[{"embeddable":true,"href":"https:\/\/www.solene-maroquinerie.fr\/index.php\/wp-json\/wp\/v2\/media\/2201"}],"wp:attachment":[{"href":"https:\/\/www.solene-maroquinerie.fr\/index.php\/wp-json\/wp\/v2\/media?parent=1326"}],"wp:term":[{"taxonomy":"product_brand","embeddable":true,"href":"https:\/\/www.solene-maroquinerie.fr\/index.php\/wp-json\/wp\/v2\/product_brand?post=1326"},{"taxonomy":"product_cat","embeddable":true,"href":"https:\/\/www.solene-maroquinerie.fr\/index.php\/wp-json\/wp\/v2\/product_cat?post=1326"},{"taxonomy":"product_tag","embeddable":true,"href":"https:\/\/www.solene-maroquinerie.fr\/index.php\/wp-json\/wp\/v2\/product_tag?post=1326"}],"curies":[{"name":"wp","href":"https:\/\/api.w.org\/{rel}","templated":true}]}}