{"id":1327,"date":"2026-04-29T11:21:10","date_gmt":"2026-04-29T11:21:10","guid":{"rendered":"https:\/\/www.solene-maroquinerie.fr\/index.php\/produit\/sac-trotteur-lancaster-foulonne\/"},"modified":"2026-05-13T14:48:56","modified_gmt":"2026-05-13T14:48:56","slug":"sac-trotteur-lancaster-foulonne","status":"publish","type":"product","link":"https:\/\/www.solene-maroquinerie.fr\/index.php\/produit\/sac-trotteur-lancaster-foulonne\/","title":{"rendered":"SAC TROTTEUR LANCASTER FOULONN\u00c9"},"content":{"rendered":"<p><strong>Caract\u00e9ristiques du\u00a0SAC TROTTEUR LANCASTER FOULONN\u00c9 MILANO NOIR<\/strong><\/p>\n<p><span>Ce sac trotteur est confectionn\u00e9 de cuir de vachette grain\u00e9. Il poss\u00e8de une poche int\u00e9rieure principale. Ce sac se porte \u00e0 l&rsquo;\u00e9paule ou crois\u00e9.<\/span><\/p>\n<ul>\n<li>Fermeture \u00e0<span>\u00a0rabat avec fermoir<\/span><\/li>\n<li>Bandouli\u00e8re a<span>movible, r\u00e9glable<\/span><\/li>\n<li><span><span><span>Port\u00e9 \u00e9paule, port\u00e9 travers<\/span><\/span><\/span><\/li>\n<li>Mati\u00e8re :<span>Cuir de vachette grain\u00e9<\/span><\/li>\n<li>Doublure textile<\/li>\n<li>Finitions m\u00e9tal\u00a0<span>dor\u00e9 brillant<\/span><\/li>\n<\/ul>\n<p>Dimensions<\/p>\n<ul>\n<li><span><span><span>22.0&#215;14.0x8.0 cm<\/span><\/span><\/span><\/li>\n<\/ul>\n<h4><strong>Informations livraisons<\/strong><\/h4>\n<div>Les frais de livraisons sont offerts d\u00e8s 40\u20ac d&rsquo;achats<br \/>Livraison entre 3 et 5 jours<\/div>\n<div>Mode de paiement s\u00e9curis\u00e9s accept\u00e9s : CARTE BANCAIRE\u00a0 ou\u00a0 PAYPAL<br \/>R\u00e9ception des marchandises : A domicile ou Retrait \u00e0 notre magasin<br \/>Consulter nos<a href=\"http:\/\/www.solene-maroquinerie.fr\/conditions_generales_de_vente.html\" target=\"_self\" title=\"Nos CGV\">\u00a0conditions g\u00e9n\u00e9rales de ventes<\/a><\/div>\n<p>\u00a0<\/p>\n","protected":false},"excerpt":{"rendered":"<p class=\"reference-commerciale\">R\u00e9f\u00e9rence commerciale : 547-58 NOIR<\/p>\n","protected":false},"featured_media":2206,"template":"","meta":[],"product_brand":[29],"product_cat":[27,28],"product_tag":[],"class_list":{"0":"post-1327","1":"product","2":"type-product","3":"status-publish","4":"has-post-thumbnail","6":"product_brand-lancaster","7":"product_cat-sac-a-main","8":"product_cat-sac-a-main-2","10":"first","11":"instock","12":"taxable","13":"shipping-taxable","14":"purchasable","15":"product-type-simple"},"_links":{"self":[{"href":"https:\/\/www.solene-maroquinerie.fr\/index.php\/wp-json\/wp\/v2\/product\/1327","targetHints":{"allow":["GET"]}}],"collection":[{"href":"https:\/\/www.solene-maroquinerie.fr\/index.php\/wp-json\/wp\/v2\/product"}],"about":[{"href":"https:\/\/www.solene-maroquinerie.fr\/index.php\/wp-json\/wp\/v2\/types\/product"}],"wp:featuredmedia":[{"embeddable":true,"href":"https:\/\/www.solene-maroquinerie.fr\/index.php\/wp-json\/wp\/v2\/media\/2206"}],"wp:attachment":[{"href":"https:\/\/www.solene-maroquinerie.fr\/index.php\/wp-json\/wp\/v2\/media?parent=1327"}],"wp:term":[{"taxonomy":"product_brand","embeddable":true,"href":"https:\/\/www.solene-maroquinerie.fr\/index.php\/wp-json\/wp\/v2\/product_brand?post=1327"},{"taxonomy":"product_cat","embeddable":true,"href":"https:\/\/www.solene-maroquinerie.fr\/index.php\/wp-json\/wp\/v2\/product_cat?post=1327"},{"taxonomy":"product_tag","embeddable":true,"href":"https:\/\/www.solene-maroquinerie.fr\/index.php\/wp-json\/wp\/v2\/product_tag?post=1327"}],"curies":[{"name":"wp","href":"https:\/\/api.w.org\/{rel}","templated":true}]}}