{"id":1349,"date":"2026-04-29T11:21:13","date_gmt":"2026-04-29T11:21:13","guid":{"rendered":"https:\/\/www.solene-maroquinerie.fr\/index.php\/produit\/sac-a-dos-lancaster-suave-even\/"},"modified":"2026-05-13T11:54:56","modified_gmt":"2026-05-13T11:54:56","slug":"sac-a-dos-lancaster-suave-even","status":"publish","type":"product","link":"https:\/\/www.solene-maroquinerie.fr\/index.php\/produit\/sac-a-dos-lancaster-suave-even\/","title":{"rendered":"SAC A DOS LANCASTER SUAVE EVEN"},"content":{"rendered":"<div><strong>Caract\u00e9ristiques du\u00a0SAC A DOS LANCASTER SUAVE EVEN NOIR<\/strong><\/div>\n<div>\n<ul>\n<li>\n<p style=\"display: inline !important.\">Sac \u00e0 dos<\/p>\n<\/li>\n<li><span>Poche arri\u00e8re ext\u00e9rieure zipp\u00e9e, poche int\u00e9rieure zipp\u00e9e, poche int\u00e9rieure simple, rangement t\u00e9l\u00e9phone.<\/span><\/li>\n<li>Taille : 26 x 24 x 11 cm<\/li>\n<li>Fermeture \u00e0 rabat avec fermoir<\/li>\n<li>Refente de cuir de vachette lisse<\/li>\n<li>Doublure textile<\/li>\n<li>Finition M\u00e9tal argent\u00e9 brillant<\/li>\n<\/ul><\/div>\n<h4><strong>Informations livraisons<\/strong><\/h4>\n<div>Les frais de livraisons sont offerts d\u00e8s 40\u20ac d&rsquo;achats<\/div>\n<div>Livraison entre 3 et 5 jours<\/div>\n<p>\u00a0<\/p>\n<p>Mode de paiement s\u00e9curis\u00e9s accept\u00e9s : CARTE BANCAIRE\u00a0 ou\u00a0 PAYPAL<\/p>\n<div>R\u00e9ception des marchandises : A domicile ou Retrait \u00e0 notre magasin<br \/>Consulter nos<a href=\"http:\/\/www.solene-maroquinerie.fr\/conditions_generales_de_vente.html\" target=\"_self\" title=\"Nos CGV\">\u00a0conditions g\u00e9n\u00e9rales de ventes<\/a><\/div>\n<p><span style=\"color: #000000. font-family: arial, helvetica, sans-serif. font-size: small.\"><br \/><\/span><\/p>\n","protected":false},"excerpt":{"rendered":"<p>Caract\u00e9ristiques du\u00a0SAC A DOS LANCASTER SUAVE EVEN NOIR Sac \u00e0 dos Poche arri\u00e8re ext\u00e9rieure zipp\u00e9e, poche int\u00e9rieure zipp\u00e9e, poche int\u00e9rieure simple, rangement t\u00e9l\u00e9phone. Taille : 26 x 24 x 11 cm Fermeture \u00e0 rabat avec fermoir Refente de cuir de vachette lisse Doublure textile Finition M\u00e9tal argent\u00e9 brillant Informations livraisons Les frais de livraisons sont [&hellip;]<\/p>\n","protected":false},"featured_media":2356,"comment_status":"open","ping_status":"closed","template":"","meta":[],"product_brand":[29],"product_cat":[27,28],"product_tag":[],"class_list":{"0":"post-1349","1":"product","2":"type-product","3":"status-publish","4":"has-post-thumbnail","6":"product_brand-lancaster","7":"product_cat-sac-a-main","8":"product_cat-sac-a-main-2","10":"first","11":"instock","12":"taxable","13":"shipping-taxable","14":"purchasable","15":"product-type-simple"},"_links":{"self":[{"href":"https:\/\/www.solene-maroquinerie.fr\/index.php\/wp-json\/wp\/v2\/product\/1349","targetHints":{"allow":["GET"]}}],"collection":[{"href":"https:\/\/www.solene-maroquinerie.fr\/index.php\/wp-json\/wp\/v2\/product"}],"about":[{"href":"https:\/\/www.solene-maroquinerie.fr\/index.php\/wp-json\/wp\/v2\/types\/product"}],"replies":[{"embeddable":true,"href":"https:\/\/www.solene-maroquinerie.fr\/index.php\/wp-json\/wp\/v2\/comments?post=1349"}],"wp:featuredmedia":[{"embeddable":true,"href":"https:\/\/www.solene-maroquinerie.fr\/index.php\/wp-json\/wp\/v2\/media\/2356"}],"wp:attachment":[{"href":"https:\/\/www.solene-maroquinerie.fr\/index.php\/wp-json\/wp\/v2\/media?parent=1349"}],"wp:term":[{"taxonomy":"product_brand","embeddable":true,"href":"https:\/\/www.solene-maroquinerie.fr\/index.php\/wp-json\/wp\/v2\/product_brand?post=1349"},{"taxonomy":"product_cat","embeddable":true,"href":"https:\/\/www.solene-maroquinerie.fr\/index.php\/wp-json\/wp\/v2\/product_cat?post=1349"},{"taxonomy":"product_tag","embeddable":true,"href":"https:\/\/www.solene-maroquinerie.fr\/index.php\/wp-json\/wp\/v2\/product_tag?post=1349"}],"curies":[{"name":"wp","href":"https:\/\/api.w.org\/{rel}","templated":true}]}}