{"id":136,"date":"2026-04-29T07:33:07","date_gmt":"2026-04-29T07:33:07","guid":{"rendered":"https:\/\/www.solene-maroquinerie.fr\/index.php\/produit\/mini-sac-trotteur-lancaster-dune\/"},"modified":"2026-05-13T11:53:03","modified_gmt":"2026-05-13T11:53:03","slug":"mini-sac-trotteur-lancaster-dune","status":"publish","type":"product","link":"https:\/\/www.solene-maroquinerie.fr\/index.php\/produit\/mini-sac-trotteur-lancaster-dune\/","title":{"rendered":"MINI SAC TROTTEUR LANCASTER DUNE"},"content":{"rendered":"<div><strong>Caract\u00e9ristiques du\u00a0SAC TROTTEUR LANCASTER DUNE CAMEL<\/strong><\/div>\n<div>\n<ul>\n<li>Poche avant zipp\u00e9e, poche int\u00e9rieure zipp\u00e9e, poche int\u00e9rieure simple<\/li>\n<li>Taille : 20 x 14 x 6cm<\/li>\n<li>Fermeture Zipp\u00e9e<\/li>\n<li>Cuir de vachette pleine fleur finition grain\u00e9e\u00a0<\/li>\n<li>Doublure Synth\u00e9tique<\/li>\n<li>Finition M\u00e9tal dor\u00e9 brillant<\/li>\n<\/ul>\n<p> <strong><\/strong><\/div>\n<p><strong>Informations livraisons<\/strong><\/p>\n<p>Les frais de livraisons sont offerts d\u00e8s 40\u20ac d&rsquo;achats<\/p>\n<p>Mode de paiement s\u00e9curis\u00e9s accept\u00e9s : CARTE BANCAIRE\u00a0 ou\u00a0 PAYPAL<\/p>\n<div>R\u00e9ception des marchandises : A domicile ou Retrait \u00e0 notre magasin<\/div>\n<div>Livraison entre 3 et 5 jours<\/div>\n<div>Retrait au magasin sous 24h (rdv)<\/div>\n<div>Consulter nos<a href=\"https:\/\/www.solene-maroquinerie.fr\/conditions_generales_de_vente.html\" target=\"_self\" title=\"Nos CGV\">\u00a0conditions g\u00e9n\u00e9rales de ventes<\/a><\/div>\n<p>\u00a0<\/p>\n<p><span style=\"color: #000000. font-family: arial, helvetica, sans-serif. font-size: small.\"><br \/><\/span><\/p>\n","protected":false},"excerpt":{"rendered":"<p>Caract\u00e9ristiques du\u00a0SAC TROTTEUR LANCASTER DUNE CAMEL Poche avant zipp\u00e9e, poche int\u00e9rieure zipp\u00e9e, poche int\u00e9rieure simple Taille : 20 x 14 x 6cm Fermeture Zipp\u00e9e Cuir de vachette pleine fleur finition grain\u00e9e\u00a0 Doublure Synth\u00e9tique Finition M\u00e9tal dor\u00e9 brillant Informations livraisons Les frais de livraisons sont offerts d\u00e8s 40\u20ac d&rsquo;achats Mode de paiement s\u00e9curis\u00e9s accept\u00e9s : CARTE [&hellip;]<\/p>\n","protected":false},"featured_media":1833,"comment_status":"open","ping_status":"closed","template":"","meta":[],"product_brand":[29],"product_cat":[27,28],"product_tag":[],"class_list":{"0":"post-136","1":"product","2":"type-product","3":"status-publish","4":"has-post-thumbnail","6":"product_brand-lancaster","7":"product_cat-sac-a-main","8":"product_cat-sac-a-main-2","10":"first","11":"instock","12":"taxable","13":"shipping-taxable","14":"purchasable","15":"product-type-simple"},"_links":{"self":[{"href":"https:\/\/www.solene-maroquinerie.fr\/index.php\/wp-json\/wp\/v2\/product\/136","targetHints":{"allow":["GET"]}}],"collection":[{"href":"https:\/\/www.solene-maroquinerie.fr\/index.php\/wp-json\/wp\/v2\/product"}],"about":[{"href":"https:\/\/www.solene-maroquinerie.fr\/index.php\/wp-json\/wp\/v2\/types\/product"}],"replies":[{"embeddable":true,"href":"https:\/\/www.solene-maroquinerie.fr\/index.php\/wp-json\/wp\/v2\/comments?post=136"}],"wp:featuredmedia":[{"embeddable":true,"href":"https:\/\/www.solene-maroquinerie.fr\/index.php\/wp-json\/wp\/v2\/media\/1833"}],"wp:attachment":[{"href":"https:\/\/www.solene-maroquinerie.fr\/index.php\/wp-json\/wp\/v2\/media?parent=136"}],"wp:term":[{"taxonomy":"product_brand","embeddable":true,"href":"https:\/\/www.solene-maroquinerie.fr\/index.php\/wp-json\/wp\/v2\/product_brand?post=136"},{"taxonomy":"product_cat","embeddable":true,"href":"https:\/\/www.solene-maroquinerie.fr\/index.php\/wp-json\/wp\/v2\/product_cat?post=136"},{"taxonomy":"product_tag","embeddable":true,"href":"https:\/\/www.solene-maroquinerie.fr\/index.php\/wp-json\/wp\/v2\/product_tag?post=136"}],"curies":[{"name":"wp","href":"https:\/\/api.w.org\/{rel}","templated":true}]}}