{"id":1370,"date":"2026-04-29T11:21:15","date_gmt":"2026-04-29T11:21:15","guid":{"rendered":"https:\/\/www.solene-maroquinerie.fr\/index.php\/produit\/sac-a-dos-cabaia-maxi-nicosie\/"},"modified":"2026-05-13T16:40:26","modified_gmt":"2026-05-13T16:40:26","slug":"sac-a-dos-cabaia-maxi-nicosie","status":"publish","type":"product","link":"https:\/\/www.solene-maroquinerie.fr\/index.php\/produit\/sac-a-dos-cabaia-maxi-nicosie\/","title":{"rendered":"SAC A DOS CABAIA ADVENTURER LARGE NICOSIE"},"content":{"rendered":"<p><span style=\"font-family: arial, helvetica, sans-serif. font-size: small.;\"><strong>Descriptif du SAC A DOS CABAIA ADVENTURER LARGE NICOSIE<\/strong><\/span><\/p>\n<ul>\n<li>Garanti \u00e0 vie<\/li>\n<li>Volume : 23L pour y glisser tous vos essentiels<\/li>\n<li>Syst\u00e8me MOLLE pour attacher les pochettes avant et lat\u00e9rales<\/li>\n<li>Compartiment rembourr\u00e9 pour ordinateur 15 pouces<\/li>\n<li>Vegan et d\u00e9perlant<\/li>\n<li>Sangle attache valise<\/li>\n<li>Bretelles rembourr\u00e9es et anti-transpirantes<\/li>\n<\/ul>\n<p><strong>Dimensions (23L): <\/strong>29cm (largeur) x 48cm (hauteur) x 17cm (profondeur)<\/p>\n<p><strong>Composition<\/strong>\u00a0:<br \/>\nTissu exterieur principal: 70% coton recycl\u00e9 et 30% polyester recycl\u00e9<br \/>\nTissu ext\u00e9rieur enduit: 100% Polyurethane<br \/>\nDoublure interieure: 100% Polyester<\/p>\n<h4><span style=\"font-family: arial, helvetica, sans-serif. font-size: small.;\"><strong>Informations livraisons<\/strong><\/span><\/h4>\n<div><span style=\"font-family: arial, helvetica, sans-serif. font-size: small.;\">Les frais de livraisons sont offerts d\u00e8s 40\u20ac d&rsquo;achats<\/span><br \/>\n<span style=\"font-family: arial, helvetica, sans-serif. font-size: small.;\">Livraison entre 3 et 5 jours<\/span><\/div>\n<div><span style=\"font-family: arial, helvetica, sans-serif. font-size: small.;\">Mode de paiement s\u00e9curis\u00e9s accept\u00e9s : CARTE BANCAIRE\u00a0 ou\u00a0 PAYPAL<\/span><br \/>\n<span style=\"font-family: arial, helvetica, sans-serif. font-size: small.;\">R\u00e9ception des marchandises : A domicile ou Retrait \u00e0 notre magasin<\/span><\/div>\n","protected":false},"excerpt":{"rendered":"<p class=\"reference-commerciale\">R\u00e9f\u00e9rence commerciale : NICOSIE-LARGE<\/p>\n","protected":false},"featured_media":2417,"template":"","meta":[],"product_brand":[42],"product_cat":[19,43],"product_tag":[],"class_list":{"0":"post-1370","1":"product","2":"type-product","3":"status-publish","4":"has-post-thumbnail","6":"product_brand-cabaia","7":"product_cat-sac-a-dos","8":"product_cat-sac-a-dos-cabaia-large","10":"first","11":"instock","12":"taxable","13":"shipping-taxable","14":"purchasable","15":"product-type-simple"},"_links":{"self":[{"href":"https:\/\/www.solene-maroquinerie.fr\/index.php\/wp-json\/wp\/v2\/product\/1370","targetHints":{"allow":["GET"]}}],"collection":[{"href":"https:\/\/www.solene-maroquinerie.fr\/index.php\/wp-json\/wp\/v2\/product"}],"about":[{"href":"https:\/\/www.solene-maroquinerie.fr\/index.php\/wp-json\/wp\/v2\/types\/product"}],"wp:featuredmedia":[{"embeddable":true,"href":"https:\/\/www.solene-maroquinerie.fr\/index.php\/wp-json\/wp\/v2\/media\/2417"}],"wp:attachment":[{"href":"https:\/\/www.solene-maroquinerie.fr\/index.php\/wp-json\/wp\/v2\/media?parent=1370"}],"wp:term":[{"taxonomy":"product_brand","embeddable":true,"href":"https:\/\/www.solene-maroquinerie.fr\/index.php\/wp-json\/wp\/v2\/product_brand?post=1370"},{"taxonomy":"product_cat","embeddable":true,"href":"https:\/\/www.solene-maroquinerie.fr\/index.php\/wp-json\/wp\/v2\/product_cat?post=1370"},{"taxonomy":"product_tag","embeddable":true,"href":"https:\/\/www.solene-maroquinerie.fr\/index.php\/wp-json\/wp\/v2\/product_tag?post=1370"}],"curies":[{"name":"wp","href":"https:\/\/api.w.org\/{rel}","templated":true}]}}