{"id":138,"date":"2026-04-29T07:33:09","date_gmt":"2026-04-29T07:33:09","guid":{"rendered":"https:\/\/www.solene-maroquinerie.fr\/index.php\/produit\/sac-cabas-reversible-lacoste\/"},"modified":"2026-05-13T14:48:11","modified_gmt":"2026-05-13T14:48:11","slug":"sac-cabas-reversible-lacoste","status":"publish","type":"product","link":"https:\/\/www.solene-maroquinerie.fr\/index.php\/produit\/sac-cabas-reversible-lacoste\/","title":{"rendered":"SAC CABAS REVERSIBLE LACOSTE"},"content":{"rendered":"<p><strong style=\"font-size: 1em.\">Descriptif du\u00a0SAC LACOSTE CABAS ANNA REVERSIBLE MARINE ROUGE<\/strong><\/p>\n<p>Ce sac cabas r\u00e9versible bi-mati\u00e8re et bicolore est r\u00e9alis\u00e9 en toile enduite et \u00e9quip\u00e9 d&rsquo;une pochette amovible. Son volume pratique accompagne toutes vos sorties.<\/p>\n<ul>\n<li>Pochette amovible<\/li>\n<li>R\u00e9versible bicolore<\/li>\n<li>Crocodile m\u00e9tal nickel brillant<\/li>\n<\/ul>\n<h4><strong><span>Caract\u00e9ristiques du\u00a0SAC LACOSTE CABAS ANNA REVERSIBLE MARINE ROUGE<\/span><\/strong><\/h4>\n<p>Dimensions 35 x 30 x 14 cm<br \/>Ext\u00e9rieur PVC<br \/>Ext\u00e9rieur : Pvc (100%)<\/p>\n<h4><strong><span>Informations livraisons<\/span><\/strong><\/h4>\n<div><span>Les frais de livraisons sont offerts d\u00e8s 40\u20ac d&rsquo;achats<br \/>Livraison entre 3 et 5 jours<br \/><\/span><\/div>\n<div><span>Mode de paiement s\u00e9curis\u00e9s accept\u00e9s : CARTE BANCAIRE\u00a0 ou\u00a0 PAYPAL<br \/>R\u00e9ception des marchandises : A domicile ou Retrait \u00e0 notre magasin<br \/>Consulter nos<a href=\"http:\/\/www.solene-maroquinerie.fr\/conditions_generales_de_vente.html\" target=\"_self\" title=\"Nos CGV\">\u00a0conditions g\u00e9n\u00e9rales de ventes<\/a><\/span><\/div>\n<p>\u00a0<\/p>\n","protected":false},"excerpt":{"rendered":"<p class=\"reference-commerciale\">R\u00e9f\u00e9rence commerciale : NF2142AA B50<\/p>\n","protected":false},"featured_media":1834,"template":"","meta":[],"product_brand":[25],"product_cat":[24,23],"product_tag":[],"class_list":{"0":"post-138","1":"product","2":"type-product","3":"status-publish","4":"has-post-thumbnail","6":"product_brand-lacoste","7":"product_cat-divers","8":"product_cat-femme","10":"first","11":"instock","12":"taxable","13":"shipping-taxable","14":"purchasable","15":"product-type-simple"},"_links":{"self":[{"href":"https:\/\/www.solene-maroquinerie.fr\/index.php\/wp-json\/wp\/v2\/product\/138","targetHints":{"allow":["GET"]}}],"collection":[{"href":"https:\/\/www.solene-maroquinerie.fr\/index.php\/wp-json\/wp\/v2\/product"}],"about":[{"href":"https:\/\/www.solene-maroquinerie.fr\/index.php\/wp-json\/wp\/v2\/types\/product"}],"wp:featuredmedia":[{"embeddable":true,"href":"https:\/\/www.solene-maroquinerie.fr\/index.php\/wp-json\/wp\/v2\/media\/1834"}],"wp:attachment":[{"href":"https:\/\/www.solene-maroquinerie.fr\/index.php\/wp-json\/wp\/v2\/media?parent=138"}],"wp:term":[{"taxonomy":"product_brand","embeddable":true,"href":"https:\/\/www.solene-maroquinerie.fr\/index.php\/wp-json\/wp\/v2\/product_brand?post=138"},{"taxonomy":"product_cat","embeddable":true,"href":"https:\/\/www.solene-maroquinerie.fr\/index.php\/wp-json\/wp\/v2\/product_cat?post=138"},{"taxonomy":"product_tag","embeddable":true,"href":"https:\/\/www.solene-maroquinerie.fr\/index.php\/wp-json\/wp\/v2\/product_tag?post=138"}],"curies":[{"name":"wp","href":"https:\/\/api.w.org\/{rel}","templated":true}]}}