{"id":1390,"date":"2026-04-29T11:22:09","date_gmt":"2026-04-29T11:22:09","guid":{"rendered":"https:\/\/www.solene-maroquinerie.fr\/index.php\/produit\/sac-de-voyage-cabaia-trogir\/"},"modified":"2026-05-13T11:55:02","modified_gmt":"2026-05-13T11:55:02","slug":"sac-de-voyage-cabaia-trogir","status":"publish","type":"product","link":"https:\/\/www.solene-maroquinerie.fr\/index.php\/produit\/sac-de-voyage-cabaia-trogir\/","title":{"rendered":"SAC DE VOYAGE CABAIA TROGIR"},"content":{"rendered":"<p><strong>Descriptif du SAC DE VOYAGE CABAI DUFFLE ADVENTURER TROGIR<\/strong><\/p>\n<ul>\n<li>Garanti \u00e0 vie<\/li>\n<li>Anse \u00e0 l&rsquo;int\u00e9rieur pour le porter \u00e0 l&rsquo;\u00e9paule<\/li>\n<li>Bretelles pour le porter sur le dos<\/li>\n<li>Poign\u00e9e lat\u00e9rale pour simplifier la prise en main<\/li>\n<li>Compartiment ordinateur rembourr\u00e9<\/li>\n<li>Poches int\u00e9rieures \u00e0 pression<\/li>\n<li>Bandouli\u00e8re et bretelles renforc\u00e9es<\/li>\n<li>Syst\u00e8me MOLLE pour attacher les pochettes avant et lat\u00e9rales<\/li>\n<li>Vegan et d\u00e9perlant<\/li>\n<li><span>Dimensions (40L) :\u00a0<\/span><span>29cm x 30cm x 45cm<\/span><\/li>\n<li><span><span>Poids :\u00a0<\/span><span>1,34kg<\/span><br \/><\/span><\/li>\n<li><span><span><span>Compartiment ordinateur :\u00a0<\/span><span>Jusqu&rsquo;\u00e0 14 pouces<\/span><br \/><\/span><\/span><\/li>\n<\/ul>\n<p>Composition\u00a0:<\/p>\n<ul>\n<li>Tissu exterieur principal : <span>70% coton recycl\u00e9 et 30% polyester recycl\u00e9<\/span><\/li>\n<li>Tissu ext\u00e9rieur enduit : Polyurethane\u00a0<\/li>\n<li>Doublure interieure : 100% Polyester<\/li>\n<\/ul>\n<h4>Informations livraisons<\/h4>\n<div>Les frais de livraisons sont offerts d\u00e8s 40\u20ac d&rsquo;achats<br \/>Livraison entre 3 et 5 jours<\/div>\n<div>Mode de paiement s\u00e9curis\u00e9s accept\u00e9s : CARTE BANCAIRE\u00a0 ou\u00a0 PAYPAL<br \/>R\u00e9ception des marchandises : A domicile ou Retrait \u00e0 notre magasin<br \/>Consulter nos<a href=\"http:\/\/www.solene-maroquinerie.fr\/conditions_generales_de_vente.html\" target=\"_self\" title=\"Nos CGV\">\u00a0conditions g\u00e9n\u00e9rales de ventes<\/a><\/div>\n<p>\u00a0<\/p>\n","protected":false},"excerpt":{"rendered":"<p>Descriptif du SAC DE VOYAGE CABAI DUFFLE ADVENTURER TROGIR Garanti \u00e0 vie Anse \u00e0 l&rsquo;int\u00e9rieur pour le porter \u00e0 l&rsquo;\u00e9paule Bretelles pour le porter sur le dos Poign\u00e9e lat\u00e9rale pour simplifier la prise en main Compartiment ordinateur rembourr\u00e9 Poches int\u00e9rieures \u00e0 pression Bandouli\u00e8re et bretelles renforc\u00e9es Syst\u00e8me MOLLE pour attacher les pochettes avant et lat\u00e9rales [&hellip;]<\/p>\n","protected":false},"featured_media":2443,"template":"","meta":[],"product_brand":[42],"product_cat":[60,59],"product_tag":[],"class_list":{"0":"post-1390","1":"product","2":"type-product","3":"status-publish","4":"has-post-thumbnail","6":"product_brand-cabaia","7":"product_cat-bagages","8":"product_cat-sac-de-voyage-cabaia","10":"first","11":"instock","12":"taxable","13":"shipping-taxable","14":"purchasable","15":"product-type-simple"},"_links":{"self":[{"href":"https:\/\/www.solene-maroquinerie.fr\/index.php\/wp-json\/wp\/v2\/product\/1390","targetHints":{"allow":["GET"]}}],"collection":[{"href":"https:\/\/www.solene-maroquinerie.fr\/index.php\/wp-json\/wp\/v2\/product"}],"about":[{"href":"https:\/\/www.solene-maroquinerie.fr\/index.php\/wp-json\/wp\/v2\/types\/product"}],"wp:featuredmedia":[{"embeddable":true,"href":"https:\/\/www.solene-maroquinerie.fr\/index.php\/wp-json\/wp\/v2\/media\/2443"}],"wp:attachment":[{"href":"https:\/\/www.solene-maroquinerie.fr\/index.php\/wp-json\/wp\/v2\/media?parent=1390"}],"wp:term":[{"taxonomy":"product_brand","embeddable":true,"href":"https:\/\/www.solene-maroquinerie.fr\/index.php\/wp-json\/wp\/v2\/product_brand?post=1390"},{"taxonomy":"product_cat","embeddable":true,"href":"https:\/\/www.solene-maroquinerie.fr\/index.php\/wp-json\/wp\/v2\/product_cat?post=1390"},{"taxonomy":"product_tag","embeddable":true,"href":"https:\/\/www.solene-maroquinerie.fr\/index.php\/wp-json\/wp\/v2\/product_tag?post=1390"}],"curies":[{"name":"wp","href":"https:\/\/api.w.org\/{rel}","templated":true}]}}