{"id":1407,"date":"2026-04-29T11:22:12","date_gmt":"2026-04-29T11:22:12","guid":{"rendered":"https:\/\/www.solene-maroquinerie.fr\/index.php\/produit\/sac-a-dos-cabaia-xs-capri\/"},"modified":"2026-05-13T14:49:05","modified_gmt":"2026-05-13T14:49:05","slug":"sac-a-dos-cabaia-xs-capri","status":"publish","type":"product","link":"https:\/\/www.solene-maroquinerie.fr\/index.php\/produit\/sac-a-dos-cabaia-xs-capri\/","title":{"rendered":"SAC A DOS CABAIA XS CAPRI"},"content":{"rendered":"<p><strong>Descriptif du SAC A DOS CABAIA ADVENTURER XS CAPRI<\/strong><\/p>\n<ul>\n<li>Garanti \u00e0 vie<\/li>\n<li>Ouverture grand angle<\/li>\n<li>Syst\u00e8me MOLLE pour attacher une pochettes avant small<\/li>\n<li>Poches gourdes ext\u00e9rieures<\/li>\n<li>Pochette secr\u00e8te<\/li>\n<li>Bretelles rembourr\u00e9es et anti-transpirantes<\/li>\n<li>Vegan et d\u00e9perlant<\/li>\n<\/ul>\n<p>Ce sac est accompagn\u00e9 de 2 pochettes small interchangeables<\/p>\n<p>Attention les pochettes avant medium ne sont pas compatibles avec les sacs \u00e0 dos Adventurer XS.<\/p>\n<p><strong>Dimensions (6L):\u00a0<\/strong>20cm (largeur) x 27cm (hauteur) x 10.5cm (profondeur)<\/p>\n<p><strong>Composition<\/strong>\u00a0:\u00a0<br \/>Tissu exterieur principal: 100% Polyester recycl\u00e9<br \/>Tissu ext\u00e9rieur enduit: Polyurethane\u00a0<br \/>Doublure interieure: 100% Polyester<\/p>\n<p>\u00a0<a href=\"https:\/\/youtu.be\/fI5vMmxNag0\" target=\"_blank\" title=\"Partager le lien\">https:\/\/youtu.be\/fI5vMmxNag0<\/a><\/p>\n<h4>Informations livraisons<\/h4>\n<div>Les frais de livraisons sont offerts d\u00e8s 40\u20ac d&rsquo;achats<br \/>Livraison entre 3 et 5 jours<\/div>\n<div>Mode de paiement s\u00e9curis\u00e9s accept\u00e9s : CARTE BANCAIRE\u00a0 ou\u00a0 PAYPAL<br \/>R\u00e9ception des marchandises : A domicile ou Retrait \u00e0 notre magasin<br \/>Consulter nos<a href=\"http:\/\/www.solene-maroquinerie.fr\/conditions_generales_de_vente.html\" target=\"_self\" title=\"Nos CGV\">\u00a0conditions g\u00e9n\u00e9rales de ventes<\/a><\/div>\n","protected":false},"excerpt":{"rendered":"<p class=\"reference-commerciale\">R\u00e9f\u00e9rence commerciale : ADVENTURER-XS-CAPRI<\/p>\n","protected":false},"featured_media":2487,"template":"","meta":[],"product_brand":[42],"product_cat":[19,87],"product_tag":[],"class_list":{"0":"post-1407","1":"product","2":"type-product","3":"status-publish","4":"has-post-thumbnail","6":"product_brand-cabaia","7":"product_cat-sac-a-dos","8":"product_cat-sac-a-dos-cabaia-xs","10":"first","11":"instock","12":"taxable","13":"shipping-taxable","14":"purchasable","15":"product-type-simple"},"_links":{"self":[{"href":"https:\/\/www.solene-maroquinerie.fr\/index.php\/wp-json\/wp\/v2\/product\/1407","targetHints":{"allow":["GET"]}}],"collection":[{"href":"https:\/\/www.solene-maroquinerie.fr\/index.php\/wp-json\/wp\/v2\/product"}],"about":[{"href":"https:\/\/www.solene-maroquinerie.fr\/index.php\/wp-json\/wp\/v2\/types\/product"}],"wp:featuredmedia":[{"embeddable":true,"href":"https:\/\/www.solene-maroquinerie.fr\/index.php\/wp-json\/wp\/v2\/media\/2487"}],"wp:attachment":[{"href":"https:\/\/www.solene-maroquinerie.fr\/index.php\/wp-json\/wp\/v2\/media?parent=1407"}],"wp:term":[{"taxonomy":"product_brand","embeddable":true,"href":"https:\/\/www.solene-maroquinerie.fr\/index.php\/wp-json\/wp\/v2\/product_brand?post=1407"},{"taxonomy":"product_cat","embeddable":true,"href":"https:\/\/www.solene-maroquinerie.fr\/index.php\/wp-json\/wp\/v2\/product_cat?post=1407"},{"taxonomy":"product_tag","embeddable":true,"href":"https:\/\/www.solene-maroquinerie.fr\/index.php\/wp-json\/wp\/v2\/product_tag?post=1407"}],"curies":[{"name":"wp","href":"https:\/\/api.w.org\/{rel}","templated":true}]}}