{"id":1414,"date":"2026-04-29T11:22:13","date_gmt":"2026-04-29T11:22:13","guid":{"rendered":"https:\/\/www.solene-maroquinerie.fr\/index.php\/produit\/cartable-tanns-38cm-marius-bleu\/"},"modified":"2026-05-13T11:55:07","modified_gmt":"2026-05-13T11:55:07","slug":"cartable-tanns-38cm-marius-bleu","status":"publish","type":"product","link":"https:\/\/www.solene-maroquinerie.fr\/index.php\/produit\/cartable-tanns-38cm-marius-bleu\/","title":{"rendered":"CARTABLE TANN&rsquo;S 38cm MARIUS BLEU"},"content":{"rendered":"<p><strong>Caract\u00e9ristiques du CARTABLE TANN&rsquo;S 38cm MARIUS BLEU<\/strong><\/p>\n<p>Un cartable qui marie aventure et style r\u00e9tro avec ses dinosaures color\u00e9s sur une map du monde. Spacieux et r\u00e9sistant, il est parfait pour les explorateurs des temps modernes.<\/p>\n<p><strong>Dimensions :<\/strong><\/p>\n<ul>\n<li><span>38cm x 29cm x 15cm<\/span><\/li>\n<li><span>17 Litres<\/span><\/li>\n<\/ul>\n<p><strong>Poids :<\/strong><\/p>\n<ul>\n<li>0,850 Kg<\/li>\n<\/ul>\n<p><strong>Informations livraisons<\/strong><\/p>\n<p>Les frais de livraisons sont offerts d\u00e8s 40\u20ac d&rsquo;achats<\/p>\n<div>Livraison entre 3 et 5 jours<\/div>\n<p>Mode de paiement s\u00e9curis\u00e9s accept\u00e9s : CARTE BANCAIRE\u00a0 ou\u00a0 PAYPAL<\/p>\n<div>R\u00e9ception des marchandises : A domicile ou Retrait \u00e0 notre magasin<\/div>\n<div>Consulter nos<a href=\"https:\/\/www.solene-maroquinerie.fr\/conditions_generales_de_vente.html\" target=\"_self\" title=\"Nos CGV\">\u00a0conditions g\u00e9n\u00e9rales de ventes<\/a><\/div>\n<p>\u00a0<\/p>\n","protected":false},"excerpt":{"rendered":"<p>Caract\u00e9ristiques du CARTABLE TANN&rsquo;S 38cm MARIUS BLEU Un cartable qui marie aventure et style r\u00e9tro avec ses dinosaures color\u00e9s sur une map du monde. Spacieux et r\u00e9sistant, il est parfait pour les explorateurs des temps modernes. Dimensions : 38cm x 29cm x 15cm 17 Litres Poids : 0,850 Kg Informations livraisons Les frais de livraisons [&hellip;]<\/p>\n","protected":false},"featured_media":2494,"template":"","meta":[],"product_brand":[38],"product_cat":[39,37],"product_tag":[],"class_list":{"0":"post-1414","1":"product","2":"type-product","3":"status-publish","4":"has-post-thumbnail","6":"product_brand-tanns","7":"product_cat-cartable-tanns-38cm","8":"product_cat-cartables","10":"first","11":"instock","12":"taxable","13":"shipping-taxable","14":"purchasable","15":"product-type-simple"},"_links":{"self":[{"href":"https:\/\/www.solene-maroquinerie.fr\/index.php\/wp-json\/wp\/v2\/product\/1414","targetHints":{"allow":["GET"]}}],"collection":[{"href":"https:\/\/www.solene-maroquinerie.fr\/index.php\/wp-json\/wp\/v2\/product"}],"about":[{"href":"https:\/\/www.solene-maroquinerie.fr\/index.php\/wp-json\/wp\/v2\/types\/product"}],"wp:featuredmedia":[{"embeddable":true,"href":"https:\/\/www.solene-maroquinerie.fr\/index.php\/wp-json\/wp\/v2\/media\/2494"}],"wp:attachment":[{"href":"https:\/\/www.solene-maroquinerie.fr\/index.php\/wp-json\/wp\/v2\/media?parent=1414"}],"wp:term":[{"taxonomy":"product_brand","embeddable":true,"href":"https:\/\/www.solene-maroquinerie.fr\/index.php\/wp-json\/wp\/v2\/product_brand?post=1414"},{"taxonomy":"product_cat","embeddable":true,"href":"https:\/\/www.solene-maroquinerie.fr\/index.php\/wp-json\/wp\/v2\/product_cat?post=1414"},{"taxonomy":"product_tag","embeddable":true,"href":"https:\/\/www.solene-maroquinerie.fr\/index.php\/wp-json\/wp\/v2\/product_tag?post=1414"}],"curies":[{"name":"wp","href":"https:\/\/api.w.org\/{rel}","templated":true}]}}