{"id":1418,"date":"2026-04-29T11:22:13","date_gmt":"2026-04-29T11:22:13","guid":{"rendered":"https:\/\/www.solene-maroquinerie.fr\/index.php\/produit\/cartable-tanns-38cm-ilyes-bleu\/"},"modified":"2026-05-13T11:55:08","modified_gmt":"2026-05-13T11:55:08","slug":"cartable-tanns-38cm-ilyes-bleu","status":"publish","type":"product","link":"https:\/\/www.solene-maroquinerie.fr\/index.php\/produit\/cartable-tanns-38cm-ilyes-bleu\/","title":{"rendered":"CARTABLE TANN&rsquo;S 38cm ILYES BLEU"},"content":{"rendered":"<p><strong>Caract\u00e9ristiques du CARTABLE TANN&rsquo;S 38cm ILYES BLEU<\/strong><\/p>\n<p><span><span>Vers l\u2019infini et au-del\u00e0 ! Son design galactique, son porte-cl\u00e9 soucoupe volante et sa tirette de zip r\u00e9fl\u00e9chissante invitent les jeunes explorateurs \u00e0 repousser les limites de la connaissance. Un cartable qui voyage entre devoirs et r\u00eaves d\u2019infini.\u00a0<\/span><\/span><strong><br \/><\/strong><\/p>\n<p><strong>Dimensions :<\/strong><\/p>\n<ul>\n<li><span>38cm x 29cm x 15cm<\/span><\/li>\n<li><span>17 Litres<\/span><\/li>\n<\/ul>\n<p><strong>Poids :<\/strong><\/p>\n<ul>\n<li>0,860 Kg<\/li>\n<\/ul>\n<p><strong>Informations livraisons<\/strong><\/p>\n<p>Les frais de livraisons sont offerts d\u00e8s 40\u20ac d&rsquo;achats<\/p>\n<div>Livraison entre 3 et 5 jours<\/div>\n<p>Mode de paiement s\u00e9curis\u00e9s accept\u00e9s : CARTE BANCAIRE\u00a0 ou\u00a0 PAYPAL<\/p>\n<div>R\u00e9ception des marchandises : A domicile ou Retrait \u00e0 notre magasin<\/div>\n<div>Consulter nos<a href=\"https:\/\/www.solene-maroquinerie.fr\/conditions_generales_de_vente.html\" target=\"_self\" title=\"Nos CGV\">\u00a0conditions g\u00e9n\u00e9rales de ventes<\/a><\/div>\n<p>\u00a0<\/p>\n","protected":false},"excerpt":{"rendered":"<p>Caract\u00e9ristiques du CARTABLE TANN&rsquo;S 38cm ILYES BLEU Vers l\u2019infini et au-del\u00e0 ! Son design galactique, son porte-cl\u00e9 soucoupe volante et sa tirette de zip r\u00e9fl\u00e9chissante invitent les jeunes explorateurs \u00e0 repousser les limites de la connaissance. Un cartable qui voyage entre devoirs et r\u00eaves d\u2019infini.\u00a0 Dimensions : 38cm x 29cm x 15cm 17 Litres Poids [&hellip;]<\/p>\n","protected":false},"featured_media":2506,"comment_status":"open","ping_status":"closed","template":"","meta":[],"product_brand":[38],"product_cat":[39,37],"product_tag":[],"class_list":{"0":"post-1418","1":"product","2":"type-product","3":"status-publish","4":"has-post-thumbnail","6":"product_brand-tanns","7":"product_cat-cartable-tanns-38cm","8":"product_cat-cartables","10":"first","11":"instock","12":"taxable","13":"shipping-taxable","14":"purchasable","15":"product-type-simple"},"_links":{"self":[{"href":"https:\/\/www.solene-maroquinerie.fr\/index.php\/wp-json\/wp\/v2\/product\/1418","targetHints":{"allow":["GET"]}}],"collection":[{"href":"https:\/\/www.solene-maroquinerie.fr\/index.php\/wp-json\/wp\/v2\/product"}],"about":[{"href":"https:\/\/www.solene-maroquinerie.fr\/index.php\/wp-json\/wp\/v2\/types\/product"}],"replies":[{"embeddable":true,"href":"https:\/\/www.solene-maroquinerie.fr\/index.php\/wp-json\/wp\/v2\/comments?post=1418"}],"wp:featuredmedia":[{"embeddable":true,"href":"https:\/\/www.solene-maroquinerie.fr\/index.php\/wp-json\/wp\/v2\/media\/2506"}],"wp:attachment":[{"href":"https:\/\/www.solene-maroquinerie.fr\/index.php\/wp-json\/wp\/v2\/media?parent=1418"}],"wp:term":[{"taxonomy":"product_brand","embeddable":true,"href":"https:\/\/www.solene-maroquinerie.fr\/index.php\/wp-json\/wp\/v2\/product_brand?post=1418"},{"taxonomy":"product_cat","embeddable":true,"href":"https:\/\/www.solene-maroquinerie.fr\/index.php\/wp-json\/wp\/v2\/product_cat?post=1418"},{"taxonomy":"product_tag","embeddable":true,"href":"https:\/\/www.solene-maroquinerie.fr\/index.php\/wp-json\/wp\/v2\/product_tag?post=1418"}],"curies":[{"name":"wp","href":"https:\/\/api.w.org\/{rel}","templated":true}]}}