{"id":1425,"date":"2026-04-29T11:22:14","date_gmt":"2026-04-29T11:22:14","guid":{"rendered":"https:\/\/www.solene-maroquinerie.fr\/index.php\/produit\/sac-a-dos-tanns-ilyes-bleu\/"},"modified":"2026-05-13T11:55:10","modified_gmt":"2026-05-13T11:55:10","slug":"sac-a-dos-tanns-ilyes-bleu","status":"publish","type":"product","link":"https:\/\/www.solene-maroquinerie.fr\/index.php\/produit\/sac-a-dos-tanns-ilyes-bleu\/","title":{"rendered":"SAC A DOS TANN&rsquo;S ILYES BLEU"},"content":{"rendered":"<p><strong>Caract\u00e9ristiques du SAC A DOS TANN&rsquo;S ILYES BLEU L POCHE AIMANT\u00c9E<\/strong><\/p>\n<p><span>D\u00e9couvrez le nouveau mod\u00e8le Tann\u2019s qui allie le look du sac \u00e0 dos et la praticit\u00e9 du cartable ! S\u00e9curit\u00e9 spatiale pour les tr\u00e9sors scolaires ! Sa poche aimant\u00e9e prot\u00e8ge les petits secrets comme un sas prot\u00e8ge les astronautes.<\/span><\/p>\n<p><strong>Dimensions :<\/strong><\/p>\n<ul>\n<li><span>28.5cm x 37cm x 14cm<\/span><\/li>\n<li><span>15 Litres<\/span><\/li>\n<\/ul>\n<p><strong>Poids :<\/strong><\/p>\n<ul>\n<li>0,610 Kg<\/li>\n<\/ul>\n<p><strong>Informations livraisons<\/strong><\/p>\n<p>Les frais de livraisons sont offerts d\u00e8s 40\u20ac d&rsquo;achats<\/p>\n<div>Livraison entre 3 et 5 jours<\/div>\n<p>Mode de paiement s\u00e9curis\u00e9s accept\u00e9s : CARTE BANCAIRE\u00a0 ou\u00a0 PAYPAL<\/p>\n<div>R\u00e9ception des marchandises : A domicile ou Retrait \u00e0 notre magasin<\/div>\n<div>Consulter nos<a href=\"https:\/\/www.solene-maroquinerie.fr\/conditions_generales_de_vente.html\" target=\"_self\" title=\"Nos CGV\">\u00a0conditions g\u00e9n\u00e9rales de ventes<\/a><\/div>\n<p>\u00a0<\/p>\n","protected":false},"excerpt":{"rendered":"<p>Caract\u00e9ristiques du SAC A DOS TANN&rsquo;S ILYES BLEU L POCHE AIMANT\u00c9E D\u00e9couvrez le nouveau mod\u00e8le Tann\u2019s qui allie le look du sac \u00e0 dos et la praticit\u00e9 du cartable ! S\u00e9curit\u00e9 spatiale pour les tr\u00e9sors scolaires ! Sa poche aimant\u00e9e prot\u00e8ge les petits secrets comme un sas prot\u00e8ge les astronautes. Dimensions : 28.5cm x 37cm [&hellip;]<\/p>\n","protected":false},"featured_media":2529,"template":"","meta":[],"product_brand":[38],"product_cat":[19,92],"product_tag":[],"class_list":{"0":"post-1425","1":"product","2":"type-product","3":"status-publish","4":"has-post-thumbnail","6":"product_brand-tanns","7":"product_cat-sac-a-dos","8":"product_cat-sac-a-dos-tanns","10":"first","11":"instock","12":"taxable","13":"shipping-taxable","14":"purchasable","15":"product-type-simple"},"_links":{"self":[{"href":"https:\/\/www.solene-maroquinerie.fr\/index.php\/wp-json\/wp\/v2\/product\/1425","targetHints":{"allow":["GET"]}}],"collection":[{"href":"https:\/\/www.solene-maroquinerie.fr\/index.php\/wp-json\/wp\/v2\/product"}],"about":[{"href":"https:\/\/www.solene-maroquinerie.fr\/index.php\/wp-json\/wp\/v2\/types\/product"}],"wp:featuredmedia":[{"embeddable":true,"href":"https:\/\/www.solene-maroquinerie.fr\/index.php\/wp-json\/wp\/v2\/media\/2529"}],"wp:attachment":[{"href":"https:\/\/www.solene-maroquinerie.fr\/index.php\/wp-json\/wp\/v2\/media?parent=1425"}],"wp:term":[{"taxonomy":"product_brand","embeddable":true,"href":"https:\/\/www.solene-maroquinerie.fr\/index.php\/wp-json\/wp\/v2\/product_brand?post=1425"},{"taxonomy":"product_cat","embeddable":true,"href":"https:\/\/www.solene-maroquinerie.fr\/index.php\/wp-json\/wp\/v2\/product_cat?post=1425"},{"taxonomy":"product_tag","embeddable":true,"href":"https:\/\/www.solene-maroquinerie.fr\/index.php\/wp-json\/wp\/v2\/product_tag?post=1425"}],"curies":[{"name":"wp","href":"https:\/\/api.w.org\/{rel}","templated":true}]}}