{"id":1427,"date":"2026-04-29T11:22:15","date_gmt":"2026-04-29T11:22:15","guid":{"rendered":"https:\/\/www.solene-maroquinerie.fr\/index.php\/produit\/sac-a-dos-tanns-l-camille-bleu\/"},"modified":"2026-05-13T11:55:11","modified_gmt":"2026-05-13T11:55:11","slug":"sac-a-dos-tanns-l-camille-bleu","status":"publish","type":"product","link":"https:\/\/www.solene-maroquinerie.fr\/index.php\/produit\/sac-a-dos-tanns-l-camille-bleu\/","title":{"rendered":"SAC A DOS TANN&rsquo;S L CAMILLE BLEU"},"content":{"rendered":"<p><strong>Caract\u00e9ristiques du SAC A DOS TANN&rsquo;S L CAMILLE BLEU 2 COMPARTIMENTS<\/strong><\/p>\n<p><span>Le sac \u00e0 dos 2 compartiments Camille arbore un porte-cl\u00e9 sneaker pour courir vers la rentr\u00e9e \u00e0 grandes enjamb\u00e9es ! De quoi apporter une touche d\u2019originalit\u00e9 au mod\u00e8le iconique de la marque Tann\u2019s dont la couleur bleu marine pla\u00eet autant aux filles qu\u2019aux gar\u00e7ons.<\/span><\/p>\n<p><strong>Dimensions :<\/strong><\/p>\n<ul>\n<li><span>31cm x 41cm x 17cm<\/span><\/li>\n<\/ul>\n<p><strong>Informations livraisons<\/strong><\/p>\n<p>Les frais de livraisons sont offerts d\u00e8s 40\u20ac d&rsquo;achats<\/p>\n<div>Livraison entre 3 et 5 jours<\/div>\n<p>Mode de paiement s\u00e9curis\u00e9s accept\u00e9s : CARTE BANCAIRE\u00a0 ou\u00a0 PAYPAL<\/p>\n<div>R\u00e9ception des marchandises : A domicile ou Retrait \u00e0 notre magasin<\/div>\n<div>Consulter nos<a href=\"https:\/\/www.solene-maroquinerie.fr\/conditions_generales_de_vente.html\" target=\"_self\" title=\"Nos CGV\">\u00a0conditions g\u00e9n\u00e9rales de ventes<\/a><\/div>\n<p>\u00a0<\/p>\n","protected":false},"excerpt":{"rendered":"<p>Caract\u00e9ristiques du SAC A DOS TANN&rsquo;S L CAMILLE BLEU 2 COMPARTIMENTS Le sac \u00e0 dos 2 compartiments Camille arbore un porte-cl\u00e9 sneaker pour courir vers la rentr\u00e9e \u00e0 grandes enjamb\u00e9es ! De quoi apporter une touche d\u2019originalit\u00e9 au mod\u00e8le iconique de la marque Tann\u2019s dont la couleur bleu marine pla\u00eet autant aux filles qu\u2019aux gar\u00e7ons. [&hellip;]<\/p>\n","protected":false},"featured_media":2535,"template":"","meta":[],"product_brand":[38],"product_cat":[19,92],"product_tag":[],"class_list":{"0":"post-1427","1":"product","2":"type-product","3":"status-publish","4":"has-post-thumbnail","6":"product_brand-tanns","7":"product_cat-sac-a-dos","8":"product_cat-sac-a-dos-tanns","10":"first","11":"instock","12":"taxable","13":"shipping-taxable","14":"purchasable","15":"product-type-simple"},"_links":{"self":[{"href":"https:\/\/www.solene-maroquinerie.fr\/index.php\/wp-json\/wp\/v2\/product\/1427","targetHints":{"allow":["GET"]}}],"collection":[{"href":"https:\/\/www.solene-maroquinerie.fr\/index.php\/wp-json\/wp\/v2\/product"}],"about":[{"href":"https:\/\/www.solene-maroquinerie.fr\/index.php\/wp-json\/wp\/v2\/types\/product"}],"wp:featuredmedia":[{"embeddable":true,"href":"https:\/\/www.solene-maroquinerie.fr\/index.php\/wp-json\/wp\/v2\/media\/2535"}],"wp:attachment":[{"href":"https:\/\/www.solene-maroquinerie.fr\/index.php\/wp-json\/wp\/v2\/media?parent=1427"}],"wp:term":[{"taxonomy":"product_brand","embeddable":true,"href":"https:\/\/www.solene-maroquinerie.fr\/index.php\/wp-json\/wp\/v2\/product_brand?post=1427"},{"taxonomy":"product_cat","embeddable":true,"href":"https:\/\/www.solene-maroquinerie.fr\/index.php\/wp-json\/wp\/v2\/product_cat?post=1427"},{"taxonomy":"product_tag","embeddable":true,"href":"https:\/\/www.solene-maroquinerie.fr\/index.php\/wp-json\/wp\/v2\/product_tag?post=1427"}],"curies":[{"name":"wp","href":"https:\/\/api.w.org\/{rel}","templated":true}]}}