{"id":1432,"date":"2026-04-29T11:22:15","date_gmt":"2026-04-29T11:22:15","guid":{"rendered":"https:\/\/www.solene-maroquinerie.fr\/index.php\/produit\/sac-voyage-cabaia-reykjavik\/"},"modified":"2026-05-13T14:49:10","modified_gmt":"2026-05-13T14:49:10","slug":"sac-voyage-cabaia-reykjavik","status":"publish","type":"product","link":"https:\/\/www.solene-maroquinerie.fr\/index.php\/produit\/sac-voyage-cabaia-reykjavik\/","title":{"rendered":"SAC VOYAGE CABAIA REYKJAVIK"},"content":{"rendered":"<p><span><strong>Descriptif du SAC DE VOYAGE CABAIA DUFFLE EXPLORER REYKJAVIK<\/strong><\/span><\/p>\n<ul>\n<li>Garanti \u00e0 vie<\/li>\n<li>Poign\u00e9es magn\u00e9tiques<\/li>\n<li>Poign\u00e9es lat\u00e9rales pour simplifier la prise en main<\/li>\n<li>Bretelles pour le porter sur le dos<\/li>\n<li>Poche gourde inclin\u00e9e 45\u00b0<\/li>\n<li>Compartiment ordinateur 15 pouces rembourr\u00e9<\/li>\n<li>Compartiment chaussures s\u00e9par\u00e9<\/li>\n<li>Syst\u00e8me MOLLE pour attacher la pochette avant<\/li>\n<li>Parfait pour un voyage de 3 \u00e0 5 jours<\/li>\n<li>Vegan et d\u00e9perlant<\/li>\n<li>Bretelles int\u00e9gr\u00e9es :\u00a0Se porte aussi en sac \u00e0 dos<\/li>\n<\/ul>\n<p><strong>Dimensions du sac :<\/strong>\u00a0<span>28cm x 58cm x 30cm (48L)<\/span><\/p>\n<p><span><strong>Poids :\u00a0<\/strong><span>1,43kg<\/span><br \/><\/span><\/p>\n<h4><span>Informations livraisons<\/span><\/h4>\n<div><span>Les frais de livraisons sont offerts d\u00e8s 40\u20ac d&rsquo;achats<\/span><br \/><span>Livraison entre 3 et 5 jours<\/span><\/div>\n<div><span>Mode de paiement s\u00e9curis\u00e9s accept\u00e9s : CARTE BANCAIRE\u00a0 ou\u00a0 PAYPAL<\/span><br \/><span>R\u00e9ception des marchandises : A domicile ou Retrait \u00e0 notre magasin<\/span><br \/><span>Consulter nos<a href=\"http:\/\/www.solene-maroquinerie.fr\/conditions_generales_de_vente.html\" target=\"_self\" title=\"Nos CGV\">\u00a0conditions g\u00e9n\u00e9rales de ventes<\/a><\/span><\/div>\n<p>\u00a0<\/p>\n","protected":false},"excerpt":{"rendered":"<p class=\"reference-commerciale\">R\u00e9f\u00e9rence commerciale : REYKJAVIK-DUFFLE EXPLORER<\/p>\n","protected":false},"featured_media":2552,"template":"","meta":[],"product_brand":[42],"product_cat":[60,59],"product_tag":[],"class_list":{"0":"post-1432","1":"product","2":"type-product","3":"status-publish","4":"has-post-thumbnail","6":"product_brand-cabaia","7":"product_cat-bagages","8":"product_cat-sac-de-voyage-cabaia","10":"first","11":"instock","12":"taxable","13":"shipping-taxable","14":"purchasable","15":"product-type-simple"},"_links":{"self":[{"href":"https:\/\/www.solene-maroquinerie.fr\/index.php\/wp-json\/wp\/v2\/product\/1432","targetHints":{"allow":["GET"]}}],"collection":[{"href":"https:\/\/www.solene-maroquinerie.fr\/index.php\/wp-json\/wp\/v2\/product"}],"about":[{"href":"https:\/\/www.solene-maroquinerie.fr\/index.php\/wp-json\/wp\/v2\/types\/product"}],"wp:featuredmedia":[{"embeddable":true,"href":"https:\/\/www.solene-maroquinerie.fr\/index.php\/wp-json\/wp\/v2\/media\/2552"}],"wp:attachment":[{"href":"https:\/\/www.solene-maroquinerie.fr\/index.php\/wp-json\/wp\/v2\/media?parent=1432"}],"wp:term":[{"taxonomy":"product_brand","embeddable":true,"href":"https:\/\/www.solene-maroquinerie.fr\/index.php\/wp-json\/wp\/v2\/product_brand?post=1432"},{"taxonomy":"product_cat","embeddable":true,"href":"https:\/\/www.solene-maroquinerie.fr\/index.php\/wp-json\/wp\/v2\/product_cat?post=1432"},{"taxonomy":"product_tag","embeddable":true,"href":"https:\/\/www.solene-maroquinerie.fr\/index.php\/wp-json\/wp\/v2\/product_tag?post=1432"}],"curies":[{"name":"wp","href":"https:\/\/api.w.org\/{rel}","templated":true}]}}