{"id":1467,"date":"2026-04-29T11:22:26","date_gmt":"2026-04-29T11:22:26","guid":{"rendered":"https:\/\/www.solene-maroquinerie.fr\/index.php\/produit\/sac-a-dos-eastpak-morius-008-bla\/"},"modified":"2026-05-13T11:55:21","modified_gmt":"2026-05-13T11:55:21","slug":"sac-a-dos-eastpak-morius-008-bla","status":"publish","type":"product","link":"https:\/\/www.solene-maroquinerie.fr\/index.php\/produit\/sac-a-dos-eastpak-morius-008-bla\/","title":{"rendered":"SAC A DOS EASTPAK MORIUS 008 BLA"},"content":{"rendered":"<p><strong>Caract\u00e9ristiques du SAC A DOS EASTPAK MORIUS 008 BLACK<\/strong><\/p>\n<div>\n<ul>\n<li>Deux compartiments principaux avec une poche avant zipp\u00e9e<\/li>\n<li>Panneau dorsal et base rembourr\u00e9s pour un soutien renforc\u00e9<\/li>\n<li>Bretelles rembourr\u00e9es r\u00e9glables<\/li>\n<li>Housse rembourr\u00e9e pour ordinateur portable jusqu&rsquo;\u00e0 15\u00a0pouces<\/li>\n<li>Porte-gourde lat\u00e9ral<\/li>\n<\/ul>\n<p> <span><span><\/span><\/span> <\/p>\n<p><strong>Dimensions :<\/strong><\/p>\n<ul>\n<li>Hauteur\u00a0: 43 cm, Largeur\u00a0: 31 cm, Profondeur\u00a0: 27 cm<\/li>\n<li>34 Litres<\/li>\n<\/ul>\n<p><strong>Composition :<\/strong><\/p>\n<p> <span><span><\/span><\/span> <\/p>\n<ul>\n<li>100\u00a0% polyester<\/li>\n<\/ul>\n<p> <span><span><\/span><\/span> <\/p>\n<p><strong>Informations livraisons<\/strong><\/p>\n<p> <span><span><\/span><\/span> <\/p>\n<p>Les frais de livraisons sont offerts d\u00e8s 40\u20ac d&rsquo;achats<\/p>\n<p> <span><span><\/span><\/span> <\/p>\n<div>Livraison entre 3 et 5 jours<\/div>\n<p> <span><span><\/span><\/span> <\/p>\n<p>Mode de paiement s\u00e9curis\u00e9s accept\u00e9s : CARTE BANCAIRE\u00a0 ou\u00a0 PAYPAL<\/p>\n<p> <span><span><\/span><\/span> <\/p>\n<div>R\u00e9ception des marchandises : A domicile ou Retrait \u00e0 notre magasin<\/div>\n<p> <span><span><\/span><\/span> <\/p>\n<div>Consulter nos<a href=\"https:\/\/www.solene-maroquinerie.fr\/conditions_generales_de_vente.html\" target=\"_self\" title=\"Nos CGV\">\u00a0conditions g\u00e9n\u00e9rales de ventes<\/a><\/div>\n<p> <span><br \/><\/span><\/div>\n","protected":false},"excerpt":{"rendered":"<p>Caract\u00e9ristiques du SAC A DOS EASTPAK MORIUS 008 BLACK Deux compartiments principaux avec une poche avant zipp\u00e9e Panneau dorsal et base rembourr\u00e9s pour un soutien renforc\u00e9 Bretelles rembourr\u00e9es r\u00e9glables Housse rembourr\u00e9e pour ordinateur portable jusqu&rsquo;\u00e0 15\u00a0pouces Porte-gourde lat\u00e9ral Dimensions : Hauteur\u00a0: 43 cm, Largeur\u00a0: 31 cm, Profondeur\u00a0: 27 cm 34 Litres Composition : 100\u00a0% polyester [&hellip;]<\/p>\n","protected":false},"featured_media":2667,"template":"","meta":[],"product_brand":[20],"product_cat":[19,93],"product_tag":[],"class_list":{"0":"post-1467","1":"product","2":"type-product","3":"status-publish","4":"has-post-thumbnail","6":"product_brand-eastpak","7":"product_cat-sac-a-dos","8":"product_cat-sac-a-dos-morius","10":"first","11":"instock","12":"taxable","13":"shipping-taxable","14":"purchasable","15":"product-type-simple"},"_links":{"self":[{"href":"https:\/\/www.solene-maroquinerie.fr\/index.php\/wp-json\/wp\/v2\/product\/1467","targetHints":{"allow":["GET"]}}],"collection":[{"href":"https:\/\/www.solene-maroquinerie.fr\/index.php\/wp-json\/wp\/v2\/product"}],"about":[{"href":"https:\/\/www.solene-maroquinerie.fr\/index.php\/wp-json\/wp\/v2\/types\/product"}],"wp:featuredmedia":[{"embeddable":true,"href":"https:\/\/www.solene-maroquinerie.fr\/index.php\/wp-json\/wp\/v2\/media\/2667"}],"wp:attachment":[{"href":"https:\/\/www.solene-maroquinerie.fr\/index.php\/wp-json\/wp\/v2\/media?parent=1467"}],"wp:term":[{"taxonomy":"product_brand","embeddable":true,"href":"https:\/\/www.solene-maroquinerie.fr\/index.php\/wp-json\/wp\/v2\/product_brand?post=1467"},{"taxonomy":"product_cat","embeddable":true,"href":"https:\/\/www.solene-maroquinerie.fr\/index.php\/wp-json\/wp\/v2\/product_cat?post=1467"},{"taxonomy":"product_tag","embeddable":true,"href":"https:\/\/www.solene-maroquinerie.fr\/index.php\/wp-json\/wp\/v2\/product_tag?post=1467"}],"curies":[{"name":"wp","href":"https:\/\/api.w.org\/{rel}","templated":true}]}}