{"id":1469,"date":"2026-04-29T11:22:27","date_gmt":"2026-04-29T11:22:27","guid":{"rendered":"https:\/\/www.solene-maroquinerie.fr\/index.php\/produit\/sac-a-dos-eastpak-ultimate-008-b\/"},"modified":"2026-05-13T11:55:22","modified_gmt":"2026-05-13T11:55:22","slug":"sac-a-dos-eastpak-ultimate-008-b","status":"publish","type":"product","link":"https:\/\/www.solene-maroquinerie.fr\/index.php\/produit\/sac-a-dos-eastpak-ultimate-008-b\/","title":{"rendered":"SAC A DOS EASTPAK ULTIMATE 008 B"},"content":{"rendered":"<p><strong>Caract\u00e9ristiques du SAC A DOS EASTPAK ULTIMATE FOND CUIR 008 BLACK<\/strong><\/p>\n<div>\n<ul>\n<li>Deux sections principales, avec une poche frontale zipp\u00e9e en filet avec organiseur<\/li>\n<li>Fabrication 100% nylon ultra-r\u00e9sistant<\/li>\n<li>Restez organis\u00e9 gr\u00e2ce aux sangles de compressions et \u00e0 la poche int\u00e9rieure zipp\u00e9e<\/li>\n<li>Dispose d&rsquo;un dos matelass\u00e9, d&rsquo;une poign\u00e9e en caoutchouc et de bretelles pr\u00e9form\u00e9es<\/li>\n<\/ul>\n<p><strong>Dimensions :<\/strong><\/p>\n<ul>\n<li>Hauteur\u00a0: 42 cm, Largeur\u00a0: 32 cm, Profondeur\u00a0: 26 cm<\/li>\n<li>42 Litres<\/li>\n<\/ul>\n<p><strong>Composition :<\/strong><\/p>\n<ul>\n<li>100\u00a0% polyester<\/li>\n<\/ul>\n<p><strong>Informations livraisons<\/strong><\/p>\n<p>Les frais de livraisons sont offerts d\u00e8s 40\u20ac d&rsquo;achats<\/p>\n<div>Livraison entre 3 et 5 jours<\/div>\n<p>Mode de paiement s\u00e9curis\u00e9s accept\u00e9s : CARTE BANCAIRE\u00a0 ou\u00a0 PAYPAL<\/p>\n<div>R\u00e9ception des marchandises : A domicile ou Retrait \u00e0 notre magasin<\/div>\n<div>Consulter nos<a href=\"https:\/\/www.solene-maroquinerie.fr\/conditions_generales_de_vente.html\" target=\"_self\" title=\"Nos CGV\">\u00a0conditions g\u00e9n\u00e9rales de ventes<\/a><\/div>\n<\/p><\/div>\n","protected":false},"excerpt":{"rendered":"<p>Caract\u00e9ristiques du SAC A DOS EASTPAK ULTIMATE FOND CUIR 008 BLACK Deux sections principales, avec une poche frontale zipp\u00e9e en filet avec organiseur Fabrication 100% nylon ultra-r\u00e9sistant Restez organis\u00e9 gr\u00e2ce aux sangles de compressions et \u00e0 la poche int\u00e9rieure zipp\u00e9e Dispose d&rsquo;un dos matelass\u00e9, d&rsquo;une poign\u00e9e en caoutchouc et de bretelles pr\u00e9form\u00e9es Dimensions : Hauteur\u00a0: [&hellip;]<\/p>\n","protected":false},"featured_media":2675,"template":"","meta":[],"product_brand":[20],"product_cat":[19,94],"product_tag":[],"class_list":{"0":"post-1469","1":"product","2":"type-product","3":"status-publish","4":"has-post-thumbnail","6":"product_brand-eastpak","7":"product_cat-sac-a-dos","8":"product_cat-sac-a-dos-ultimate-fond-cuir","10":"first","11":"instock","12":"taxable","13":"shipping-taxable","14":"purchasable","15":"product-type-simple"},"_links":{"self":[{"href":"https:\/\/www.solene-maroquinerie.fr\/index.php\/wp-json\/wp\/v2\/product\/1469","targetHints":{"allow":["GET"]}}],"collection":[{"href":"https:\/\/www.solene-maroquinerie.fr\/index.php\/wp-json\/wp\/v2\/product"}],"about":[{"href":"https:\/\/www.solene-maroquinerie.fr\/index.php\/wp-json\/wp\/v2\/types\/product"}],"wp:featuredmedia":[{"embeddable":true,"href":"https:\/\/www.solene-maroquinerie.fr\/index.php\/wp-json\/wp\/v2\/media\/2675"}],"wp:attachment":[{"href":"https:\/\/www.solene-maroquinerie.fr\/index.php\/wp-json\/wp\/v2\/media?parent=1469"}],"wp:term":[{"taxonomy":"product_brand","embeddable":true,"href":"https:\/\/www.solene-maroquinerie.fr\/index.php\/wp-json\/wp\/v2\/product_brand?post=1469"},{"taxonomy":"product_cat","embeddable":true,"href":"https:\/\/www.solene-maroquinerie.fr\/index.php\/wp-json\/wp\/v2\/product_cat?post=1469"},{"taxonomy":"product_tag","embeddable":true,"href":"https:\/\/www.solene-maroquinerie.fr\/index.php\/wp-json\/wp\/v2\/product_tag?post=1469"}],"curies":[{"name":"wp","href":"https:\/\/api.w.org\/{rel}","templated":true}]}}