{"id":1471,"date":"2026-04-29T11:22:27","date_gmt":"2026-04-29T11:22:27","guid":{"rendered":"https:\/\/www.solene-maroquinerie.fr\/index.php\/produit\/sac-reporter-lacoste-monogramme\/"},"modified":"2026-05-13T11:55:23","modified_gmt":"2026-05-13T11:55:23","slug":"sac-reporter-lacoste-monogramme","status":"publish","type":"product","link":"https:\/\/www.solene-maroquinerie.fr\/index.php\/produit\/sac-reporter-lacoste-monogramme\/","title":{"rendered":"SAC REPORTER LACOSTE MONOGRAMME"},"content":{"rendered":"<p><strong>Caract\u00e9ristiques du\u00a0SAC REPORTER LACOSTE MONOGRAMME NOIR<\/strong><\/p>\n<div>\n<div>Style urbain, volume in\u00e9dit et monogramme percutant. Dynamisez votre look avec ce sac souple, qui accueille tous vos documents. Design\u00e9 pour un port\u00e9 pr\u00e8s du corps, il promet un look actuel.<\/div>\n<ul>\n<li><span>Dimensions : L 18 x H 13,5 x P 4 cm<\/span><\/li>\n<li><span>Bandouli\u00e8re ajustable entre 75 et 125 cm<\/span><\/li>\n<li><span>1 poche zipp\u00e9e ext\u00e9rieure et 1 poche plaqu\u00e9e mesh int\u00e9rieure<\/span><\/li>\n<li><span>Plaque \u00e9maill\u00e9e sigl\u00e9e avec crocodile<\/span><\/li>\n<li><span>Exterieur 1: Polyurethane (100%) \/ Exterieur 2: Refente de cuir vachette (100%)<\/span><\/li>\n<\/ul><\/div>\n<p><strong>Informations livraisons<\/strong><\/p>\n<div>Les frais de livraisons sont offerts d\u00e8s 40\u20ac d&rsquo;achats<br \/>Livraison entre 3 et 5 jours<\/div>\n<div>Mode de paiement s\u00e9curis\u00e9s accept\u00e9s : CARTE BANCAIRE\u00a0 ou\u00a0 PAYPAL<br \/>R\u00e9ception des marchandises : A domicile ou Retrait \u00e0 notre magasin<br \/>Consulter nos<a href=\"http:\/\/www.solene-maroquinerie.fr\/conditions_generales_de_vente.html\" target=\"_self\" title=\"Nos CGV\">\u00a0conditions g\u00e9n\u00e9rales de ventes<\/a><\/div>\n<p>\u00a0<\/p>\n","protected":false},"excerpt":{"rendered":"<p>Caract\u00e9ristiques du\u00a0SAC REPORTER LACOSTE MONOGRAMME NOIR Style urbain, volume in\u00e9dit et monogramme percutant. Dynamisez votre look avec ce sac souple, qui accueille tous vos documents. Design\u00e9 pour un port\u00e9 pr\u00e8s du corps, il promet un look actuel. Dimensions : L 18 x H 13,5 x P 4 cm Bandouli\u00e8re ajustable entre 75 et 125 cm [&hellip;]<\/p>\n","protected":false},"featured_media":2685,"comment_status":"open","ping_status":"closed","template":"","meta":[],"product_brand":[25],"product_cat":[24,34],"product_tag":[],"class_list":{"0":"post-1471","1":"product","2":"type-product","3":"status-publish","4":"has-post-thumbnail","6":"product_brand-lacoste","7":"product_cat-divers","8":"product_cat-homme","10":"first","11":"instock","12":"taxable","13":"shipping-taxable","14":"purchasable","15":"product-type-simple"},"_links":{"self":[{"href":"https:\/\/www.solene-maroquinerie.fr\/index.php\/wp-json\/wp\/v2\/product\/1471","targetHints":{"allow":["GET"]}}],"collection":[{"href":"https:\/\/www.solene-maroquinerie.fr\/index.php\/wp-json\/wp\/v2\/product"}],"about":[{"href":"https:\/\/www.solene-maroquinerie.fr\/index.php\/wp-json\/wp\/v2\/types\/product"}],"replies":[{"embeddable":true,"href":"https:\/\/www.solene-maroquinerie.fr\/index.php\/wp-json\/wp\/v2\/comments?post=1471"}],"wp:featuredmedia":[{"embeddable":true,"href":"https:\/\/www.solene-maroquinerie.fr\/index.php\/wp-json\/wp\/v2\/media\/2685"}],"wp:attachment":[{"href":"https:\/\/www.solene-maroquinerie.fr\/index.php\/wp-json\/wp\/v2\/media?parent=1471"}],"wp:term":[{"taxonomy":"product_brand","embeddable":true,"href":"https:\/\/www.solene-maroquinerie.fr\/index.php\/wp-json\/wp\/v2\/product_brand?post=1471"},{"taxonomy":"product_cat","embeddable":true,"href":"https:\/\/www.solene-maroquinerie.fr\/index.php\/wp-json\/wp\/v2\/product_cat?post=1471"},{"taxonomy":"product_tag","embeddable":true,"href":"https:\/\/www.solene-maroquinerie.fr\/index.php\/wp-json\/wp\/v2\/product_tag?post=1471"}],"curies":[{"name":"wp","href":"https:\/\/api.w.org\/{rel}","templated":true}]}}