{"id":1477,"date":"2026-04-29T11:22:27","date_gmt":"2026-04-29T11:22:27","guid":{"rendered":"https:\/\/www.solene-maroquinerie.fr\/index.php\/produit\/sacoche-plate-lacoste-mens-clas-2\/"},"modified":"2026-05-13T11:55:25","modified_gmt":"2026-05-13T11:55:25","slug":"sacoche-plate-lacoste-mens-clas-2","status":"publish","type":"product","link":"https:\/\/www.solene-maroquinerie.fr\/index.php\/produit\/sacoche-plate-lacoste-mens-clas-2\/","title":{"rendered":"SACOCHE PLATE LACOSTE MEN&rsquo;S CLAS"},"content":{"rendered":"<p><strong>Caract\u00e9ristiques de la\u00a0SACOCHE PLATE LACOSTE MEN&rsquo;S CLASSIC MARINE<\/strong><\/p>\n<div>Cette sacoche emboss\u00e9e du Petit Piqu\u00e9 se distingue par la finesse de son format. Pratique, elle se compose d\u2019une pochette plaqu\u00e9e avec fermeture aimant\u00e9e et d\u2019un compartiment zipp\u00e9 pouvant contenir une petite tablette. Une large bandouli\u00e8re ajustable compl\u00e8te cette pi\u00e8ce.<\/div>\n<ul>\n<li><span>Dimensions : L 26 x H 28 x P 3 cm<\/span><\/li>\n<li><span>Longueur bandouli\u00e8re : 140 cm<\/span><\/li>\n<li><span>Petite poche zipp\u00e9e \u00e0 l\u2019int\u00e9rieur<\/span><\/li>\n<li><span>Deux poches plaqu\u00e9es \u00e0 l&rsquo;int\u00e9rieur<\/span><\/li>\n<li><span>Crocodile signature ton sur ton<\/span><\/li>\n<li><span>Exterieur: Polyurethane (100%)<\/span>\u00a0<\/li>\n<\/ul>\n<p><strong>Informations livraisons<\/strong><\/p>\n<div>Les frais de livraisons sont offerts d\u00e8s 40\u20ac d&rsquo;achats<br \/>Livraison entre 3 et 5 jours<\/div>\n<div>Mode de paiement s\u00e9curis\u00e9s accept\u00e9s : CARTE BANCAIRE\u00a0 ou\u00a0 PAYPAL<br \/>R\u00e9ception des marchandises : A domicile ou Retrait \u00e0 notre magasin<br \/>Consulter nos<a href=\"http:\/\/www.solene-maroquinerie.fr\/conditions_generales_de_vente.html\" target=\"_self\" title=\"Nos CGV\">\u00a0conditions g\u00e9n\u00e9rales de ventes<\/a><\/div>\n<p>\u00a0<\/p>\n","protected":false},"excerpt":{"rendered":"<p>Caract\u00e9ristiques de la\u00a0SACOCHE PLATE LACOSTE MEN&rsquo;S CLASSIC MARINE Cette sacoche emboss\u00e9e du Petit Piqu\u00e9 se distingue par la finesse de son format. Pratique, elle se compose d\u2019une pochette plaqu\u00e9e avec fermeture aimant\u00e9e et d\u2019un compartiment zipp\u00e9 pouvant contenir une petite tablette. Une large bandouli\u00e8re ajustable compl\u00e8te cette pi\u00e8ce. Dimensions : L 26 x H 28 [&hellip;]<\/p>\n","protected":false},"featured_media":2703,"template":"","meta":[],"product_brand":[25],"product_cat":[24,34],"product_tag":[],"class_list":{"0":"post-1477","1":"product","2":"type-product","3":"status-publish","4":"has-post-thumbnail","6":"product_brand-lacoste","7":"product_cat-divers","8":"product_cat-homme","10":"first","11":"instock","12":"taxable","13":"shipping-taxable","14":"purchasable","15":"product-type-simple"},"_links":{"self":[{"href":"https:\/\/www.solene-maroquinerie.fr\/index.php\/wp-json\/wp\/v2\/product\/1477","targetHints":{"allow":["GET"]}}],"collection":[{"href":"https:\/\/www.solene-maroquinerie.fr\/index.php\/wp-json\/wp\/v2\/product"}],"about":[{"href":"https:\/\/www.solene-maroquinerie.fr\/index.php\/wp-json\/wp\/v2\/types\/product"}],"wp:featuredmedia":[{"embeddable":true,"href":"https:\/\/www.solene-maroquinerie.fr\/index.php\/wp-json\/wp\/v2\/media\/2703"}],"wp:attachment":[{"href":"https:\/\/www.solene-maroquinerie.fr\/index.php\/wp-json\/wp\/v2\/media?parent=1477"}],"wp:term":[{"taxonomy":"product_brand","embeddable":true,"href":"https:\/\/www.solene-maroquinerie.fr\/index.php\/wp-json\/wp\/v2\/product_brand?post=1477"},{"taxonomy":"product_cat","embeddable":true,"href":"https:\/\/www.solene-maroquinerie.fr\/index.php\/wp-json\/wp\/v2\/product_cat?post=1477"},{"taxonomy":"product_tag","embeddable":true,"href":"https:\/\/www.solene-maroquinerie.fr\/index.php\/wp-json\/wp\/v2\/product_tag?post=1477"}],"curies":[{"name":"wp","href":"https:\/\/api.w.org\/{rel}","templated":true}]}}