{"id":148,"date":"2026-04-29T07:33:20","date_gmt":"2026-04-29T07:33:20","guid":{"rendered":"https:\/\/www.solene-maroquinerie.fr\/index.php\/produit\/cartable-a-roulettes-38cm-marine\/"},"modified":"2026-05-13T11:53:03","modified_gmt":"2026-05-13T11:53:03","slug":"cartable-a-roulettes-38cm-marine","status":"publish","type":"product","link":"https:\/\/www.solene-maroquinerie.fr\/index.php\/produit\/cartable-a-roulettes-38cm-marine\/","title":{"rendered":"CARTABLE A ROULETTES 38cm MARINE"},"content":{"rendered":"<div id=\"resume\"><span>Le cartable trolley Camille arbore un porte-cl\u00e9 sneaker pour courir vers la rentr\u00e9e \u00e0 grandes enjamb\u00e9es ! De quoi apporter une touche d\u2019originalit\u00e9 au mod\u00e8le iconique de la marque Tann\u2019s dont la couleur bleu marine pla\u00eet autant aux petites filles qu\u2019aux petits gar\u00e7ons.<\/span><br \/><span>Mati\u00e8re \u00e9co-responsable : ce cartable trolley est fabriqu\u00e9 \u00e0 partir d&rsquo;un polyester de haute qualit\u00e9 issu de bouteilles plastiques recycl\u00e9es.<\/span><\/div>\n<table>\n<tbody>\n<tr>\n<td>Poids<\/td>\n<td id=\"poidsDecli\">2.10 kg<\/td>\n<\/tr>\n<tr id=\"dimensionCt\">\n<td>Dimensions<\/td>\n<td id=\"dimension\">38cm x 29cm x 15cm<\/td>\n<\/tr>\n<tr id=\"volumeCt\">\n<td>Volume<\/td>\n<td id=\"volume\">17.00 L<\/td>\n<\/tr>\n<\/tbody>\n<\/table>\n<p>\u00a0<\/p>\n","protected":false},"excerpt":{"rendered":"<p>Le cartable trolley Camille arbore un porte-cl\u00e9 sneaker pour courir vers la rentr\u00e9e \u00e0 grandes enjamb\u00e9es ! De quoi apporter une touche d\u2019originalit\u00e9 au mod\u00e8le iconique de la marque Tann\u2019s dont la couleur bleu marine pla\u00eet autant aux petites filles qu\u2019aux petits gar\u00e7ons.Mati\u00e8re \u00e9co-responsable : ce cartable trolley est fabriqu\u00e9 \u00e0 partir d&rsquo;un polyester de [&hellip;]<\/p>\n","protected":false},"featured_media":1842,"comment_status":"open","ping_status":"closed","template":"","meta":[],"product_brand":[38],"product_cat":[39,37],"product_tag":[],"class_list":{"0":"post-148","1":"product","2":"type-product","3":"status-publish","4":"has-post-thumbnail","6":"product_brand-tanns","7":"product_cat-cartable-tanns-38cm","8":"product_cat-cartables","10":"first","11":"instock","12":"taxable","13":"shipping-taxable","14":"purchasable","15":"product-type-simple"},"_links":{"self":[{"href":"https:\/\/www.solene-maroquinerie.fr\/index.php\/wp-json\/wp\/v2\/product\/148","targetHints":{"allow":["GET"]}}],"collection":[{"href":"https:\/\/www.solene-maroquinerie.fr\/index.php\/wp-json\/wp\/v2\/product"}],"about":[{"href":"https:\/\/www.solene-maroquinerie.fr\/index.php\/wp-json\/wp\/v2\/types\/product"}],"replies":[{"embeddable":true,"href":"https:\/\/www.solene-maroquinerie.fr\/index.php\/wp-json\/wp\/v2\/comments?post=148"}],"wp:featuredmedia":[{"embeddable":true,"href":"https:\/\/www.solene-maroquinerie.fr\/index.php\/wp-json\/wp\/v2\/media\/1842"}],"wp:attachment":[{"href":"https:\/\/www.solene-maroquinerie.fr\/index.php\/wp-json\/wp\/v2\/media?parent=148"}],"wp:term":[{"taxonomy":"product_brand","embeddable":true,"href":"https:\/\/www.solene-maroquinerie.fr\/index.php\/wp-json\/wp\/v2\/product_brand?post=148"},{"taxonomy":"product_cat","embeddable":true,"href":"https:\/\/www.solene-maroquinerie.fr\/index.php\/wp-json\/wp\/v2\/product_cat?post=148"},{"taxonomy":"product_tag","embeddable":true,"href":"https:\/\/www.solene-maroquinerie.fr\/index.php\/wp-json\/wp\/v2\/product_tag?post=148"}],"curies":[{"name":"wp","href":"https:\/\/api.w.org\/{rel}","templated":true}]}}