{"id":1480,"date":"2026-04-29T11:22:28","date_gmt":"2026-04-29T11:22:28","guid":{"rendered":"https:\/\/www.solene-maroquinerie.fr\/index.php\/produit\/sac-reporter-lacoste-ossian-noir\/"},"modified":"2026-05-13T11:55:25","modified_gmt":"2026-05-13T11:55:25","slug":"sac-reporter-lacoste-ossian-noir","status":"publish","type":"product","link":"https:\/\/www.solene-maroquinerie.fr\/index.php\/produit\/sac-reporter-lacoste-ossian-noir\/","title":{"rendered":"SAC REPORTER LACOSTE OSSIAN NOIR"},"content":{"rendered":"<p><strong>Caract\u00e9ristiques du\u00a0SAC REPORTER EN CUIR LACOSTE OSSIAN NOIR<\/strong><\/p>\n<p><strong><\/strong>En ville ou au travail, ce sac reporter est un alli\u00e9 aussi pratique qu\u2019\u00e9l\u00e9gant. Con\u00e7u pour un port\u00e9 crois\u00e9 gr\u00e2ce \u00e0 sa bandouli\u00e8re ajustable, il allie look d\u00e9contract\u00e9 et d\u00e9tails raffin\u00e9s. Son format compact id\u00e9al et ses deux poches zipp\u00e9es accueillent les essentiels au quotidien.<\/p>\n<ul>\n<li>Dimensions : L 22 x H 16 x P 6,5 cm<\/li>\n<li>Ext\u00e9rieur en mati\u00e8re unie grain\u00e9e<\/li>\n<li>Bandouli\u00e8re ajustable entre 90 et 140 cm<\/li>\n<li>Ext\u00e9rieur 1 poche zipp\u00e9e et anneau d&rsquo;accroche<\/li>\n<li>1 poche ext\u00e9rieure zipp\u00e9e<\/li>\n<li>Exterieur 1: Refente de cuir vachette (100%) \/ Exterieur 2: Polyurethane (100%)<\/li>\n<\/ul>\n<p><strong>Informations livraisons<\/strong><\/p>\n<div>Les frais de livraisons sont offerts d\u00e8s 40\u20ac d&rsquo;achats<br \/>Livraison entre 3 et 5 jours<\/div>\n<div>Mode de paiement s\u00e9curis\u00e9s accept\u00e9s : CARTE BANCAIRE\u00a0 ou\u00a0 PAYPAL<br \/>R\u00e9ception des marchandises : A domicile ou Retrait \u00e0 notre magasin<br \/>Consulter nos<a href=\"http:\/\/www.solene-maroquinerie.fr\/conditions_generales_de_vente.html\" target=\"_self\" title=\"Nos CGV\">\u00a0conditions g\u00e9n\u00e9rales de ventes<\/a><\/div>\n<p>\u00a0<\/p>\n","protected":false},"excerpt":{"rendered":"<p>Caract\u00e9ristiques du\u00a0SAC REPORTER EN CUIR LACOSTE OSSIAN NOIR En ville ou au travail, ce sac reporter est un alli\u00e9 aussi pratique qu\u2019\u00e9l\u00e9gant. Con\u00e7u pour un port\u00e9 crois\u00e9 gr\u00e2ce \u00e0 sa bandouli\u00e8re ajustable, il allie look d\u00e9contract\u00e9 et d\u00e9tails raffin\u00e9s. Son format compact id\u00e9al et ses deux poches zipp\u00e9es accueillent les essentiels au quotidien. Dimensions : [&hellip;]<\/p>\n","protected":false},"featured_media":2709,"comment_status":"open","ping_status":"closed","template":"","meta":[],"product_brand":[25],"product_cat":[24,34],"product_tag":[],"class_list":{"0":"post-1480","1":"product","2":"type-product","3":"status-publish","4":"has-post-thumbnail","6":"product_brand-lacoste","7":"product_cat-divers","8":"product_cat-homme","10":"first","11":"instock","12":"taxable","13":"shipping-taxable","14":"purchasable","15":"product-type-simple"},"_links":{"self":[{"href":"https:\/\/www.solene-maroquinerie.fr\/index.php\/wp-json\/wp\/v2\/product\/1480","targetHints":{"allow":["GET"]}}],"collection":[{"href":"https:\/\/www.solene-maroquinerie.fr\/index.php\/wp-json\/wp\/v2\/product"}],"about":[{"href":"https:\/\/www.solene-maroquinerie.fr\/index.php\/wp-json\/wp\/v2\/types\/product"}],"replies":[{"embeddable":true,"href":"https:\/\/www.solene-maroquinerie.fr\/index.php\/wp-json\/wp\/v2\/comments?post=1480"}],"wp:featuredmedia":[{"embeddable":true,"href":"https:\/\/www.solene-maroquinerie.fr\/index.php\/wp-json\/wp\/v2\/media\/2709"}],"wp:attachment":[{"href":"https:\/\/www.solene-maroquinerie.fr\/index.php\/wp-json\/wp\/v2\/media?parent=1480"}],"wp:term":[{"taxonomy":"product_brand","embeddable":true,"href":"https:\/\/www.solene-maroquinerie.fr\/index.php\/wp-json\/wp\/v2\/product_brand?post=1480"},{"taxonomy":"product_cat","embeddable":true,"href":"https:\/\/www.solene-maroquinerie.fr\/index.php\/wp-json\/wp\/v2\/product_cat?post=1480"},{"taxonomy":"product_tag","embeddable":true,"href":"https:\/\/www.solene-maroquinerie.fr\/index.php\/wp-json\/wp\/v2\/product_tag?post=1480"}],"curies":[{"name":"wp","href":"https:\/\/api.w.org\/{rel}","templated":true}]}}