{"id":1483,"date":"2026-04-29T11:22:29","date_gmt":"2026-04-29T11:22:29","guid":{"rendered":"https:\/\/www.solene-maroquinerie.fr\/index.php\/produit\/petit-sac-reporter-lacoste\/"},"modified":"2026-05-13T11:55:26","modified_gmt":"2026-05-13T11:55:26","slug":"petit-sac-reporter-lacoste","status":"publish","type":"product","link":"https:\/\/www.solene-maroquinerie.fr\/index.php\/produit\/petit-sac-reporter-lacoste\/","title":{"rendered":"PETIT SAC REPORTER LACOSTE"},"content":{"rendered":"<p><strong>Caract\u00e9ristiques du PETIT SAC REPORTER THE BLEND LACOSTE MONO KAKI NOIR<\/strong><\/p>\n<div>Alli\u00e9 des hommes d\u2019aujourd\u2019hui, le sac Reporter The Blend se renouvelle en couleur sans rien perdre de ce qui a fait son succ\u00e8s\u00a0: design astucieux avec emplacement pour les cl\u00e9s, toile grain\u00e9e r\u00e9sistante et monogramme iconique. Pour toujours plus de style, sa bandouli\u00e8re ajustable lib\u00e8re le mouvement.<\/div>\n<ul>\n<li><span>Dimensions : L 19 x H 12,5 x P 6 cm<\/span><\/li>\n<li><span>Ext\u00e9rieur grain\u00e9<\/span><\/li>\n<li><span>Bandouli\u00e8re ajustable entre 85 et 140 cm<\/span><\/li>\n<li><span>1 poche plate int\u00e9rieure<\/span><\/li>\n<li><span>Crocodile sur le devant<\/span><\/li>\n<li><span>Exterieur: Pvc (100%)<\/span><\/li>\n<\/ul>\n<p><strong>Informations livraisons<\/strong><\/p>\n<div>Les frais de livraisons sont offerts d\u00e8s 40\u20ac d&rsquo;achats<br \/>Livraison entre 3 et 5 jours<\/div>\n<div>Mode de paiement s\u00e9curis\u00e9s accept\u00e9s : CARTE BANCAIRE\u00a0 ou\u00a0 PAYPAL<br \/>R\u00e9ception des marchandises : A domicile ou Retrait \u00e0 notre magasin<br \/>Consulter nos<a href=\"http:\/\/www.solene-maroquinerie.fr\/conditions_generales_de_vente.html\" target=\"_self\" title=\"Nos CGV\">\u00a0conditions g\u00e9n\u00e9rales de ventes<\/a><\/div>\n<p>\u00a0<\/p>\n","protected":false},"excerpt":{"rendered":"<p>Caract\u00e9ristiques du PETIT SAC REPORTER THE BLEND LACOSTE MONO KAKI NOIR Alli\u00e9 des hommes d\u2019aujourd\u2019hui, le sac Reporter The Blend se renouvelle en couleur sans rien perdre de ce qui a fait son succ\u00e8s\u00a0: design astucieux avec emplacement pour les cl\u00e9s, toile grain\u00e9e r\u00e9sistante et monogramme iconique. Pour toujours plus de style, sa bandouli\u00e8re ajustable [&hellip;]<\/p>\n","protected":false},"featured_media":2718,"comment_status":"open","ping_status":"closed","template":"","meta":[],"product_brand":[25],"product_cat":[24,34],"product_tag":[],"class_list":{"0":"post-1483","1":"product","2":"type-product","3":"status-publish","4":"has-post-thumbnail","6":"product_brand-lacoste","7":"product_cat-divers","8":"product_cat-homme","10":"first","11":"instock","12":"taxable","13":"shipping-taxable","14":"purchasable","15":"product-type-simple"},"_links":{"self":[{"href":"https:\/\/www.solene-maroquinerie.fr\/index.php\/wp-json\/wp\/v2\/product\/1483","targetHints":{"allow":["GET"]}}],"collection":[{"href":"https:\/\/www.solene-maroquinerie.fr\/index.php\/wp-json\/wp\/v2\/product"}],"about":[{"href":"https:\/\/www.solene-maroquinerie.fr\/index.php\/wp-json\/wp\/v2\/types\/product"}],"replies":[{"embeddable":true,"href":"https:\/\/www.solene-maroquinerie.fr\/index.php\/wp-json\/wp\/v2\/comments?post=1483"}],"wp:featuredmedia":[{"embeddable":true,"href":"https:\/\/www.solene-maroquinerie.fr\/index.php\/wp-json\/wp\/v2\/media\/2718"}],"wp:attachment":[{"href":"https:\/\/www.solene-maroquinerie.fr\/index.php\/wp-json\/wp\/v2\/media?parent=1483"}],"wp:term":[{"taxonomy":"product_brand","embeddable":true,"href":"https:\/\/www.solene-maroquinerie.fr\/index.php\/wp-json\/wp\/v2\/product_brand?post=1483"},{"taxonomy":"product_cat","embeddable":true,"href":"https:\/\/www.solene-maroquinerie.fr\/index.php\/wp-json\/wp\/v2\/product_cat?post=1483"},{"taxonomy":"product_tag","embeddable":true,"href":"https:\/\/www.solene-maroquinerie.fr\/index.php\/wp-json\/wp\/v2\/product_tag?post=1483"}],"curies":[{"name":"wp","href":"https:\/\/api.w.org\/{rel}","templated":true}]}}