{"id":1484,"date":"2026-04-29T11:22:29","date_gmt":"2026-04-29T11:22:29","guid":{"rendered":"https:\/\/www.solene-maroquinerie.fr\/index.php\/produit\/petite-sacoche-reporter-lacoste\/"},"modified":"2026-05-13T11:55:26","modified_gmt":"2026-05-13T11:55:26","slug":"petite-sacoche-reporter-lacoste","status":"publish","type":"product","link":"https:\/\/www.solene-maroquinerie.fr\/index.php\/produit\/petite-sacoche-reporter-lacoste\/","title":{"rendered":"PETITE SACOCHE REPORTER LACOSTE"},"content":{"rendered":"<p><strong>Caract\u00e9ristiques de la\u00a0PETITE SACOCHE THE BLEND LACOSTE MONOGRAM NOIR GRIS<\/strong><\/p>\n<div>\n<div>Soignez vos looks urbains avec cette sacoche crois\u00e9e anim\u00e9e du nouveau monogramme Lacoste. Effet grain\u00e9, elle est munie d&rsquo;une fermeture zipp\u00e9e, et d&rsquo;une bandouli\u00e8re r\u00e9glable et amovible \u00e0 mousquetons m\u00e9talliques. Un accessoire tendance et \u00e9l\u00e9gant, compl\u00e9t\u00e9 par un petit crocodile ton sur ton.<\/div>\n<ul>\n<li><span>Dimensions : L 19 x H 12 x P 8 cm<\/span><\/li>\n<li><span>Int\u00e9rieur 1 poche plate<\/span><\/li>\n<li><span>Fermeture zipp\u00e9e et bandouli\u00e8re r\u00e9glable amovible<\/span><\/li>\n<li><span>Crocodile ton sur ton<\/span><\/li>\n<li><span>PVC effet grain\u00e9<\/span><\/li>\n<li><span>Exterieur: Pvc (100%)<\/span><\/li>\n<\/ul><\/div>\n<p><strong>Informations livraisons<\/strong><\/p>\n<div>Les frais de livraisons sont offerts d\u00e8s 40\u20ac d&rsquo;achats<br \/>Livraison entre 3 et 5 jours<\/div>\n<div>Mode de paiement s\u00e9curis\u00e9s accept\u00e9s : CARTE BANCAIRE\u00a0 ou\u00a0 PAYPAL<br \/>R\u00e9ception des marchandises : A domicile ou Retrait \u00e0 notre magasin<br \/>Consulter nos<a href=\"http:\/\/www.solene-maroquinerie.fr\/conditions_generales_de_vente.html\" target=\"_self\" title=\"Nos CGV\">\u00a0conditions g\u00e9n\u00e9rales de ventes<\/a><\/div>\n<p>\u00a0<\/p>\n","protected":false},"excerpt":{"rendered":"<p>Caract\u00e9ristiques de la\u00a0PETITE SACOCHE THE BLEND LACOSTE MONOGRAM NOIR GRIS Soignez vos looks urbains avec cette sacoche crois\u00e9e anim\u00e9e du nouveau monogramme Lacoste. Effet grain\u00e9, elle est munie d&rsquo;une fermeture zipp\u00e9e, et d&rsquo;une bandouli\u00e8re r\u00e9glable et amovible \u00e0 mousquetons m\u00e9talliques. Un accessoire tendance et \u00e9l\u00e9gant, compl\u00e9t\u00e9 par un petit crocodile ton sur ton. Dimensions : [&hellip;]<\/p>\n","protected":false},"featured_media":2721,"comment_status":"open","ping_status":"closed","template":"","meta":[],"product_brand":[25],"product_cat":[24,34],"product_tag":[],"class_list":{"0":"post-1484","1":"product","2":"type-product","3":"status-publish","4":"has-post-thumbnail","6":"product_brand-lacoste","7":"product_cat-divers","8":"product_cat-homme","10":"first","11":"instock","12":"taxable","13":"shipping-taxable","14":"purchasable","15":"product-type-simple"},"_links":{"self":[{"href":"https:\/\/www.solene-maroquinerie.fr\/index.php\/wp-json\/wp\/v2\/product\/1484","targetHints":{"allow":["GET"]}}],"collection":[{"href":"https:\/\/www.solene-maroquinerie.fr\/index.php\/wp-json\/wp\/v2\/product"}],"about":[{"href":"https:\/\/www.solene-maroquinerie.fr\/index.php\/wp-json\/wp\/v2\/types\/product"}],"replies":[{"embeddable":true,"href":"https:\/\/www.solene-maroquinerie.fr\/index.php\/wp-json\/wp\/v2\/comments?post=1484"}],"wp:featuredmedia":[{"embeddable":true,"href":"https:\/\/www.solene-maroquinerie.fr\/index.php\/wp-json\/wp\/v2\/media\/2721"}],"wp:attachment":[{"href":"https:\/\/www.solene-maroquinerie.fr\/index.php\/wp-json\/wp\/v2\/media?parent=1484"}],"wp:term":[{"taxonomy":"product_brand","embeddable":true,"href":"https:\/\/www.solene-maroquinerie.fr\/index.php\/wp-json\/wp\/v2\/product_brand?post=1484"},{"taxonomy":"product_cat","embeddable":true,"href":"https:\/\/www.solene-maroquinerie.fr\/index.php\/wp-json\/wp\/v2\/product_cat?post=1484"},{"taxonomy":"product_tag","embeddable":true,"href":"https:\/\/www.solene-maroquinerie.fr\/index.php\/wp-json\/wp\/v2\/product_tag?post=1484"}],"curies":[{"name":"wp","href":"https:\/\/api.w.org\/{rel}","templated":true}]}}