{"id":1485,"date":"2026-04-29T11:22:29","date_gmt":"2026-04-29T11:22:29","guid":{"rendered":"https:\/\/www.solene-maroquinerie.fr\/index.php\/produit\/grand-sac-a-rabat-lacoste\/"},"modified":"2026-05-13T11:55:26","modified_gmt":"2026-05-13T11:55:26","slug":"grand-sac-a-rabat-lacoste","status":"publish","type":"product","link":"https:\/\/www.solene-maroquinerie.fr\/index.php\/produit\/grand-sac-a-rabat-lacoste\/","title":{"rendered":"GRAND SAC A RABAT LACOSTE"},"content":{"rendered":"<p><strong>Caract\u00e9ristiques du\u00a0GRAND SAC A RABAT THE BLEND LACOSTE MONOGRAM NOIR GRIS<\/strong><\/p>\n<div>\n<div>Ce sac \u00e0 rabat avec imprim\u00e9 monogramm\u00e9 en mati\u00e8re grain\u00e9e est le m\u00e9lange parfait entre style et praticit\u00e9. Fonctionnel, il se dote d\u2019une poche principale pouvant accueillir une tablette 11 pouces, ainsi que d\u2019un compartiment zipp\u00e9. Sa large bandouli\u00e8re et son motif iconique lui conf\u00e8rent un style graphique et moderne.<\/div>\n<ul>\n<li><span>Dimensions : L 29 x H 23 x P 7 cm<\/span><\/li>\n<li><span>Bandouli\u00e8re ajustable de 75 \u00e0 140 cm<\/span><\/li>\n<li><span>Une poche zipp\u00e9e ext\u00e9rieure<\/span><\/li>\n<li><span>Une poche plaqu\u00e9e et un porte-clefs<\/span><\/li>\n<li><span>Crocodile en m\u00e9tal ton sur ton<\/span><\/li>\n<li><span>Exterieur: Pvc (100%)<\/span><\/li>\n<\/ul><\/div>\n<p><strong>Informations livraisons<\/strong><\/p>\n<div>Les frais de livraisons sont offerts d\u00e8s 40\u20ac d&rsquo;achats<br \/>Livraison entre 3 et 5 jours<\/div>\n<div>Mode de paiement s\u00e9curis\u00e9s accept\u00e9s : CARTE BANCAIRE\u00a0 ou\u00a0 PAYPAL<br \/>R\u00e9ception des marchandises : A domicile ou Retrait \u00e0 notre magasin<br \/>Consulter nos<a href=\"http:\/\/www.solene-maroquinerie.fr\/conditions_generales_de_vente.html\" target=\"_self\" title=\"Nos CGV\">\u00a0conditions g\u00e9n\u00e9rales de ventes<\/a><\/div>\n<p>\u00a0<\/p>\n","protected":false},"excerpt":{"rendered":"<p>Caract\u00e9ristiques du\u00a0GRAND SAC A RABAT THE BLEND LACOSTE MONOGRAM NOIR GRIS Ce sac \u00e0 rabat avec imprim\u00e9 monogramm\u00e9 en mati\u00e8re grain\u00e9e est le m\u00e9lange parfait entre style et praticit\u00e9. Fonctionnel, il se dote d\u2019une poche principale pouvant accueillir une tablette 11 pouces, ainsi que d\u2019un compartiment zipp\u00e9. Sa large bandouli\u00e8re et son motif iconique lui [&hellip;]<\/p>\n","protected":false},"featured_media":2724,"comment_status":"open","ping_status":"closed","template":"","meta":[],"product_brand":[25],"product_cat":[24,34],"product_tag":[],"class_list":{"0":"post-1485","1":"product","2":"type-product","3":"status-publish","4":"has-post-thumbnail","6":"product_brand-lacoste","7":"product_cat-divers","8":"product_cat-homme","10":"first","11":"instock","12":"taxable","13":"shipping-taxable","14":"purchasable","15":"product-type-simple"},"_links":{"self":[{"href":"https:\/\/www.solene-maroquinerie.fr\/index.php\/wp-json\/wp\/v2\/product\/1485","targetHints":{"allow":["GET"]}}],"collection":[{"href":"https:\/\/www.solene-maroquinerie.fr\/index.php\/wp-json\/wp\/v2\/product"}],"about":[{"href":"https:\/\/www.solene-maroquinerie.fr\/index.php\/wp-json\/wp\/v2\/types\/product"}],"replies":[{"embeddable":true,"href":"https:\/\/www.solene-maroquinerie.fr\/index.php\/wp-json\/wp\/v2\/comments?post=1485"}],"wp:featuredmedia":[{"embeddable":true,"href":"https:\/\/www.solene-maroquinerie.fr\/index.php\/wp-json\/wp\/v2\/media\/2724"}],"wp:attachment":[{"href":"https:\/\/www.solene-maroquinerie.fr\/index.php\/wp-json\/wp\/v2\/media?parent=1485"}],"wp:term":[{"taxonomy":"product_brand","embeddable":true,"href":"https:\/\/www.solene-maroquinerie.fr\/index.php\/wp-json\/wp\/v2\/product_brand?post=1485"},{"taxonomy":"product_cat","embeddable":true,"href":"https:\/\/www.solene-maroquinerie.fr\/index.php\/wp-json\/wp\/v2\/product_cat?post=1485"},{"taxonomy":"product_tag","embeddable":true,"href":"https:\/\/www.solene-maroquinerie.fr\/index.php\/wp-json\/wp\/v2\/product_tag?post=1485"}],"curies":[{"name":"wp","href":"https:\/\/api.w.org\/{rel}","templated":true}]}}