{"id":1488,"date":"2026-04-29T11:22:29","date_gmt":"2026-04-29T11:22:29","guid":{"rendered":"https:\/\/www.solene-maroquinerie.fr\/index.php\/produit\/sac-messenger-lacoste-mens-clas\/"},"modified":"2026-05-13T11:55:27","modified_gmt":"2026-05-13T11:55:27","slug":"sac-messenger-lacoste-mens-clas","status":"publish","type":"product","link":"https:\/\/www.solene-maroquinerie.fr\/index.php\/produit\/sac-messenger-lacoste-mens-clas\/","title":{"rendered":"SAC MESSENGER LACOSTE MEN&rsquo;S CLAS"},"content":{"rendered":"<p><strong>Caract\u00e9ristiques du\u00a0SAC MESSENGER LACOSTE MEN&rsquo;S CLASSIC NOIR<\/strong><\/p>\n<div>\n<div>Nomade et fonctionnel, ce sac \u00e0 rabat Men\u2019s Classic est un iconique. Confectionn\u00e9 en toile r\u00e9sistante, il reprend l\u2019effet Petit Piqu\u00e9, la mati\u00e8re signature Lacoste, pour un style sport chic intemporel. Pratique, son format compact offre de la place pour tous les essentiels et peut m\u00eame accueillir un iPad.<\/div>\n<ul>\n<li><span>Dimensions : L 27 x H 18 x P 8 cm<\/span><\/li>\n<li><span>Ext\u00e9rieur effet Petit Piqu\u00e9<\/span><\/li>\n<li><span>Bandouli\u00e8re ajustable entre 80 et 140 cm<\/span><\/li>\n<li><span>Espace pour un iPad<\/span><\/li>\n<li><span>Crocodile sur le rabat<\/span><\/li>\n<li><span>Exterieur: Polyurethane (100%)<\/span><\/li>\n<\/ul><\/div>\n<p><strong>Informations livraisons<\/strong><\/p>\n<div>Les frais de livraisons sont offerts d\u00e8s 40\u20ac d&rsquo;achats<br \/>Livraison entre 3 et 5 jours<\/div>\n<div>Mode de paiement s\u00e9curis\u00e9s accept\u00e9s : CARTE BANCAIRE\u00a0 ou\u00a0 PAYPAL<br \/>R\u00e9ception des marchandises : A domicile ou Retrait \u00e0 notre magasin<br \/>Consulter nos<a href=\"http:\/\/www.solene-maroquinerie.fr\/conditions_generales_de_vente.html\" target=\"_self\" title=\"Nos CGV\">\u00a0conditions g\u00e9n\u00e9rales de ventes<\/a><\/div>\n<p>\u00a0<\/p>\n","protected":false},"excerpt":{"rendered":"<p>Caract\u00e9ristiques du\u00a0SAC MESSENGER LACOSTE MEN&rsquo;S CLASSIC NOIR Nomade et fonctionnel, ce sac \u00e0 rabat Men\u2019s Classic est un iconique. Confectionn\u00e9 en toile r\u00e9sistante, il reprend l\u2019effet Petit Piqu\u00e9, la mati\u00e8re signature Lacoste, pour un style sport chic intemporel. Pratique, son format compact offre de la place pour tous les essentiels et peut m\u00eame accueillir un [&hellip;]<\/p>\n","protected":false},"featured_media":2733,"template":"","meta":[],"product_brand":[25],"product_cat":[24,34],"product_tag":[],"class_list":{"0":"post-1488","1":"product","2":"type-product","3":"status-publish","4":"has-post-thumbnail","6":"product_brand-lacoste","7":"product_cat-divers","8":"product_cat-homme","10":"first","11":"instock","12":"taxable","13":"shipping-taxable","14":"purchasable","15":"product-type-simple"},"_links":{"self":[{"href":"https:\/\/www.solene-maroquinerie.fr\/index.php\/wp-json\/wp\/v2\/product\/1488","targetHints":{"allow":["GET"]}}],"collection":[{"href":"https:\/\/www.solene-maroquinerie.fr\/index.php\/wp-json\/wp\/v2\/product"}],"about":[{"href":"https:\/\/www.solene-maroquinerie.fr\/index.php\/wp-json\/wp\/v2\/types\/product"}],"wp:featuredmedia":[{"embeddable":true,"href":"https:\/\/www.solene-maroquinerie.fr\/index.php\/wp-json\/wp\/v2\/media\/2733"}],"wp:attachment":[{"href":"https:\/\/www.solene-maroquinerie.fr\/index.php\/wp-json\/wp\/v2\/media?parent=1488"}],"wp:term":[{"taxonomy":"product_brand","embeddable":true,"href":"https:\/\/www.solene-maroquinerie.fr\/index.php\/wp-json\/wp\/v2\/product_brand?post=1488"},{"taxonomy":"product_cat","embeddable":true,"href":"https:\/\/www.solene-maroquinerie.fr\/index.php\/wp-json\/wp\/v2\/product_cat?post=1488"},{"taxonomy":"product_tag","embeddable":true,"href":"https:\/\/www.solene-maroquinerie.fr\/index.php\/wp-json\/wp\/v2\/product_tag?post=1488"}],"curies":[{"name":"wp","href":"https:\/\/api.w.org\/{rel}","templated":true}]}}