{"id":1492,"date":"2026-04-29T11:22:29","date_gmt":"2026-04-29T11:22:29","guid":{"rendered":"https:\/\/www.solene-maroquinerie.fr\/index.php\/produit\/sac-banane-lacoste-noir\/"},"modified":"2026-05-13T11:55:28","modified_gmt":"2026-05-13T11:55:28","slug":"sac-banane-lacoste-noir","status":"publish","type":"product","link":"https:\/\/www.solene-maroquinerie.fr\/index.php\/produit\/sac-banane-lacoste-noir\/","title":{"rendered":"SAC BANANE LACOSTE NOIR"},"content":{"rendered":"<p><strong>Caract\u00e9ristiques du\u00a0SAC BANANE LACOSTE EN PETIT PIQU\u00c9 NOIR<\/strong><\/p>\n<div>Optez pour l\u2019allure sportive de ce sac banane Lacoste. Tendance, fonctionnel, il est confectionn\u00e9 en toile souple petit piqu\u00e9. Portez cet accessoire nomade \u00e0 l\u2019\u00e9paule ou crois\u00e9 pour un look d\u00e9contract\u00e9.<\/div>\n<ul>\n<li><span>Dimensions : L45.5 x H15 x D9 cm<\/span><\/li>\n<li><span>Exterieur : piqu\u00e9<\/span><\/li>\n<li><span>Ceinture r\u00e9glage : 65cm &#8211; 95cm<\/span><\/li>\n<li><span>1 poche zipp\u00e9e ext\u00e9rieur<\/span><\/li>\n<li><span>Crocodile ton sur ton<\/span><\/li>\n<li><span>Ext\u00e9rieur: Pvc (100%)<\/span><\/li>\n<\/ul>\n<p><strong><br \/><\/strong><\/p>\n<p><strong>Informations livraisons<\/strong><\/p>\n<div>Les frais de livraisons sont offerts d\u00e8s 40\u20ac d&rsquo;achats<br \/>Livraison entre 3 et 5 jours<\/div>\n<div>Mode de paiement s\u00e9curis\u00e9s accept\u00e9s : CARTE BANCAIRE\u00a0 ou\u00a0 PAYPAL<br \/>R\u00e9ception des marchandises : A domicile ou Retrait \u00e0 notre magasin<br \/>Consulter nos<a href=\"http:\/\/www.solene-maroquinerie.fr\/conditions_generales_de_vente.html\" target=\"_self\" title=\"Nos CGV\">\u00a0conditions g\u00e9n\u00e9rales de ventes<\/a><\/div>\n<p>\u00a0<\/p>\n","protected":false},"excerpt":{"rendered":"<p>Caract\u00e9ristiques du\u00a0SAC BANANE LACOSTE EN PETIT PIQU\u00c9 NOIR Optez pour l\u2019allure sportive de ce sac banane Lacoste. Tendance, fonctionnel, il est confectionn\u00e9 en toile souple petit piqu\u00e9. Portez cet accessoire nomade \u00e0 l\u2019\u00e9paule ou crois\u00e9 pour un look d\u00e9contract\u00e9. Dimensions : L45.5 x H15 x D9 cm Exterieur : piqu\u00e9 Ceinture r\u00e9glage : 65cm &#8211; [&hellip;]<\/p>\n","protected":false},"featured_media":2749,"template":"","meta":[],"product_brand":[25],"product_cat":[45,34],"product_tag":[],"class_list":{"0":"post-1492","1":"product","2":"type-product","3":"status-publish","4":"has-post-thumbnail","6":"product_brand-lacoste","7":"product_cat-banane","8":"product_cat-homme","10":"first","11":"instock","12":"taxable","13":"shipping-taxable","14":"purchasable","15":"product-type-simple"},"_links":{"self":[{"href":"https:\/\/www.solene-maroquinerie.fr\/index.php\/wp-json\/wp\/v2\/product\/1492","targetHints":{"allow":["GET"]}}],"collection":[{"href":"https:\/\/www.solene-maroquinerie.fr\/index.php\/wp-json\/wp\/v2\/product"}],"about":[{"href":"https:\/\/www.solene-maroquinerie.fr\/index.php\/wp-json\/wp\/v2\/types\/product"}],"wp:featuredmedia":[{"embeddable":true,"href":"https:\/\/www.solene-maroquinerie.fr\/index.php\/wp-json\/wp\/v2\/media\/2749"}],"wp:attachment":[{"href":"https:\/\/www.solene-maroquinerie.fr\/index.php\/wp-json\/wp\/v2\/media?parent=1492"}],"wp:term":[{"taxonomy":"product_brand","embeddable":true,"href":"https:\/\/www.solene-maroquinerie.fr\/index.php\/wp-json\/wp\/v2\/product_brand?post=1492"},{"taxonomy":"product_cat","embeddable":true,"href":"https:\/\/www.solene-maroquinerie.fr\/index.php\/wp-json\/wp\/v2\/product_cat?post=1492"},{"taxonomy":"product_tag","embeddable":true,"href":"https:\/\/www.solene-maroquinerie.fr\/index.php\/wp-json\/wp\/v2\/product_tag?post=1492"}],"curies":[{"name":"wp","href":"https:\/\/api.w.org\/{rel}","templated":true}]}}