{"id":1556,"date":"2026-04-29T11:23:15","date_gmt":"2026-04-29T11:23:15","guid":{"rendered":"https:\/\/www.solene-maroquinerie.fr\/index.php\/produit\/sac-a-dos-cabaia-small-aqaba\/"},"modified":"2026-05-13T14:49:25","modified_gmt":"2026-05-13T14:49:25","slug":"sac-a-dos-cabaia-small-aqaba","status":"publish","type":"product","link":"https:\/\/www.solene-maroquinerie.fr\/index.php\/produit\/sac-a-dos-cabaia-small-aqaba\/","title":{"rendered":"SAC A DOS CABAIA SMALL AQABA"},"content":{"rendered":"<p>\u00a0<strong>Descriptif du SAC A DOS CABA\u00cfA ADVENTURER SMALL AQABA<\/strong><\/p>\n<ul>\n<li>Garanti \u00e0 vie<\/li>\n<li>Volume : 10L pour y glisser tous vos essentiels<\/li>\n<li>Syst\u00e8me MOLLE pour attacher les pochettes avant et lat\u00e9rales<\/li>\n<li>Compartiment rembourr\u00e9 pour\u00a0tablette 10pouces<\/li>\n<li>Vegan et d\u00e9perlant<\/li>\n<li>Sangle attache valise<\/li>\n<li>Bretelles rembourr\u00e9es et anti-transpirantes<\/li>\n<\/ul>\n<p><strong>Dimensions (10L):\u00a0<\/strong>23cm (largeur) x 32cm (hauteur) x 13cm (profondeur)<\/p>\n<p><strong>Composition<\/strong><span>\u00a0:\u00a0<\/span><br \/><span>Tissu exterieur principal: 100% Polyester<\/span><br \/><span>Tissu ext\u00e9rieur enduit: 100% Polyurethane\u00a0<\/span><br \/><span>Doublure interieure: 100% Polyester<br \/><\/span><\/p>\n<h4><strong>Informations livraisons<\/strong><\/h4>\n<div>Les frais de livraisons sont offerts d\u00e8s 40\u20ac d&rsquo;achats<br \/>Livraison entre 3 et 5 jours<\/div>\n<div>Mode de paiement s\u00e9curis\u00e9s accept\u00e9s : CARTE BANCAIRE\u00a0 ou\u00a0 PAYPAL<br \/>R\u00e9ception des marchandises : A domicile ou Retrait \u00e0 notre magasin<br \/>Consulter nos<a href=\"http:\/\/www.solene-maroquinerie.fr\/conditions_generales_de_vente.html\" target=\"_self\" title=\"Nos CGV\">\u00a0conditions g\u00e9n\u00e9rales de ventes<\/a><\/div>\n<p>\u00a0<\/p>\n","protected":false},"excerpt":{"rendered":"<p class=\"reference-commerciale\">R\u00e9f\u00e9rence commerciale : ADVENTURER AQABA-SMALL<\/p>\n","protected":false},"featured_media":2928,"template":"","meta":[],"product_brand":[42],"product_cat":[19,44],"product_tag":[],"class_list":{"0":"post-1556","1":"product","2":"type-product","3":"status-publish","4":"has-post-thumbnail","6":"product_brand-cabaia","7":"product_cat-sac-a-dos","8":"product_cat-sac-a-dos-cabaia-small","10":"first","11":"instock","12":"taxable","13":"shipping-taxable","14":"purchasable","15":"product-type-simple"},"_links":{"self":[{"href":"https:\/\/www.solene-maroquinerie.fr\/index.php\/wp-json\/wp\/v2\/product\/1556","targetHints":{"allow":["GET"]}}],"collection":[{"href":"https:\/\/www.solene-maroquinerie.fr\/index.php\/wp-json\/wp\/v2\/product"}],"about":[{"href":"https:\/\/www.solene-maroquinerie.fr\/index.php\/wp-json\/wp\/v2\/types\/product"}],"wp:featuredmedia":[{"embeddable":true,"href":"https:\/\/www.solene-maroquinerie.fr\/index.php\/wp-json\/wp\/v2\/media\/2928"}],"wp:attachment":[{"href":"https:\/\/www.solene-maroquinerie.fr\/index.php\/wp-json\/wp\/v2\/media?parent=1556"}],"wp:term":[{"taxonomy":"product_brand","embeddable":true,"href":"https:\/\/www.solene-maroquinerie.fr\/index.php\/wp-json\/wp\/v2\/product_brand?post=1556"},{"taxonomy":"product_cat","embeddable":true,"href":"https:\/\/www.solene-maroquinerie.fr\/index.php\/wp-json\/wp\/v2\/product_cat?post=1556"},{"taxonomy":"product_tag","embeddable":true,"href":"https:\/\/www.solene-maroquinerie.fr\/index.php\/wp-json\/wp\/v2\/product_tag?post=1556"}],"curies":[{"name":"wp","href":"https:\/\/api.w.org\/{rel}","templated":true}]}}