{"id":1562,"date":"2026-04-29T11:23:16","date_gmt":"2026-04-29T11:23:16","guid":{"rendered":"https:\/\/www.solene-maroquinerie.fr\/index.php\/produit\/sac-guess-katya-rosewater-logo\/"},"modified":"2026-05-13T11:55:45","modified_gmt":"2026-05-13T11:55:45","slug":"sac-guess-katya-rosewater-logo","status":"publish","type":"product","link":"https:\/\/www.solene-maroquinerie.fr\/index.php\/produit\/sac-guess-katya-rosewater-logo\/","title":{"rendered":"SAC GUESS KATYA ROSEWATER LOGO"},"content":{"rendered":"<p><strong>Caract\u00e9ristiques du SAC EN BANDOULIERE GUESS KATYA ROSEWATER LOGO<\/strong><\/p>\n<ul>\n<li>Ext\u00e9rieur en similicuir.<\/li>\n<li>Pi\u00e8ces m\u00e9talliques couleur or p\u00e2le.<\/li>\n<li>Imprim\u00e9 logo 4G.<\/li>\n<li>Doublure personnalis\u00e9e avec logo.<\/li>\n<li>Poche zipp\u00e9e \u00e0 l\u2019arri\u00e8re.<\/li>\n<li>Inscription logo avec d\u00e9tail m\u00e9tallique sur le devant.<\/li>\n<\/ul>\n<p><strong>Dimensions<\/strong><\/p>\n<ul>\n<li>27x17x9 cm.<\/li>\n<li>Poign\u00e9es environ 63cm<\/li>\n<\/ul>\n<p><strong>Composition<\/strong><\/p>\n<ul>\n<li>COMPOSITION TISSU PRINCIPAL : 100% polyur\u00e9thane<\/li>\n<\/ul>\n<p><strong>Entretien<\/strong><\/p>\n<ul>\n<li>Ne pas laver.<\/li>\n<li>Ranger dans son pochon en tissu.<\/li>\n<li>Suivre les instructions figurant sur l&rsquo;\u00e9tiquette pour entretenir correctement l&rsquo;accessoire.<\/li>\n<\/ul>\n<div><span><span><\/span><\/span> <\/p>\n<p><strong>Informations livraisons<\/strong><\/p>\n<p>Les frais de livraisons sont offerts d\u00e8s 40\u20ac d&rsquo;achats<\/p>\n<p>Mode de paiement s\u00e9curis\u00e9s accept\u00e9s : CARTE BANCAIRE\u00a0 ou\u00a0 PAYPAL<\/p>\n<div>R\u00e9ception des marchandises : A domicile ou Retrait \u00e0 notre magasin<\/div>\n<div>Livraison entre 3 et 5 jours<\/div>\n<div>Retrait au magasin sous 24h (rdv)<\/div>\n<div>Consulter nos<a href=\"https:\/\/www.solene-maroquinerie.fr\/conditions_generales_de_vente.html\" target=\"_self\" title=\"Nos CGV\">\u00a0conditions g\u00e9n\u00e9rales de ventes<\/a><\/div>\n<\/p><\/div>\n<p>\u00a0<\/p>\n<div>\u00a0<\/div>\n","protected":false},"excerpt":{"rendered":"<p>Caract\u00e9ristiques du SAC EN BANDOULIERE GUESS KATYA ROSEWATER LOGO Ext\u00e9rieur en similicuir. Pi\u00e8ces m\u00e9talliques couleur or p\u00e2le. Imprim\u00e9 logo 4G. Doublure personnalis\u00e9e avec logo. Poche zipp\u00e9e \u00e0 l\u2019arri\u00e8re. Inscription logo avec d\u00e9tail m\u00e9tallique sur le devant. Dimensions 27x17x9 cm. Poign\u00e9es environ 63cm Composition COMPOSITION TISSU PRINCIPAL : 100% polyur\u00e9thane Entretien Ne pas laver. Ranger dans [&hellip;]<\/p>\n","protected":false},"featured_media":2945,"comment_status":"open","ping_status":"closed","template":"","meta":[],"product_brand":[91],"product_cat":[28,90],"product_tag":[],"class_list":{"0":"post-1562","1":"product","2":"type-product","3":"status-publish","4":"has-post-thumbnail","6":"product_brand-guess","7":"product_cat-sac-a-main-2","8":"product_cat-sac-a-main-guess","10":"first","11":"instock","12":"taxable","13":"shipping-taxable","14":"purchasable","15":"product-type-simple"},"_links":{"self":[{"href":"https:\/\/www.solene-maroquinerie.fr\/index.php\/wp-json\/wp\/v2\/product\/1562","targetHints":{"allow":["GET"]}}],"collection":[{"href":"https:\/\/www.solene-maroquinerie.fr\/index.php\/wp-json\/wp\/v2\/product"}],"about":[{"href":"https:\/\/www.solene-maroquinerie.fr\/index.php\/wp-json\/wp\/v2\/types\/product"}],"replies":[{"embeddable":true,"href":"https:\/\/www.solene-maroquinerie.fr\/index.php\/wp-json\/wp\/v2\/comments?post=1562"}],"wp:featuredmedia":[{"embeddable":true,"href":"https:\/\/www.solene-maroquinerie.fr\/index.php\/wp-json\/wp\/v2\/media\/2945"}],"wp:attachment":[{"href":"https:\/\/www.solene-maroquinerie.fr\/index.php\/wp-json\/wp\/v2\/media?parent=1562"}],"wp:term":[{"taxonomy":"product_brand","embeddable":true,"href":"https:\/\/www.solene-maroquinerie.fr\/index.php\/wp-json\/wp\/v2\/product_brand?post=1562"},{"taxonomy":"product_cat","embeddable":true,"href":"https:\/\/www.solene-maroquinerie.fr\/index.php\/wp-json\/wp\/v2\/product_cat?post=1562"},{"taxonomy":"product_tag","embeddable":true,"href":"https:\/\/www.solene-maroquinerie.fr\/index.php\/wp-json\/wp\/v2\/product_tag?post=1562"}],"curies":[{"name":"wp","href":"https:\/\/api.w.org\/{rel}","templated":true}]}}