{"id":1572,"date":"2026-04-29T11:23:17","date_gmt":"2026-04-29T11:23:17","guid":{"rendered":"https:\/\/www.solene-maroquinerie.fr\/index.php\/produit\/sac-a-main-guess-neda-latte-logo-2\/"},"modified":"2026-05-13T11:55:48","modified_gmt":"2026-05-13T11:55:48","slug":"sac-a-main-guess-neda-latte-logo-2","status":"publish","type":"product","link":"https:\/\/www.solene-maroquinerie.fr\/index.php\/produit\/sac-a-main-guess-neda-latte-logo-2\/","title":{"rendered":"SAC A MAIN GUESS NEDA LATTE LOGO"},"content":{"rendered":"<p><strong>Caract\u00e9ristiques du PETI SAC A MAIN GUESS NEDA LATTE LOGO<\/strong><\/p>\n<ul>\n<li>Fermeture \u00e9clair.<\/li>\n<li>Pi\u00e8ces m\u00e9talliques couleur or.<\/li>\n<li>Inscription logo en m\u00e9tal sur le devant.<\/li>\n<\/ul>\n<p><strong>Dimensions<\/strong><\/p>\n<ul>\n<li>29 x 19 x 11 cm.<\/li>\n<\/ul>\n<p><strong>Composition<\/strong><\/p>\n<ul>\n<li>PU<\/li>\n<\/ul>\n<p><strong>Entretien<\/strong><\/p>\n<ul>\n<li>Ne pas laver.<\/li>\n<li>Ranger dans son pochon en tissu.<\/li>\n<li>Suivre les instructions figurant sur l&rsquo;\u00e9tiquette pour entretenir correctement l&rsquo;accessoire.<\/li>\n<li>Tenir \u00e0 l\u2019\u00e9cart de la chaleur et de l\u2019humidit\u00e9.<\/li>\n<li>En cas d\u2019exposition \u00e0 la pluie, s\u00e9cher imm\u00e9diatement avec un chiffon doux et neutre puis laisser dans un endroit bien abrit\u00e9.<\/li>\n<li>L\u2019exposition \u00e0 l\u2019eau, aux huiles et aux cosm\u00e9tiques peut tacher les tissus.<\/li>\n<li>\u00c9viter l\u2019exposition prolong\u00e9e \u00e0 la lumi\u00e8re intense pour \u00e9viter toute d\u00e9coloration.<\/li>\n<\/ul>\n<div><span><span><\/span><\/span> <\/p>\n<p><strong>Informations livraisons<\/strong><\/p>\n<p>Les frais de livraisons sont offerts d\u00e8s 40\u20ac d&rsquo;achats<\/p>\n<p>Mode de paiement s\u00e9curis\u00e9s accept\u00e9s : CARTE BANCAIRE\u00a0 ou\u00a0 PAYPAL<\/p>\n<div>R\u00e9ception des marchandises : A domicile ou Retrait \u00e0 notre magasin<\/div>\n<div>Livraison entre 3 et 5 jours<\/div>\n<div>Retrait au magasin sous 24h (rdv)<\/div>\n<div>Consulter nos<a href=\"https:\/\/www.solene-maroquinerie.fr\/conditions_generales_de_vente.html\" target=\"_self\" title=\"Nos CGV\">\u00a0conditions g\u00e9n\u00e9rales de ventes<\/a><\/div>\n<\/p><\/div>\n<p>\u00a0<\/p>\n<div>\u00a0<\/div>\n","protected":false},"excerpt":{"rendered":"<p>Caract\u00e9ristiques du PETI SAC A MAIN GUESS NEDA LATTE LOGO Fermeture \u00e9clair. Pi\u00e8ces m\u00e9talliques couleur or. Inscription logo en m\u00e9tal sur le devant. Dimensions 29 x 19 x 11 cm. Composition PU Entretien Ne pas laver. Ranger dans son pochon en tissu. Suivre les instructions figurant sur l&rsquo;\u00e9tiquette pour entretenir correctement l&rsquo;accessoire. Tenir \u00e0 l\u2019\u00e9cart [&hellip;]<\/p>\n","protected":false},"featured_media":2969,"comment_status":"open","ping_status":"closed","template":"","meta":[],"product_brand":[91],"product_cat":[28,90],"product_tag":[],"class_list":{"0":"post-1572","1":"product","2":"type-product","3":"status-publish","4":"has-post-thumbnail","6":"product_brand-guess","7":"product_cat-sac-a-main-2","8":"product_cat-sac-a-main-guess","10":"first","11":"instock","12":"taxable","13":"shipping-taxable","14":"purchasable","15":"product-type-simple"},"_links":{"self":[{"href":"https:\/\/www.solene-maroquinerie.fr\/index.php\/wp-json\/wp\/v2\/product\/1572","targetHints":{"allow":["GET"]}}],"collection":[{"href":"https:\/\/www.solene-maroquinerie.fr\/index.php\/wp-json\/wp\/v2\/product"}],"about":[{"href":"https:\/\/www.solene-maroquinerie.fr\/index.php\/wp-json\/wp\/v2\/types\/product"}],"replies":[{"embeddable":true,"href":"https:\/\/www.solene-maroquinerie.fr\/index.php\/wp-json\/wp\/v2\/comments?post=1572"}],"wp:featuredmedia":[{"embeddable":true,"href":"https:\/\/www.solene-maroquinerie.fr\/index.php\/wp-json\/wp\/v2\/media\/2969"}],"wp:attachment":[{"href":"https:\/\/www.solene-maroquinerie.fr\/index.php\/wp-json\/wp\/v2\/media?parent=1572"}],"wp:term":[{"taxonomy":"product_brand","embeddable":true,"href":"https:\/\/www.solene-maroquinerie.fr\/index.php\/wp-json\/wp\/v2\/product_brand?post=1572"},{"taxonomy":"product_cat","embeddable":true,"href":"https:\/\/www.solene-maroquinerie.fr\/index.php\/wp-json\/wp\/v2\/product_cat?post=1572"},{"taxonomy":"product_tag","embeddable":true,"href":"https:\/\/www.solene-maroquinerie.fr\/index.php\/wp-json\/wp\/v2\/product_tag?post=1572"}],"curies":[{"name":"wp","href":"https:\/\/api.w.org\/{rel}","templated":true}]}}