{"id":1573,"date":"2026-04-29T11:23:18","date_gmt":"2026-04-29T11:23:18","guid":{"rendered":"https:\/\/www.solene-maroquinerie.fr\/index.php\/produit\/sac-a-main-guess-valla-black\/"},"modified":"2026-05-13T11:55:48","modified_gmt":"2026-05-13T11:55:48","slug":"sac-a-main-guess-valla-black","status":"publish","type":"product","link":"https:\/\/www.solene-maroquinerie.fr\/index.php\/produit\/sac-a-main-guess-valla-black\/","title":{"rendered":"SAC A MAIN GUESS VALLA BLACK"},"content":{"rendered":"<p><strong>Caract\u00e9ristiques du\u00a0SAC A MAIN GUESS VALLA BLACK<\/strong><\/p>\n<ul>\n<li>Sac \u00e0 main \u00e9l\u00e9gant avec logo Guess m\u00e9tallique<\/li>\n<li>Poches int\u00e9rieures dont une zipp\u00e9e<\/li>\n<li>Fermeture compartiment principal zip\u00e9e<\/li>\n<\/ul>\n<p><strong>Dimensions<\/strong><\/p>\n<ul>\n<li>26 cm x 11 cm x 9 cm<\/li>\n<\/ul>\n<p><strong>Composition<\/strong><\/p>\n<ul>\n<li>100% Polyur\u00e9thane<\/li>\n<li>Doublure : 80% Polyester 20% Coton<\/li>\n<\/ul>\n<p><strong>Entretien<\/strong><\/p>\n<ul>\n<li>Ne pas laver.<\/li>\n<li>Ranger dans son pochon en tissu.<\/li>\n<li>Suivre les instructions figurant sur l&rsquo;\u00e9tiquette pour entretenir correctement l&rsquo;accessoire.<\/li>\n<\/ul>\n<div><span><span><\/span><\/span> <\/p>\n<p><strong>Informations livraisons<\/strong><\/p>\n<p>Les frais de livraisons sont offerts d\u00e8s 40\u20ac d&rsquo;achats<\/p>\n<p>Mode de paiement s\u00e9curis\u00e9s accept\u00e9s : CARTE BANCAIRE\u00a0 ou\u00a0 PAYPAL<\/p>\n<div>R\u00e9ception des marchandises : A domicile ou Retrait \u00e0 notre magasin<\/div>\n<div>Livraison entre 3 et 5 jours<\/div>\n<div>Retrait au magasin sous 24h (rdv)<\/div>\n<div>Consulter nos<a href=\"https:\/\/www.solene-maroquinerie.fr\/conditions_generales_de_vente.html\" target=\"_self\" title=\"Nos CGV\">\u00a0conditions g\u00e9n\u00e9rales de ventes<\/a><\/div>\n<\/p><\/div>\n<p>\u00a0<\/p>\n<div>\u00a0<\/div>\n","protected":false},"excerpt":{"rendered":"<p>Caract\u00e9ristiques du\u00a0SAC A MAIN GUESS VALLA BLACK Sac \u00e0 main \u00e9l\u00e9gant avec logo Guess m\u00e9tallique Poches int\u00e9rieures dont une zipp\u00e9e Fermeture compartiment principal zip\u00e9e Dimensions 26 cm x 11 cm x 9 cm Composition 100% Polyur\u00e9thane Doublure : 80% Polyester 20% Coton Entretien Ne pas laver. Ranger dans son pochon en tissu. Suivre les instructions [&hellip;]<\/p>\n","protected":false},"featured_media":2971,"template":"","meta":[],"product_brand":[91],"product_cat":[28,90],"product_tag":[],"class_list":{"0":"post-1573","1":"product","2":"type-product","3":"status-publish","4":"has-post-thumbnail","6":"product_brand-guess","7":"product_cat-sac-a-main-2","8":"product_cat-sac-a-main-guess","10":"first","11":"instock","12":"taxable","13":"shipping-taxable","14":"purchasable","15":"product-type-simple"},"_links":{"self":[{"href":"https:\/\/www.solene-maroquinerie.fr\/index.php\/wp-json\/wp\/v2\/product\/1573","targetHints":{"allow":["GET"]}}],"collection":[{"href":"https:\/\/www.solene-maroquinerie.fr\/index.php\/wp-json\/wp\/v2\/product"}],"about":[{"href":"https:\/\/www.solene-maroquinerie.fr\/index.php\/wp-json\/wp\/v2\/types\/product"}],"wp:featuredmedia":[{"embeddable":true,"href":"https:\/\/www.solene-maroquinerie.fr\/index.php\/wp-json\/wp\/v2\/media\/2971"}],"wp:attachment":[{"href":"https:\/\/www.solene-maroquinerie.fr\/index.php\/wp-json\/wp\/v2\/media?parent=1573"}],"wp:term":[{"taxonomy":"product_brand","embeddable":true,"href":"https:\/\/www.solene-maroquinerie.fr\/index.php\/wp-json\/wp\/v2\/product_brand?post=1573"},{"taxonomy":"product_cat","embeddable":true,"href":"https:\/\/www.solene-maroquinerie.fr\/index.php\/wp-json\/wp\/v2\/product_cat?post=1573"},{"taxonomy":"product_tag","embeddable":true,"href":"https:\/\/www.solene-maroquinerie.fr\/index.php\/wp-json\/wp\/v2\/product_tag?post=1573"}],"curies":[{"name":"wp","href":"https:\/\/api.w.org\/{rel}","templated":true}]}}