{"id":1579,"date":"2026-04-29T11:23:18","date_gmt":"2026-04-29T11:23:18","guid":{"rendered":"https:\/\/www.solene-maroquinerie.fr\/index.php\/produit\/sac-a-main-emilie-le-tanneur-3\/"},"modified":"2026-05-13T11:55:49","modified_gmt":"2026-05-13T11:55:49","slug":"sac-a-main-emilie-le-tanneur-3","status":"publish","type":"product","link":"https:\/\/www.solene-maroquinerie.fr\/index.php\/produit\/sac-a-main-emilie-le-tanneur-3\/","title":{"rendered":"SAC A MAIN EMILIE LE TANNEUR"},"content":{"rendered":"<p><strong>Caract\u00e9ristiques du SAC A MAIN LE TANNEUR EMILIE EN CUIR LISSE ET NUBUCK NOIR<\/strong><\/p>\n<ul>\n<li>Sac \u00e0 main bi-mati\u00e8re avec fermoirs T signature, poign\u00e9es toron et logo Le Tanneur emboss\u00e9 ton sur ton.<\/li>\n<li>\n<p>Pi\u00e8ces T m\u00e9talliques signature de la ligne.<\/p>\n<\/li>\n<li>\n<p><span><span>4 compartiments dont 1 zipp\u00e9. 2 poches plates. 1 poche plate arri\u00e8re.<\/span><\/span><\/p>\n<\/li>\n<li>\n<p><span>Bandouli\u00e8re amovible et ajustable.<\/span><\/p>\n<\/li>\n<li>\n<p><span>Accessoires m\u00e9talliques finition argent<\/span><\/p>\n<\/li>\n<li>\n<p>Port\u00e9 main, \u00e9paule ou crois\u00e9 gr\u00e2ce \u00e0 sa bandouli\u00e8re ajustable et amovible.<\/p>\n<\/li>\n<\/ul>\n<p><strong>Dimensions :<\/strong><\/p>\n<ul>\n<li>L 28 x H 19.5 x P 12.5 cm<\/li>\n<\/ul>\n<p><strong>Composition :\u00a0<\/strong><\/p>\n<p>Cuir de vachette pleine fleur et refente de cuir lisse et nubuck. Doublure Jacquard Anniversaire.<\/p>\n<ul>\n<li>\n<p><span><span>Le cuir nubuck a un aspect doux et velout\u00e9. Ce cuir a subi un l\u00e9ger pon\u00e7age de sa surface. On obtient ainsi un touch\u00e9 velout\u00e9 et d\u00e9licat. Il a \u00e9t\u00e9 choisi pour sa grande souplesse.<\/span><\/span><\/p>\n<\/li>\n<li>\n<p><span><span>D\u00e9velopp\u00e9e sp\u00e9cialement pour c\u00e9l\u00e9brer les 125 ans de la Maison Le Tanneur, cette doublure noire en Jacquard puise son inspiration dans les riches archives de la Maison. Appel\u00e9e \u00ab Doublure Anniversaire \u00bb, elle arbore le macaron 125 ans ainsi que des feuilles de laurier, dont les d\u00e9tails sont visibles dans les \u00e9l\u00e9gants reflets mat ou brillant de ce tissu exceptionnel. Demandez nos lignes Ella, Le 125 ou encore Rose.<\/span><\/span><\/p>\n<\/li>\n<\/ul>\n<p><strong>Informations livraisons<\/strong><\/p>\n<div>Les frais de livraisons sont offerts d\u00e8s 40\u20ac d&rsquo;achats<br \/>Livraison entre 3 et 5 jours<\/div>\n<div>Mode de paiement s\u00e9curis\u00e9s accept\u00e9s : CARTE BANCAIRE\u00a0 ou\u00a0 PAYPAL<br \/>R\u00e9ception des marchandises : A domicile ou Retrait \u00e0 notre magasin<br \/>Consulter nos<a href=\"https:\/\/www.solene-maroquinerie.fr\/conditions_generales_de_vente.html\" target=\"_self\" title=\"Nos CGV\">\u00a0conditions g\u00e9n\u00e9rales de ventes<\/a><\/div>\n","protected":false},"excerpt":{"rendered":"<p>Caract\u00e9ristiques du SAC A MAIN LE TANNEUR EMILIE EN CUIR LISSE ET NUBUCK NOIR Sac \u00e0 main bi-mati\u00e8re avec fermoirs T signature, poign\u00e9es toron et logo Le Tanneur emboss\u00e9 ton sur ton. Pi\u00e8ces T m\u00e9talliques signature de la ligne. 4 compartiments dont 1 zipp\u00e9. 2 poches plates. 1 poche plate arri\u00e8re. Bandouli\u00e8re amovible et ajustable. [&hellip;]<\/p>\n","protected":false},"featured_media":2988,"comment_status":"open","ping_status":"closed","template":"","meta":[],"product_brand":[48],"product_cat":[47,28],"product_tag":[],"class_list":{"0":"post-1579","1":"product","2":"type-product","3":"status-publish","4":"has-post-thumbnail","6":"product_brand-le-tanneur","7":"product_cat-femme-le-tanneur","8":"product_cat-sac-a-main-2","10":"first","11":"instock","12":"taxable","13":"shipping-taxable","14":"purchasable","15":"product-type-simple"},"_links":{"self":[{"href":"https:\/\/www.solene-maroquinerie.fr\/index.php\/wp-json\/wp\/v2\/product\/1579","targetHints":{"allow":["GET"]}}],"collection":[{"href":"https:\/\/www.solene-maroquinerie.fr\/index.php\/wp-json\/wp\/v2\/product"}],"about":[{"href":"https:\/\/www.solene-maroquinerie.fr\/index.php\/wp-json\/wp\/v2\/types\/product"}],"replies":[{"embeddable":true,"href":"https:\/\/www.solene-maroquinerie.fr\/index.php\/wp-json\/wp\/v2\/comments?post=1579"}],"wp:featuredmedia":[{"embeddable":true,"href":"https:\/\/www.solene-maroquinerie.fr\/index.php\/wp-json\/wp\/v2\/media\/2988"}],"wp:attachment":[{"href":"https:\/\/www.solene-maroquinerie.fr\/index.php\/wp-json\/wp\/v2\/media?parent=1579"}],"wp:term":[{"taxonomy":"product_brand","embeddable":true,"href":"https:\/\/www.solene-maroquinerie.fr\/index.php\/wp-json\/wp\/v2\/product_brand?post=1579"},{"taxonomy":"product_cat","embeddable":true,"href":"https:\/\/www.solene-maroquinerie.fr\/index.php\/wp-json\/wp\/v2\/product_cat?post=1579"},{"taxonomy":"product_tag","embeddable":true,"href":"https:\/\/www.solene-maroquinerie.fr\/index.php\/wp-json\/wp\/v2\/product_tag?post=1579"}],"curies":[{"name":"wp","href":"https:\/\/api.w.org\/{rel}","templated":true}]}}