{"id":1581,"date":"2026-04-29T11:23:18","date_gmt":"2026-04-29T11:23:18","guid":{"rendered":"https:\/\/www.solene-maroquinerie.fr\/index.php\/produit\/sac-a-main-le-tanneur-juliette-3\/"},"modified":"2026-05-13T11:55:50","modified_gmt":"2026-05-13T11:55:50","slug":"sac-a-main-le-tanneur-juliette-3","status":"publish","type":"product","link":"https:\/\/www.solene-maroquinerie.fr\/index.php\/produit\/sac-a-main-le-tanneur-juliette-3\/","title":{"rendered":"SAC \u00c0 MAIN LE TANNEUR JULIETTE"},"content":{"rendered":"<p><strong>Caract\u00e9ristiques du MINI SAC \u00c0 MAIN LE TANNEUR JULIETTE EN CUIR GRAIN\u00c9 TAN<\/strong><\/p>\n<ul>\n<li>\n<p><span>Mini sac \u00e0 main avec poche zipp\u00e9e et marquage Le Tanneur.<\/span><\/p>\n<\/li>\n<li>\n<p><span>Port\u00e9 main, \u00e9paule ou crois\u00e9 gr\u00e2ce \u00e0 sa bandouli\u00e8re ajustable et amovible.<\/span><\/p>\n<\/li>\n<li>\n<p><span>1 poche centrale zipp\u00e9e. 1 poche plate avant et arri\u00e8re.<\/span><\/p>\n<\/li>\n<li>\n<p>\u00a0<span>Accessoires m\u00e9talliques finition dor\u00e9 clair.<\/span><\/p>\n<\/li>\n<\/ul>\n<p><strong>Dimensions<\/strong><\/p>\n<ul>\n<li>L 17.5 x H 14 x P 8 cm<\/li>\n<\/ul>\n<p><strong>Composition<\/strong><\/p>\n<p>Cuir de vachette pleine fleur grain\u00e9. Doublure textile jacquard.<\/p>\n<ul>\n<li>\n<p><span>Le cuir grain\u00e9 pleine fleur allie \u00e9l\u00e9gance et sp\u00e9cificit\u00e9 gr\u00e2ce \u00e0 son grain apparent. Le cuir pleine fleur est un cuir dont la surface est rest\u00e9e intacte et naturelle. C\u2019est la partie la plus noble du cuir. Une sensation agr\u00e9able au toucher le rend tr\u00e8s singulier. De quoi donner du relief aux sacs.<\/span><\/p>\n<\/li>\n<li>\n<p><span><span>Le jacquard T cr\u00e9puscule que l\u2019on retrouve \u00e0 l\u2019int\u00e9rieur de certaines pi\u00e8ces privil\u00e9gi\u00e9es est une doublure aux \u00e9l\u00e9gants reflets, con\u00e7ue dans un textile \u00e0 la fois soyeux et r\u00e9sistant, id\u00e9al pour une utilisation quotidienne.<\/span><br \/><\/span><\/p>\n<\/li>\n<\/ul>\n<p><strong>Informations livraisons<\/strong><\/p>\n<div>Les frais de livraisons sont offerts d\u00e8s 40\u20ac d&rsquo;achats<br \/>Livraison entre 3 et 5 jours<\/div>\n<div>Mode de paiement s\u00e9curis\u00e9s accept\u00e9s : CARTE BANCAIRE\u00a0 ou\u00a0 PAYPAL<br \/>R\u00e9ception des marchandises : A domicile ou Retrait \u00e0 notre magasin<br \/>Consulter nos<a href=\"https:\/\/www.solene-maroquinerie.fr\/conditions_generales_de_vente.html\" target=\"_self\" title=\"Nos CGV\">\u00a0conditions g\u00e9n\u00e9rales de ventes<\/a><\/div>\n","protected":false},"excerpt":{"rendered":"<p>Caract\u00e9ristiques du MINI SAC \u00c0 MAIN LE TANNEUR JULIETTE EN CUIR GRAIN\u00c9 TAN Mini sac \u00e0 main avec poche zipp\u00e9e et marquage Le Tanneur. Port\u00e9 main, \u00e9paule ou crois\u00e9 gr\u00e2ce \u00e0 sa bandouli\u00e8re ajustable et amovible. 1 poche centrale zipp\u00e9e. 1 poche plate avant et arri\u00e8re. \u00a0Accessoires m\u00e9talliques finition dor\u00e9 clair. Dimensions L 17.5 x [&hellip;]<\/p>\n","protected":false},"featured_media":2996,"template":"","meta":[],"product_brand":[48],"product_cat":[24,47],"product_tag":[],"class_list":{"0":"post-1581","1":"product","2":"type-product","3":"status-publish","4":"has-post-thumbnail","6":"product_brand-le-tanneur","7":"product_cat-divers","8":"product_cat-femme-le-tanneur","10":"first","11":"instock","12":"taxable","13":"shipping-taxable","14":"purchasable","15":"product-type-simple"},"_links":{"self":[{"href":"https:\/\/www.solene-maroquinerie.fr\/index.php\/wp-json\/wp\/v2\/product\/1581","targetHints":{"allow":["GET"]}}],"collection":[{"href":"https:\/\/www.solene-maroquinerie.fr\/index.php\/wp-json\/wp\/v2\/product"}],"about":[{"href":"https:\/\/www.solene-maroquinerie.fr\/index.php\/wp-json\/wp\/v2\/types\/product"}],"wp:featuredmedia":[{"embeddable":true,"href":"https:\/\/www.solene-maroquinerie.fr\/index.php\/wp-json\/wp\/v2\/media\/2996"}],"wp:attachment":[{"href":"https:\/\/www.solene-maroquinerie.fr\/index.php\/wp-json\/wp\/v2\/media?parent=1581"}],"wp:term":[{"taxonomy":"product_brand","embeddable":true,"href":"https:\/\/www.solene-maroquinerie.fr\/index.php\/wp-json\/wp\/v2\/product_brand?post=1581"},{"taxonomy":"product_cat","embeddable":true,"href":"https:\/\/www.solene-maroquinerie.fr\/index.php\/wp-json\/wp\/v2\/product_cat?post=1581"},{"taxonomy":"product_tag","embeddable":true,"href":"https:\/\/www.solene-maroquinerie.fr\/index.php\/wp-json\/wp\/v2\/product_tag?post=1581"}],"curies":[{"name":"wp","href":"https:\/\/api.w.org\/{rel}","templated":true}]}}