{"id":1585,"date":"2026-04-29T11:23:19","date_gmt":"2026-04-29T11:23:19","guid":{"rendered":"https:\/\/www.solene-maroquinerie.fr\/index.php\/produit\/pochette-le-tanneur-charlotte-2\/"},"modified":"2026-05-13T11:55:51","modified_gmt":"2026-05-13T11:55:51","slug":"pochette-le-tanneur-charlotte-2","status":"publish","type":"product","link":"https:\/\/www.solene-maroquinerie.fr\/index.php\/produit\/pochette-le-tanneur-charlotte-2\/","title":{"rendered":"POCHETTE LE TANNEUR CHARLOTTE"},"content":{"rendered":"<p><strong>Caract\u00e9ristiques du POCHETTE AVEC BANDOULIERE AMOVIBLE LE TANNEUR CHARLOTTE NOIR<\/strong><\/p>\n<p><span>Emboss\u00e9 \u00e0 la feuille d&rsquo;argent, cette \u00e9l\u00e9gante pochette est dot\u00e9e de la doublure Le Bleu Le Tanneur.<\/span><\/p>\n<ul>\n<li><span>2 soufflets, 1 poche zipp\u00e9e et 8 compartiments cartes.<\/span><\/li>\n<li><span>1 poche plate arri\u00e8re.<\/span><\/li>\n<li><span><span>Accessoires m\u00e9talliques finition argent.<\/span><br \/><\/span><\/li>\n<\/ul>\n<p><strong>Dimensions<\/strong><\/p>\n<ul>\n<li>L 19.5 x H 13.5 x P 5 cm<\/li>\n<\/ul>\n<p><strong>Composition<\/strong><\/p>\n<p>Cuir de vachette pleine fleur lisse. Doublure textile Le Bleu.<\/p>\n<ul>\n<li>\n<p><span><span><span><span>Le cuir lisse pleine fleur est l\u2019un des cuirs phare de notre Maison. Il se caract\u00e9rise par un toucher lisse et doux gr\u00e2ce \u00e0 la plus belle des peaux. En effet, le cuir pleine fleur est un cuir dont la surface est rest\u00e9e intacte et naturelle. C\u2019est la partie la plus noble du cuir.<\/span><\/span><\/span><\/span><\/p>\n<\/li>\n<li>\n<p><span><span><span>Les plus grandes maisons ont toutes leur signe distinctif. Chez Le Tanneur, il s\u2019agit d\u2019une \u00e9l\u00e9gante teinte bleut\u00e9e nomm\u00e9e : \u00ab Le Bleu \u00bb, couleur de la doublure dans la plupart de nos cr\u00e9ations. Taill\u00e9e dans un textile non salissant, soyeux et r\u00e9sistant, id\u00e9al pour une utilisation quotidienne.<\/span><\/span><br \/><\/span><\/p>\n<\/li>\n<\/ul>\n<p><strong>Informations livraisons<\/strong><\/p>\n<div>Les frais de livraisons sont offerts d\u00e8s 40\u20ac d&rsquo;achats<br \/>Livraison entre 3 et 5 jours<\/div>\n<div>Mode de paiement s\u00e9curis\u00e9s accept\u00e9s : CARTE BANCAIRE\u00a0 ou\u00a0 PAYPAL<br \/>R\u00e9ception des marchandises : A domicile ou Retrait \u00e0 notre magasin<br \/>Consulter nos<a href=\"https:\/\/www.solene-maroquinerie.fr\/conditions_generales_de_vente.html\" target=\"_self\" title=\"Nos CGV\">\u00a0conditions g\u00e9n\u00e9rales de ventes<\/a><\/div>\n","protected":false},"excerpt":{"rendered":"<p>Caract\u00e9ristiques du POCHETTE AVEC BANDOULIERE AMOVIBLE LE TANNEUR CHARLOTTE NOIR Emboss\u00e9 \u00e0 la feuille d&rsquo;argent, cette \u00e9l\u00e9gante pochette est dot\u00e9e de la doublure Le Bleu Le Tanneur. 2 soufflets, 1 poche zipp\u00e9e et 8 compartiments cartes. 1 poche plate arri\u00e8re. Accessoires m\u00e9talliques finition argent. Dimensions L 19.5 x H 13.5 x P 5 cm Composition [&hellip;]<\/p>\n","protected":false},"featured_media":3008,"comment_status":"open","ping_status":"closed","template":"","meta":[],"product_brand":[48],"product_cat":[24,47],"product_tag":[],"class_list":{"0":"post-1585","1":"product","2":"type-product","3":"status-publish","4":"has-post-thumbnail","6":"product_brand-le-tanneur","7":"product_cat-divers","8":"product_cat-femme-le-tanneur","10":"first","11":"instock","12":"taxable","13":"shipping-taxable","14":"purchasable","15":"product-type-simple"},"_links":{"self":[{"href":"https:\/\/www.solene-maroquinerie.fr\/index.php\/wp-json\/wp\/v2\/product\/1585","targetHints":{"allow":["GET"]}}],"collection":[{"href":"https:\/\/www.solene-maroquinerie.fr\/index.php\/wp-json\/wp\/v2\/product"}],"about":[{"href":"https:\/\/www.solene-maroquinerie.fr\/index.php\/wp-json\/wp\/v2\/types\/product"}],"replies":[{"embeddable":true,"href":"https:\/\/www.solene-maroquinerie.fr\/index.php\/wp-json\/wp\/v2\/comments?post=1585"}],"wp:featuredmedia":[{"embeddable":true,"href":"https:\/\/www.solene-maroquinerie.fr\/index.php\/wp-json\/wp\/v2\/media\/3008"}],"wp:attachment":[{"href":"https:\/\/www.solene-maroquinerie.fr\/index.php\/wp-json\/wp\/v2\/media?parent=1585"}],"wp:term":[{"taxonomy":"product_brand","embeddable":true,"href":"https:\/\/www.solene-maroquinerie.fr\/index.php\/wp-json\/wp\/v2\/product_brand?post=1585"},{"taxonomy":"product_cat","embeddable":true,"href":"https:\/\/www.solene-maroquinerie.fr\/index.php\/wp-json\/wp\/v2\/product_cat?post=1585"},{"taxonomy":"product_tag","embeddable":true,"href":"https:\/\/www.solene-maroquinerie.fr\/index.php\/wp-json\/wp\/v2\/product_tag?post=1585"}],"curies":[{"name":"wp","href":"https:\/\/api.w.org\/{rel}","templated":true}]}}