{"id":1587,"date":"2026-04-29T11:23:19","date_gmt":"2026-04-29T11:23:19","guid":{"rendered":"https:\/\/www.solene-maroquinerie.fr\/index.php\/produit\/petit-sac-le-tanneur-juliette-2\/"},"modified":"2026-05-13T11:55:51","modified_gmt":"2026-05-13T11:55:51","slug":"petit-sac-le-tanneur-juliette-2","status":"publish","type":"product","link":"https:\/\/www.solene-maroquinerie.fr\/index.php\/produit\/petit-sac-le-tanneur-juliette-2\/","title":{"rendered":"PETIT SAC LE TANNEUR JULIETTE"},"content":{"rendered":"<p><strong>Caract\u00e9ristiques du PETIT SAC DEMI LUNE LE TANNEUR JULIETTE EN CUIR GRAIN\u00c9 NOIR<\/strong><\/p>\n<p><span>Petit sac demi-lune avec doublure jacquard cr\u00e9puscule et marquage Le Tanneur.<\/span><\/p>\n<ul>\n<li><span>Double port\u00e9 gr\u00e2ce \u00e0 sa mini bandouli\u00e8re port\u00e9 \u00e9paule amovible et sa bandouli\u00e8re port\u00e9 crois\u00e9 ajustable et amovible.<\/span><\/li>\n<li><span><span>1 poche plate et 1 poche plate zipp\u00e9e int\u00e9rieur.<\/span><\/span><\/li>\n<li><span><span>Bandouli\u00e8re ajustable et amovible et mini bandouli\u00e8re port\u00e9e \u00e9paule.<\/span><br \/><\/span><\/li>\n<li><span><span><span>Accessoires m\u00e9talliques finition dor\u00e9 clair.<\/span><br \/><\/span><\/span><\/li>\n<\/ul>\n<p>Dimensions :<\/p>\n<ul>\n<li>L 23 x H 14 x P 7 cm<\/li>\n<\/ul>\n<p>Composition :\u00a0<\/p>\n<p>Cuir de vachette pleine fleur grain\u00e9. Doublure textile jacquard T cr\u00e9puscule.<\/p>\n<ul>\n<li>\n<p><span>Le cuir grain\u00e9 pleine fleur allie \u00e9l\u00e9gance et sp\u00e9cificit\u00e9 gr\u00e2ce \u00e0 son grain apparent. Le cuir pleine fleur est un cuir dont la surface est rest\u00e9e intacte et naturelle. C\u2019est la partie la plus noble du cuir. Une sensation agr\u00e9able au toucher le rend tr\u00e8s singulier. De quoi donner du relief aux sacs.<\/span><\/p>\n<\/li>\n<li>\n<p><span><span>Les initiales de la maison Le Tanneur ont toujours nourri leur cr\u00e9ativit\u00e9. Notamment lors de l\u2019\u00e9laboration de leurs motifs signature, comme le jacquard T cr\u00e9puscule que l\u2019on retrouve \u00e0 l\u2019int\u00e9rieur de certaines pi\u00e8ces privil\u00e9gi\u00e9es. D\u00e9couvrez une doublure aux \u00e9l\u00e9gants reflets, con\u00e7ue dans un textile \u00e0 la fois soyeux et r\u00e9sistant, id\u00e9al pour une utilisation quotidienne.<\/span><br \/><\/span><\/p>\n<\/li>\n<\/ul>\n<p><strong>Informations livraisons<\/strong><\/p>\n<div>Les frais de livraisons sont offerts d\u00e8s 40\u20ac d&rsquo;achats<br \/>Livraison entre 3 et 5 jours<\/div>\n<div>Mode de paiement s\u00e9curis\u00e9s accept\u00e9s : CARTE BANCAIRE\u00a0 ou\u00a0 PAYPAL<br \/>R\u00e9ception des marchandises : A domicile ou Retrait \u00e0 notre magasin<br \/>Consulter nos<a href=\"https:\/\/www.solene-maroquinerie.fr\/conditions_generales_de_vente.html\" target=\"_self\" title=\"Nos CGV\">\u00a0conditions g\u00e9n\u00e9rales de ventes<\/a><\/div>\n","protected":false},"excerpt":{"rendered":"<p>Caract\u00e9ristiques du PETIT SAC DEMI LUNE LE TANNEUR JULIETTE EN CUIR GRAIN\u00c9 NOIR Petit sac demi-lune avec doublure jacquard cr\u00e9puscule et marquage Le Tanneur. Double port\u00e9 gr\u00e2ce \u00e0 sa mini bandouli\u00e8re port\u00e9 \u00e9paule amovible et sa bandouli\u00e8re port\u00e9 crois\u00e9 ajustable et amovible. 1 poche plate et 1 poche plate zipp\u00e9e int\u00e9rieur. Bandouli\u00e8re ajustable et amovible [&hellip;]<\/p>\n","protected":false},"featured_media":3016,"comment_status":"open","ping_status":"closed","template":"","meta":[],"product_brand":[48],"product_cat":[24,47],"product_tag":[],"class_list":{"0":"post-1587","1":"product","2":"type-product","3":"status-publish","4":"has-post-thumbnail","6":"product_brand-le-tanneur","7":"product_cat-divers","8":"product_cat-femme-le-tanneur","10":"first","11":"instock","12":"taxable","13":"shipping-taxable","14":"purchasable","15":"product-type-simple"},"_links":{"self":[{"href":"https:\/\/www.solene-maroquinerie.fr\/index.php\/wp-json\/wp\/v2\/product\/1587","targetHints":{"allow":["GET"]}}],"collection":[{"href":"https:\/\/www.solene-maroquinerie.fr\/index.php\/wp-json\/wp\/v2\/product"}],"about":[{"href":"https:\/\/www.solene-maroquinerie.fr\/index.php\/wp-json\/wp\/v2\/types\/product"}],"replies":[{"embeddable":true,"href":"https:\/\/www.solene-maroquinerie.fr\/index.php\/wp-json\/wp\/v2\/comments?post=1587"}],"wp:featuredmedia":[{"embeddable":true,"href":"https:\/\/www.solene-maroquinerie.fr\/index.php\/wp-json\/wp\/v2\/media\/3016"}],"wp:attachment":[{"href":"https:\/\/www.solene-maroquinerie.fr\/index.php\/wp-json\/wp\/v2\/media?parent=1587"}],"wp:term":[{"taxonomy":"product_brand","embeddable":true,"href":"https:\/\/www.solene-maroquinerie.fr\/index.php\/wp-json\/wp\/v2\/product_brand?post=1587"},{"taxonomy":"product_cat","embeddable":true,"href":"https:\/\/www.solene-maroquinerie.fr\/index.php\/wp-json\/wp\/v2\/product_cat?post=1587"},{"taxonomy":"product_tag","embeddable":true,"href":"https:\/\/www.solene-maroquinerie.fr\/index.php\/wp-json\/wp\/v2\/product_tag?post=1587"}],"curies":[{"name":"wp","href":"https:\/\/api.w.org\/{rel}","templated":true}]}}