{"id":1590,"date":"2026-04-29T11:23:19","date_gmt":"2026-04-29T11:23:19","guid":{"rendered":"https:\/\/www.solene-maroquinerie.fr\/index.php\/produit\/sac-a-main-le-tanneur-juliette-5\/"},"modified":"2026-05-13T11:55:52","modified_gmt":"2026-05-13T11:55:52","slug":"sac-a-main-le-tanneur-juliette-5","status":"publish","type":"product","link":"https:\/\/www.solene-maroquinerie.fr\/index.php\/produit\/sac-a-main-le-tanneur-juliette-5\/","title":{"rendered":"SAC \u00c0 MAIN LE TANNEUR JULIETTE"},"content":{"rendered":"<p><strong>Caract\u00e9ristiques du PETIT SAC \u00c0 MAIN LE TANNEUR JULIETTE EN CUIR SUEDE EFFET DENIM<\/strong><\/p>\n<p>Petit sac \u00e0 main en cuir su\u00e8de effet denim avec charms T signature finition argent et marquage Le Tanneur ton sur ton.<\/p>\n<ul>\n<li>Port\u00e9 main, \u00e9paule ou crois\u00e9 gr\u00e2ce \u00e0 sa bandouli\u00e8re ajustable et amovible.<\/li>\n<li>\n<p><span>1 poche zipp\u00e9e. 1 poche plate avant et arri\u00e8re. Bandouli\u00e8re ajustable et amovible.<\/span><\/p>\n<\/li>\n<li>\n<p><span>Accessoires m\u00e9talliques finition argent.<\/span><\/p>\n<\/li>\n<\/ul>\n<p><strong>Dimensions<\/strong><\/p>\n<ul>\n<li>L 21 x H 18.5 x P 12 cm<\/li>\n<\/ul>\n<p><strong>Composition<\/strong><\/p>\n<p>Cuir de veau refente de cuir su\u00e8de effet denim. Doublure textile Le Bleu.<\/p>\n<ul>\n<li>\n<p><span>Le cuir su\u00e8de (ou daim), est un cuir \u00e9voquant sans distinction les cuirs nubuck et cuir velours. Le cuir nubuck est un cuir dont le c\u00f4t\u00e9 fleur a \u00e9t\u00e9 ponc\u00e9 pour un rendu doux et dense. Le cuir velours est un cuir dont le c\u00f4t\u00e9 chair a \u00e9t\u00e9 ponc\u00e9 pour gagner en souplesse et en douceur. Notre cuir su\u00e8de est un cuir nubuck dot\u00e9 d\u2019une teinte couleur \u00ab denim \u00bb, similaire \u00e0 celle des jeans denim.<\/span><\/p>\n<\/li>\n<li>\n<p><span><span>Les plus grandes maisons ont toutes leur signe distinctif. Chez Le Tanneur, il s\u2019agit d\u2019une \u00e9l\u00e9gante teinte bleut\u00e9e nomm\u00e9e : \u00ab Le Bleu \u00bb, couleur de la doublure dans la plupart de nos cr\u00e9ations. Taill\u00e9e dans un textile non salissant, soyeux et r\u00e9sistant, id\u00e9al pour une utilisation quotidienne.<\/span><br \/><\/span><\/p>\n<\/li>\n<\/ul>\n<p><strong>Informations livraisons<\/strong><\/p>\n<div>Les frais de livraisons sont offerts d\u00e8s 40\u20ac d&rsquo;achats<br \/>Livraison entre 3 et 5 jours<\/div>\n<div>Mode de paiement s\u00e9curis\u00e9s accept\u00e9s : CARTE BANCAIRE\u00a0 ou\u00a0 PAYPAL<br \/>R\u00e9ception des marchandises : A domicile ou Retrait \u00e0 notre magasin<br \/>Consulter nos<a href=\"https:\/\/www.solene-maroquinerie.fr\/conditions_generales_de_vente.html\" target=\"_self\" title=\"Nos CGV\">\u00a0conditions g\u00e9n\u00e9rales de ventes<\/a><\/div>\n","protected":false},"excerpt":{"rendered":"<p>Caract\u00e9ristiques du PETIT SAC \u00c0 MAIN LE TANNEUR JULIETTE EN CUIR SUEDE EFFET DENIM Petit sac \u00e0 main en cuir su\u00e8de effet denim avec charms T signature finition argent et marquage Le Tanneur ton sur ton. Port\u00e9 main, \u00e9paule ou crois\u00e9 gr\u00e2ce \u00e0 sa bandouli\u00e8re ajustable et amovible. 1 poche zipp\u00e9e. 1 poche plate avant [&hellip;]<\/p>\n","protected":false},"featured_media":3029,"template":"","meta":[],"product_brand":[48],"product_cat":[24,47],"product_tag":[],"class_list":{"0":"post-1590","1":"product","2":"type-product","3":"status-publish","4":"has-post-thumbnail","6":"product_brand-le-tanneur","7":"product_cat-divers","8":"product_cat-femme-le-tanneur","10":"first","11":"instock","12":"taxable","13":"shipping-taxable","14":"purchasable","15":"product-type-simple"},"_links":{"self":[{"href":"https:\/\/www.solene-maroquinerie.fr\/index.php\/wp-json\/wp\/v2\/product\/1590","targetHints":{"allow":["GET"]}}],"collection":[{"href":"https:\/\/www.solene-maroquinerie.fr\/index.php\/wp-json\/wp\/v2\/product"}],"about":[{"href":"https:\/\/www.solene-maroquinerie.fr\/index.php\/wp-json\/wp\/v2\/types\/product"}],"wp:featuredmedia":[{"embeddable":true,"href":"https:\/\/www.solene-maroquinerie.fr\/index.php\/wp-json\/wp\/v2\/media\/3029"}],"wp:attachment":[{"href":"https:\/\/www.solene-maroquinerie.fr\/index.php\/wp-json\/wp\/v2\/media?parent=1590"}],"wp:term":[{"taxonomy":"product_brand","embeddable":true,"href":"https:\/\/www.solene-maroquinerie.fr\/index.php\/wp-json\/wp\/v2\/product_brand?post=1590"},{"taxonomy":"product_cat","embeddable":true,"href":"https:\/\/www.solene-maroquinerie.fr\/index.php\/wp-json\/wp\/v2\/product_cat?post=1590"},{"taxonomy":"product_tag","embeddable":true,"href":"https:\/\/www.solene-maroquinerie.fr\/index.php\/wp-json\/wp\/v2\/product_tag?post=1590"}],"curies":[{"name":"wp","href":"https:\/\/api.w.org\/{rel}","templated":true}]}}