{"id":1594,"date":"2026-04-29T11:23:20","date_gmt":"2026-04-29T11:23:20","guid":{"rendered":"https:\/\/www.solene-maroquinerie.fr\/index.php\/produit\/lunchbag-cabaia-verona\/"},"modified":"2026-05-13T14:49:31","modified_gmt":"2026-05-13T14:49:31","slug":"lunchbag-cabaia-verona","status":"publish","type":"product","link":"https:\/\/www.solene-maroquinerie.fr\/index.php\/produit\/lunchbag-cabaia-verona\/","title":{"rendered":"LUNCHBAG CABAIA VERONA"},"content":{"rendered":"<div data-accordion-content=\"open\">\n<p><strong>Descriptif du SAC ISOTHERME CABAIA VERONA<\/strong><\/p>\n<div data-accordion-content=\"open\">\n<ul>\n<li>Garanti \u00e0 vie<\/li>\n<li>Ouverture grand angle<\/li>\n<li>Syst\u00e8me de fermeture \u00e9clair<\/li>\n<li>Deux poign\u00e9es pour plus de confort<\/li>\n<li>Couches isolantes et \u00e9tanches<\/li>\n<li>Garde votre repas au frais ou au chaud<\/li>\n<li>Syt\u00e8me MOLLE pour pochette avant personnalisable<\/li>\n<li>D\u00e9perlant<\/li>\n<li>Peut \u00eatre port\u00e9 en bandouli\u00e8re (vendue s\u00e9par\u00e9ment)<\/li>\n<\/ul>\n<p><em>Le sac isotherme est compatible avec les bandouli\u00e8res de nos sacs bandouli\u00e8res (vendues s\u00e9par\u00e9ment).<\/em><\/p>\n<p><em>Caract\u00e9ristique :\u00a0Isotherme jusqu&rsquo;\u00e0 3 heures<br \/><\/em><\/p>\n<div data-accordion-content=\"open\"><strong>Dimensions<\/strong>\u00a0(7,2L) :\u00a025cm x 12cm x 24cm<\/div>\n<\/p><\/div>\n<div>\n<p><strong>ENTRETIEN ET COMPOSITION<\/strong><\/p>\n<p> <span data-accordion-button-icon=\"open\"><\/span><\/div>\n<div data-accordion-content=\"open\">\n<p>Ne pas passer \u00e0 la machine, nettoyer d\u00e9licatement avec un linge humide et du savon.<\/p>\n<p><strong>Composition :<\/strong><br \/>Tissu exterieur principal: 100% Polyester recycl\u00e9\u00a0<br \/>Doublure interieure: 50% aluminium, 50% EVA<\/p>\n<p><strong>Informations livraisons<\/strong><br \/>Les frais de livraisons sont offerts d\u00e8s 40\u20ac d&rsquo;achats<br \/>Livraison entre 3 et 5 jours<br \/>Mode de paiement s\u00e9curis\u00e9s accept\u00e9s : CARTE BANCAIRE\u00a0 ou\u00a0 PAYPAL<br \/>R\u00e9ception des marchandises : A domicile ou Retrait \u00e0 notre magasin<br \/>Consulter nos<a href=\"http:\/\/www.solene-maroquinerie.fr\/conditions_generales_de_vente.html\" target=\"_self\" title=\"Nos CGV\">\u00a0conditions g\u00e9n\u00e9rales de ventes<\/a><\/p>\n<\/p><\/div>\n<p><strong><br \/><\/strong><\/p>\n<\/p><\/div>\n<div data-accordion-content=\"open\">\u00a0<\/div>\n","protected":false},"excerpt":{"rendered":"<p class=\"reference-commerciale\">R\u00e9f\u00e9rence commerciale : LUNCHBAG CABAIA VERONA<\/p>\n","protected":false},"featured_media":3043,"template":"","meta":[],"product_brand":[42],"product_cat":[24,88],"product_tag":[],"class_list":{"0":"post-1594","1":"product","2":"type-product","3":"status-publish","4":"has-post-thumbnail","6":"product_brand-cabaia","7":"product_cat-divers","8":"product_cat-lunchbag-cabaia","10":"first","11":"instock","12":"taxable","13":"shipping-taxable","14":"purchasable","15":"product-type-simple"},"_links":{"self":[{"href":"https:\/\/www.solene-maroquinerie.fr\/index.php\/wp-json\/wp\/v2\/product\/1594","targetHints":{"allow":["GET"]}}],"collection":[{"href":"https:\/\/www.solene-maroquinerie.fr\/index.php\/wp-json\/wp\/v2\/product"}],"about":[{"href":"https:\/\/www.solene-maroquinerie.fr\/index.php\/wp-json\/wp\/v2\/types\/product"}],"wp:featuredmedia":[{"embeddable":true,"href":"https:\/\/www.solene-maroquinerie.fr\/index.php\/wp-json\/wp\/v2\/media\/3043"}],"wp:attachment":[{"href":"https:\/\/www.solene-maroquinerie.fr\/index.php\/wp-json\/wp\/v2\/media?parent=1594"}],"wp:term":[{"taxonomy":"product_brand","embeddable":true,"href":"https:\/\/www.solene-maroquinerie.fr\/index.php\/wp-json\/wp\/v2\/product_brand?post=1594"},{"taxonomy":"product_cat","embeddable":true,"href":"https:\/\/www.solene-maroquinerie.fr\/index.php\/wp-json\/wp\/v2\/product_cat?post=1594"},{"taxonomy":"product_tag","embeddable":true,"href":"https:\/\/www.solene-maroquinerie.fr\/index.php\/wp-json\/wp\/v2\/product_tag?post=1594"}],"curies":[{"name":"wp","href":"https:\/\/api.w.org\/{rel}","templated":true}]}}